{"id":220423,"date":"2024-04-23T13:45:38","date_gmt":"2024-04-23T11:45:38","guid":{"rendered":"https:\/\/desdropi.com\/elparque\/?post_type=product&#038;p=220423"},"modified":"2024-05-17T13:04:20","modified_gmt":"2024-05-17T11:04:20","slug":"microfono-gaming-phoenix-streamcast-pro-u-usb","status":"publish","type":"product","link":"https:\/\/desdropi.com\/elparque\/microfono-gaming-phoenix-streamcast-pro-u-usb\/","title":{"rendered":"MICROFONO GAMING PHOENIX STREAMCAST PRO U USB"},"content":{"rendered":"<div class=\"descripcion-tab\">\n<div class=\"flex-1 overflow-hidden\">\n<div class=\"react-scroll-to-bottom--css-adloj-79elbk h-full\">\n<div class=\"react-scroll-to-bottom--css-adloj-1n7m0yu\">\n<div>\n<div class=\"flex flex-col text-sm pb-9\">\n<div class=\"w-full text-token-text-primary\" dir=\"auto\" data-testid=\"conversation-turn-101\">\n<div class=\"px-4 py-2 justify-center text-base md:gap-6 m-auto\">\n<div class=\"flex flex-1 text-base mx-auto gap-3 juice:gap-4 juice:md:gap-6 md:px-5 lg:px-1 xl:px-5 md:max-w-3xl lg:max-w-[40rem] xl:max-w-[48rem]\">\n<div class=\"relative flex w-full flex-col agent-turn\">\n<div class=\"flex-col gap-1 md:gap-3\">\n<div class=\"flex flex-grow flex-col max-w-full\">\n<div class=\"min-h-[20px] text-message flex flex-col items-start gap-3 whitespace-pre-wrap break-words [.text-message+&amp;]:mt-5 overflow-x-auto\" dir=\"auto\" data-message-author-role=\"assistant\" data-message-id=\"58a78187-bf9a-49fe-a1cd-1853fae65a94\">\n<div class=\"markdown prose w-full break-words dark:prose-invert light\">\n<ul>\n<li><strong>Nombre del Producto:<\/strong> PHSTREAMCAST-PROU<\/li>\n<li><strong>Marca:<\/strong> PHOENIX<\/li>\n<li><strong>Modelo:<\/strong> PHSTREAMCAST-PROU<\/li>\n<li><strong>EAN:<\/strong> 8436583235287<\/li>\n<\/ul>\n<p><strong>Puertos e Interfaces:<\/strong><\/p>\n<ul>\n<li>Tecnolog\u00eda de Conectividad: Al\u00e1mbrico<\/li>\n<li>Interfaz del Dispositivo: USB<\/li>\n<li>Salida de Auriculares: S\u00ed<\/li>\n<\/ul>\n<p><strong>Peso y Dimensiones:<\/strong><\/p>\n<ul>\n<li>No proporcionado.<\/li>\n<\/ul>\n<p><strong>Control de Energ\u00eda:<\/strong><\/p>\n<ul>\n<li>No proporcionado.<\/li>\n<\/ul>\n<p><strong>Empaquetado:<\/strong><\/p>\n<ul>\n<li>No proporcionado.<\/li>\n<\/ul>\n<p><strong>Micr\u00f3fono:<\/strong><\/p>\n<ul>\n<li>Tipo de Direcci\u00f3n de Micr\u00f3fono: Micr\u00f3fono Cardioide\/Omnidireccional<\/li>\n<li>Micr\u00f3fono Mudo: S\u00ed<\/li>\n<li>Frecuencia de Micr\u00f3fono: 20 &#8211; 20000 Hz<\/li>\n<li>Tipo: Micr\u00f3fono de Estudio<\/li>\n<li>Frecuencia de Muestreo: 16 bits, 48 kHz<\/li>\n<li>Sensibilidad de Micr\u00f3fono: 36 dB \u00b1 2 dB<\/li>\n<li>Impedancia de Salida del Micr\u00f3fono: 150 \u00b1 30% (a 1 kHz)<\/li>\n<\/ul>\n<p><strong>Contenido del Embalaje:<\/strong><\/p>\n<ul>\n<li>N\u00famero de Productos Incluidos: 1<\/li>\n<\/ul>\n<p><strong>Desempe\u00f1o:<\/strong><\/p>\n<ul>\n<li>Color del Producto: Negro<\/li>\n<li>Longitud del Cable: 1,8 m<\/li>\n<\/ul>\n<\/div>\n<\/div>\n<\/div>\n<div class=\"mt-1 flex gap-3 empty:hidden\">\n<div class=\"text-gray-400 flex self-end lg:self-center items-center justify-center lg:justify-start mt-0 -ml-1 h-7 gap-[2px] visible\">\n<p>&nbsp;<\/p>\n<div class=\"flex items-center gap-1.5 text-xs\"><\/div>\n<div class=\"flex\"><\/div>\n<\/div>\n<\/div>\n<div class=\"pr-2 lg:pr-0\"><\/div>\n<\/div>\n<div class=\"absolute\">\n<div class=\"flex w-full gap-2 items-center justify-center\"><\/div>\n<\/div>\n<\/div>\n<\/div>\n<\/div>\n<\/div>\n<\/div>\n<\/div>\n<\/div>\n<\/div>\n<\/div>\n<div class=\"w-full pt-2 md:pt-0 dark:border-white\/20 md:border-transparent md:dark:border-transparent md:w-[calc(100%-.5rem)]\">\n<form class=\"stretch mx-2 flex flex-row gap-3 last:mb-2 md:mx-4 md:last:mb-6 lg:mx-auto lg:max-w-2xl xl:max-w-3xl\">\n<div class=\"relative flex h-full flex-1 flex-col\">\n<div class=\"absolute bottom-full left-0 right-0\"><\/div>\n<div class=\"flex w-full items-center\"><\/div>\n<\/div>\n<\/form>\n<\/div>\n<\/div>\n","protected":false},"excerpt":{"rendered":"<p><span style=\"color: #ff0000;\"><strong>\u00a1ENV\u00cdO GRATIS!<\/strong><\/span><\/p>\n","protected":false},"featured_media":220431,"comment_status":"open","ping_status":"closed","template":"","meta":{"_joinchat":[]},"product_cat":[7026,6536],"product_tag":[],"class_list":{"0":"post-220423","1":"product","2":"type-product","3":"status-publish","4":"has-post-thumbnail","6":"product_cat-microfonos","7":"product_cat-informatica-y-ocio","9":"first","10":"instock","11":"sale","12":"taxable","13":"shipping-taxable","14":"purchasable","15":"product-type-simple"},"_links":{"self":[{"href":"https:\/\/desdropi.com\/elparque\/wp-json\/wp\/v2\/product\/220423"}],"collection":[{"href":"https:\/\/desdropi.com\/elparque\/wp-json\/wp\/v2\/product"}],"about":[{"href":"https:\/\/desdropi.com\/elparque\/wp-json\/wp\/v2\/types\/product"}],"replies":[{"embeddable":true,"href":"https:\/\/desdropi.com\/elparque\/wp-json\/wp\/v2\/comments?post=220423"}],"version-history":[{"count":0,"href":"https:\/\/desdropi.com\/elparque\/wp-json\/wp\/v2\/product\/220423\/revisions"}],"wp:featuredmedia":[{"embeddable":true,"href":"https:\/\/desdropi.com\/elparque\/wp-json\/wp\/v2\/media\/220431"}],"wp:attachment":[{"href":"https:\/\/desdropi.com\/elparque\/wp-json\/wp\/v2\/media?parent=220423"}],"wp:term":[{"taxonomy":"product_cat","embeddable":true,"href":"https:\/\/desdropi.com\/elparque\/wp-json\/wp\/v2\/product_cat?post=220423"},{"taxonomy":"product_tag","embeddable":true,"href":"https:\/\/desdropi.com\/elparque\/wp-json\/wp\/v2\/product_tag?post=220423"}],"curies":[{"name":"wp","href":"https:\/\/api.w.org\/{rel}","templated":true}]}}