{"id":220450,"date":"2024-04-23T13:55:46","date_gmt":"2024-04-23T11:55:46","guid":{"rendered":"https:\/\/desdropi.com\/elparque\/?post_type=product&#038;p=220450"},"modified":"2024-05-17T13:04:21","modified_gmt":"2024-05-17T11:04:21","slug":"router-tp-link-tl-mr6400-4g-lte-n300-wireless-sim","status":"publish","type":"product","link":"https:\/\/desdropi.com\/elparque\/router-tp-link-tl-mr6400-4g-lte-n300-wireless-sim\/","title":{"rendered":"ROUTER TP LINK TL MR6400 4G LTE N300 WIRELESS SIM"},"content":{"rendered":"<div class=\"descripcion-tab\">\n<strong>Nombre del Producto:<\/strong> TP-LINK TL-MR6400<\/p>\n<p><strong>Detalles T\u00e9cnicos:<\/strong><\/p>\n<ul>\n<li>Marca: TP-LINK<\/li>\n<li>Modelo: TL-MR6400<\/li>\n<li>EAN: 6935364086848<\/li>\n<li>Certificaci\u00f3n: CE, FCC, RoHS<\/li>\n<\/ul>\n<p><strong>Requisitos del Sistema:<\/strong><\/p>\n<ul>\n<li>Sistema Operativo Windows Soportado: Windows 10, Windows 7, Windows 8, Windows 8.1, Windows 98SE, Windows NT, Windows Vista, Windows XP<\/li>\n<li>Sistema Operativo MAC Soportado: macOS<\/li>\n<li>Sistema Operativo Linux Soportado: S\u00ed<\/li>\n<\/ul>\n<p><strong>Puertos e Interfaces:<\/strong><\/p>\n<ul>\n<li>Ethernet LAN (RJ-45) Cantidad de Puertos: 4<\/li>\n<li>Enchufe de Entrada de CC: S\u00ed<\/li>\n<li>Puerto USB: No<\/li>\n<li>Ranura(s) para Tarjetas de Memoria: No<\/li>\n<\/ul>\n<p><strong>Peso y Dimensiones:<\/strong><\/p>\n<ul>\n<li>Ancho: 202 mm<\/li>\n<li>Profundidad: 141 mm<\/li>\n<li>Altura: 33,5 mm<\/li>\n<\/ul>\n<p><strong>Control de Energ\u00eda:<\/strong><\/p>\n<ul>\n<li>Voltaje de Salida: 12 V<\/li>\n<li>Corriente de Salida: 1 A<\/li>\n<li>Alimentaci\u00f3n: CC<\/li>\n<\/ul>\n<p><strong>Condiciones Ambientales:<\/strong><\/p>\n<ul>\n<li>Intervalo de Temperatura Operativa: 0 &#8211; 40\u00b0C<\/li>\n<li>Intervalo de Temperatura de Almacenaje: -40 &#8211; 70\u00b0C<\/li>\n<li>Intervalo de Humedad Relativa para Funcionamiento: 10 &#8211; 90%<\/li>\n<li>Intervalo de Humedad Relativa durante Almacenaje: 5 &#8211; 90%<\/li>\n<\/ul>\n<p><strong>Protocolos:<\/strong><\/p>\n<ul>\n<li>DHCP, Cliente: S\u00ed<\/li>\n<li>DHCP, Servidor: S\u00ed<\/li>\n<li>Conectar y Usar Universal (UPnP, Universal Plug and Play): S\u00ed<\/li>\n<li>Protocolos de Red Compatibles: IPv4, IPv6<\/li>\n<\/ul>\n<p><strong>Empaquetado:<\/strong><\/p>\n<ul>\n<li>Profundidad del Paquete: 223 mm<\/li>\n<li>Altura del Paquete: 70 mm<\/li>\n<li>Peso del Paquete: 600 g<\/li>\n<li>Ancho del Paquete: 307 mm<\/li>\n<\/ul>\n<p><strong>Seguridad:<\/strong><\/p>\n<ul>\n<li>Algoritmos de Seguridad Soportados: 64-bit WEP, 128-bit WEP, WPA, WPA-PSK, WPA2, WPA2-PSK<\/li>\n<li>Soporte DMZ: S\u00ed<\/li>\n<li>Prevenci\u00f3n de Ataques DoS: S\u00ed<\/li>\n<li>Cortafuegos: S\u00ed<\/li>\n<li>Cortafuegos Stateful: S\u00ed<\/li>\n<li>Acceso de Invitados: S\u00ed<\/li>\n<li>Lista de Control de Acceso (ACL): S\u00ed<\/li>\n<li>Control Parental: S\u00ed<\/li>\n<li>Traducci\u00f3n de Direcciones de Red (NAT): S\u00ed<\/li>\n<\/ul>\n<p><strong>Contenido del Embalaje:<\/strong><\/p>\n<ul>\n<li>Adaptador AC Incluido: S\u00ed<\/li>\n<li>Cables Incluidos: LAN (RJ-45)<\/li>\n<li>Gu\u00eda de Configuraci\u00f3n R\u00e1pida: S\u00ed<\/li>\n<\/ul>\n<p><strong>Antena:<\/strong><\/p>\n<ul>\n<li>Cantidad de Antenas: 4<\/li>\n<li>Dise\u00f1o de la Antena: Interno y Externo<\/li>\n<li>Antena Desmontable(s): S\u00ed<\/li>\n<\/ul>\n<p><strong>Otras Caracter\u00edsticas:<\/strong><\/p>\n<ul>\n<li>WLAN Velocidad de Transferencia de Datos, Soportada: 11, 54, 300 Mbps<\/li>\n<li>Frecuencia de Banda: 2.4 GHz<\/li>\n<li>Soporte Tipo WAN: RJ-45 SIM<\/li>\n<li>Montaje en Rack: S\u00ed<\/li>\n<li>Ancho de Banda (Primera): 2.4 GHz<\/li>\n<li>Conexi\u00f3n xDSL: No<\/li>\n<li>Conexi\u00f3n a Red M\u00f3vil: S\u00ed<\/li>\n<\/ul>\n<p><strong>Caracter\u00edsticas de LAN Inal\u00e1mbrico:<\/strong><\/p>\n<ul>\n<li>Wi-Fi Est\u00e1ndares: 802.11b, 802.11g, Wi-Fi 4 (802.11n)<\/li>\n<li>Banda Wi-Fi: Banda \u00danica (2.4 GHz)<\/li>\n<li>Est\u00e1ndar Wi-Fi: Wi-Fi 4 (802.11n)<\/li>\n<li>Tasa de Transferencia de Datos WLAN (M\u00e1x.): 300 Mbps<\/li>\n<\/ul>\n<p><strong>Caracter\u00edsticas de Administraci\u00f3n:<\/strong><\/p>\n<ul>\n<li>Bot\u00f3n de Restaurar: S\u00ed<\/li>\n<li>Soporte de Calidad de Servicio (QoS): S\u00ed<\/li>\n<li>Administraci\u00f3n Basada en Web: S\u00ed<\/li>\n<li>Wi-Fi Multimedia (WMM)\/(WME): S\u00ed<\/li>\n<li>Seguridad por Pulsador WPS: S\u00ed<\/li>\n<\/ul>\n<p><strong>Dise\u00f1o:<\/strong><\/p>\n<ul>\n<li>Interruptor de Encendido\/Apagado Integrado: S\u00ed<\/li>\n<li>Color del Producto: Negro<\/li>\n<li>Indicadores LED: S\u00ed<\/li>\n<li>Tipo de Producto: Router de Sobremesa<\/li>\n<li>Luz de Indicaci\u00f3n: S\u00ed<\/li>\n<\/ul>\n<p><strong>Redes M\u00f3viles:<\/strong><\/p>\n<ul>\n<li>Bandas GSM Soportadas: 850, 900, 1800, 1900<\/li>\n<li>Bandas UMTS Soportadas: 900, 2100<\/li>\n<li>Admite Bandas 4G: 800, 900, 1800, 1900<\/li>\n<li>4G: S\u00ed<\/li>\n<li>3G: S\u00ed<\/li>\n<li>Est\u00e1ndares 2G: Edge, GPRS, GSM<\/li>\n<li>Est\u00e1ndares 3G: HSPA+, UMTS<\/li>\n<li>Est\u00e1ndar 4G: LTE<\/li>\n<li>Generaci\u00f3n de Red M\u00f3vil: 4G<\/li>\n<\/ul>\n<p><strong>Datos Log\u00edsticos:<\/strong><\/p>\n<ul>\n<li>C\u00f3digo de Sistema de Armonizaci\u00f3n (SA): 85176990<\/li>\n<\/ul>\n<p><strong>Conexi\u00f3n WAN:<\/strong><\/p>\n<ul>\n<li>Ethernet WAN: S\u00ed<\/li>\n<li>Ranura para Tarjeta SIM: S\u00ed<\/li>\n<li>DSL WAN: No<\/li>\n<li>Compatible con M\u00f3dem USB 3G \/ 4G: No<\/li>\n<li>Tipo de Conexi\u00f3n WAN: RJ-45<\/li>\n<\/ul>\n<p><strong>Conexi\u00f3n:<\/strong><\/p>\n<ul>\n<li>Ethernet: S\u00ed<\/li>\n<li>Tecnolog\u00eda de Cableado: 10\/100Base-T(X)<\/li>\n<li>Ethernet LAN, Velocidad de Transferencia de Datos: 10\/100 Mbps<\/li>\n<li>Est\u00e1ndares de Red: IEEE 802.11b, IEEE 802.11g, IEEE 802.11n, IEEE 802.3, IEEE 802.3u<\/li>\n<li>Reenv\u00edo de Puertos: S\u00ed<\/li>\n<li>Soporte VPN: PPTP, L2TP, IPSec<\/li>\n<li>Tipo de Interfaz Ethernet LAN: Ethernet R\u00e1pido<\/li>\n<li>DNS Din\u00e1mico: S\u00ed<\/li>\n<li>Port Triggering (Desencadenamiento o Lanzamiento de Puertos): S\u00ed<\/li>\n<li>Traspase VPN: S\u00ed<\/li>\n<li>N\u00famero de Redes de Invitados (2.4 GHz): 1<\/li>\n<\/ul>\n<\/div>\n","protected":false},"excerpt":{"rendered":"<p>Nombre del Producto: TP-LINK TL-MR6400 Detalles T\u00e9cnicos: Marca: TP-LINK Modelo: TL-MR6400 EAN: 6935364086848 Certificaci\u00f3n: CE, FCC, RoHS Requisitos del Sistema:<\/p>\n","protected":false},"featured_media":220454,"comment_status":"open","ping_status":"closed","template":"","meta":{"_joinchat":[]},"product_cat":[6536,7153,795],"product_tag":[],"class_list":{"0":"post-220450","1":"product","2":"type-product","3":"status-publish","4":"has-post-thumbnail","6":"product_cat-informatica-y-ocio","7":"product_cat-routers","8":"product_cat-electronica","10":"first","11":"instock","12":"sale","13":"taxable","14":"shipping-taxable","15":"purchasable","16":"product-type-simple"},"_links":{"self":[{"href":"https:\/\/desdropi.com\/elparque\/wp-json\/wp\/v2\/product\/220450"}],"collection":[{"href":"https:\/\/desdropi.com\/elparque\/wp-json\/wp\/v2\/product"}],"about":[{"href":"https:\/\/desdropi.com\/elparque\/wp-json\/wp\/v2\/types\/product"}],"replies":[{"embeddable":true,"href":"https:\/\/desdropi.com\/elparque\/wp-json\/wp\/v2\/comments?post=220450"}],"version-history":[{"count":0,"href":"https:\/\/desdropi.com\/elparque\/wp-json\/wp\/v2\/product\/220450\/revisions"}],"wp:featuredmedia":[{"embeddable":true,"href":"https:\/\/desdropi.com\/elparque\/wp-json\/wp\/v2\/media\/220454"}],"wp:attachment":[{"href":"https:\/\/desdropi.com\/elparque\/wp-json\/wp\/v2\/media?parent=220450"}],"wp:term":[{"taxonomy":"product_cat","embeddable":true,"href":"https:\/\/desdropi.com\/elparque\/wp-json\/wp\/v2\/product_cat?post=220450"},{"taxonomy":"product_tag","embeddable":true,"href":"https:\/\/desdropi.com\/elparque\/wp-json\/wp\/v2\/product_tag?post=220450"}],"curies":[{"name":"wp","href":"https:\/\/api.w.org\/{rel}","templated":true}]}}