{"id":220462,"date":"2024-04-23T13:59:36","date_gmt":"2024-04-23T11:59:36","guid":{"rendered":"https:\/\/desdropi.com\/elparque\/?post_type=product&#038;p=220462"},"modified":"2024-05-17T13:04:21","modified_gmt":"2024-05-17T11:04:21","slug":"adaptador-usb-tp-link-tl-wn823n-wl-mini-300mbps","status":"publish","type":"product","link":"https:\/\/desdropi.com\/elparque\/adaptador-usb-tp-link-tl-wn823n-wl-mini-300mbps\/","title":{"rendered":"ADAPTADOR USB TP LINK TL-WN823N WL MINI 300MBPS"},"content":{"rendered":"<div class=\"descripcion-tab\">\n<strong>Nombre del Producto:<\/strong> TP-LINK TL-WN823N<\/p>\n<p><strong>Detalles T\u00e9cnicos:<\/strong><\/p>\n<ul>\n<li><strong>Marca:<\/strong> TP-LINK<\/li>\n<li><strong>Modelo:<\/strong> TL-WN823N<\/li>\n<li><strong>EAN:<\/strong> 6935364050696<\/li>\n<li><strong>Certificaci\u00f3n:<\/strong> CE, FCC, IC, RoHS<\/li>\n<\/ul>\n<p><strong>Requisitos del Sistema:<\/strong><\/p>\n<ul>\n<li>Sistema Operativo Windows Soportado: S\u00ed<\/li>\n<li>Sistemas Operativos Compatibles: Windows XP (32\/64-bit), Windows Vista (32\/64-bit), Windows 7 (32\/64-bit)<\/li>\n<\/ul>\n<p><strong>Puertos e Interfaces:<\/strong><\/p>\n<ul>\n<li>Tecnolog\u00eda de Conectividad: Inal\u00e1mbrico<\/li>\n<li>Interfaz de Host: USB<\/li>\n<li>Interfaz: WLAN<\/li>\n<\/ul>\n<p><strong>Peso y Dimensiones:<\/strong><\/p>\n<ul>\n<li>Ancho: 39 mm<\/li>\n<li>Profundidad: 18,3 mm<\/li>\n<li>Altura: 7,9 mm<\/li>\n<\/ul>\n<p><strong>Control de Energ\u00eda:<\/strong><\/p>\n<ul>\n<li>USB con Suministro de Corriente: S\u00ed<\/li>\n<\/ul>\n<p><strong>Condiciones Ambientales:<\/strong><\/p>\n<ul>\n<li>Intervalo de Temperatura Operativa: 0 &#8211; 40\u00b0C<\/li>\n<li>Intervalo de Temperatura de Almacenaje: -40 &#8211; 70\u00b0C<\/li>\n<li>Intervalo de Humedad Relativa para Funcionamiento: 10 &#8211; 90%<\/li>\n<li>Intervalo de Humedad Relativa durante Almacenaje: 5 &#8211; 90%<\/li>\n<\/ul>\n<p><strong>Empaquetado:<\/strong><\/p>\n<ul>\n<li>Profundidad del Paquete: 128 mm<\/li>\n<li>Peso del Paquete: 80 g<\/li>\n<li>Ancho del Paquete: 138 mm<\/li>\n<li>Altura del Paquete: 30 mm<\/li>\n<\/ul>\n<p><strong>Contenido del Embalaje:<\/strong><\/p>\n<ul>\n<li>Manual de Usuario: S\u00ed<\/li>\n<li>Gu\u00eda de Configuraci\u00f3n R\u00e1pida: S\u00ed<\/li>\n<\/ul>\n<p><strong>Otras Caracter\u00edsticas:<\/strong><\/p>\n<ul>\n<li>Tasas de Transferencia Soportadas: 11, 54, 300 Mbps<\/li>\n<\/ul>\n<p><strong>Dise\u00f1o:<\/strong><\/p>\n<ul>\n<li>Interno: No<\/li>\n<li>Receptor de Sensibilidad:\n<ul>\n<li>300M: -65dBm@10% PER<\/li>\n<li>270M: -65dBm@10% PER<\/li>\n<li>130M: -68dBm@10% PER<\/li>\n<li>108M: -68dBm@10% PER<\/li>\n<li>54M: -72dBm@10% PER<\/li>\n<li>11M: -85dBm@8% PER<\/li>\n<li>6M: -87dBm@10% PER<\/li>\n<li>1M: -93dBm@8% PER<\/li>\n<\/ul>\n<\/li>\n<li>Color del Producto: Negro<\/li>\n<li>Componente para: PC\/Ordenador Port\u00e1til<\/li>\n<li>Indicadores LED: Estado<\/li>\n<\/ul>\n<p><strong>Conexi\u00f3n:<\/strong><\/p>\n<ul>\n<li>Rango M\u00e1ximo de Transferencia de Datos: 300 Mbps<\/li>\n<li>Est\u00e1ndares de Red: IEEE 802.11b, IEEE 802.11g, IEEE 802.11n<\/li>\n<li>Modulaci\u00f3n: 16-QAM, 64-QAM, CCK, DBPSK, DQPSK, OFDM<\/li>\n<li>Alcance de Frecuencia: 2,4 &#8211; 2,4835 GHz<\/li>\n<li>Wifi: S\u00ed<\/li>\n<li>Wi-Fi Est\u00e1ndares: 802.11b, 802.11g, Wi-Fi 4 (802.11n)<\/li>\n<li>WLAN Velocidad de Transferencia de Datos, Soportada: 11, 54, 300 Mbps<\/li>\n<li>Conexi\u00f3n de Redes: S\u00ed<\/li>\n<li>Algoritmos de Seguridad Soportados: 64-bit WEP, 128-bit WEP, WPA, WPA-PSK, WPA2, WPA2-PSK<\/li>\n<li>Est\u00e1ndar Wi-Fi: Wi-Fi 4 (802.11n)<\/li>\n<li>Banda Wi-Fi: Banda \u00danica (2,4 GHz)<\/li>\n<\/ul>\n<\/div>\n","protected":false},"excerpt":{"rendered":"<p>Nombre del Producto: TP-LINK TL-WN823N Detalles T\u00e9cnicos: Marca: TP-LINK Modelo: TL-WN823N EAN: 6935364050696 Certificaci\u00f3n: CE, FCC, IC, RoHS Requisitos del<\/p>\n","protected":false},"featured_media":220464,"comment_status":"open","ping_status":"closed","template":"","meta":{"_joinchat":[]},"product_cat":[7169,6536],"product_tag":[],"class_list":{"0":"post-220462","1":"product","2":"type-product","3":"status-publish","4":"has-post-thumbnail","6":"product_cat-adaptadores","7":"product_cat-informatica-y-ocio","9":"first","10":"instock","11":"sale","12":"taxable","13":"shipping-taxable","14":"purchasable","15":"product-type-simple"},"_links":{"self":[{"href":"https:\/\/desdropi.com\/elparque\/wp-json\/wp\/v2\/product\/220462"}],"collection":[{"href":"https:\/\/desdropi.com\/elparque\/wp-json\/wp\/v2\/product"}],"about":[{"href":"https:\/\/desdropi.com\/elparque\/wp-json\/wp\/v2\/types\/product"}],"replies":[{"embeddable":true,"href":"https:\/\/desdropi.com\/elparque\/wp-json\/wp\/v2\/comments?post=220462"}],"version-history":[{"count":0,"href":"https:\/\/desdropi.com\/elparque\/wp-json\/wp\/v2\/product\/220462\/revisions"}],"wp:featuredmedia":[{"embeddable":true,"href":"https:\/\/desdropi.com\/elparque\/wp-json\/wp\/v2\/media\/220464"}],"wp:attachment":[{"href":"https:\/\/desdropi.com\/elparque\/wp-json\/wp\/v2\/media?parent=220462"}],"wp:term":[{"taxonomy":"product_cat","embeddable":true,"href":"https:\/\/desdropi.com\/elparque\/wp-json\/wp\/v2\/product_cat?post=220462"},{"taxonomy":"product_tag","embeddable":true,"href":"https:\/\/desdropi.com\/elparque\/wp-json\/wp\/v2\/product_tag?post=220462"}],"curies":[{"name":"wp","href":"https:\/\/api.w.org\/{rel}","templated":true}]}}