{"id":220463,"date":"2024-04-23T14:00:11","date_gmt":"2024-04-23T12:00:11","guid":{"rendered":"https:\/\/desdropi.com\/elparque\/?post_type=product&#038;p=220463"},"modified":"2024-05-17T13:04:21","modified_gmt":"2024-05-17T11:04:21","slug":"impr-portatil-canon-selphy-square-qx10-black","status":"publish","type":"product","link":"https:\/\/desdropi.com\/elparque\/impr-portatil-canon-selphy-square-qx10-black\/","title":{"rendered":"IMPR. PORTATIL CANON SELPHY SQUARE QX10 BLACK"},"content":{"rendered":"<div class=\"descripcion-tab\">\n<ul>\n<li><strong>Nombre del Producto:<\/strong> 4107C003<\/li>\n<li><strong>Marca:<\/strong> CANON<\/li>\n<li><strong>Modelo:<\/strong> 4107C003<\/li>\n<li><strong>EAN:<\/strong> 4549292157970<\/li>\n<\/ul>\n<p><strong>Requisitos del Sistema:<\/strong><\/p>\n<ul>\n<li>Otros Sistemas Operativos Soportados: Android, iOS<\/li>\n<\/ul>\n<p><strong>Puertos e Interfaces:<\/strong><\/p>\n<ul>\n<li>Puerto USB: S\u00ed<\/li>\n<li>Conector USB: MicroUSB tipo B<\/li>\n<\/ul>\n<p><strong>Peso y Dimensiones:<\/strong><\/p>\n<ul>\n<li>Ancho: 102,2 mm<\/li>\n<li>Profundidad: 143,3 mm<\/li>\n<li>Altura: 31 mm<\/li>\n<li>Peso: 445 g<\/li>\n<\/ul>\n<p><strong>Velocidad de la Impresi\u00f3n:<\/strong><\/p>\n<ul>\n<li>Tecnolog\u00eda de Impresi\u00f3n: Pintar por Sublimaci\u00f3n<\/li>\n<li>Impresi\u00f3n sin Bordess: S\u00ed<\/li>\n<li>Resoluci\u00f3n M\u00e1xima: 287 x 287 ppp<\/li>\n<li>Tiempo hasta Primera P\u00e1gina (color, normal): 43 segundos<\/li>\n<\/ul>\n<p><strong>Control de Energ\u00eda:<\/strong><\/p>\n<ul>\n<li>Fuente de Energ\u00eda: Bater\u00eda<\/li>\n<li>Consumo de Energ\u00eda (imprimiendo): 62 W<\/li>\n<li>Consumo de Energ\u00eda (inactivo): 3 W<\/li>\n<\/ul>\n<p><strong>Condiciones Ambientales:<\/strong><\/p>\n<ul>\n<li>Intervalo de Temperatura Operativa: 5\u00b0C &#8211; 40\u00b0C<\/li>\n<li>Intervalo de Humedad Relativa para Funcionamiento: 20% &#8211; 80%<\/li>\n<\/ul>\n<p><strong>Detalles T\u00e9cnicos:<\/strong><\/p>\n<ul>\n<li>C\u00f3digo de Sistema de Armonizaci\u00f3n (SA): 84433210<\/li>\n<\/ul>\n<p><strong>Direcci\u00f3n de Papel:<\/strong><\/p>\n<ul>\n<li>Tipos de Papel: Papel Fotogr\u00e1fico<\/li>\n<li>Pegatina de Foto: S\u00ed<\/li>\n<\/ul>\n<p><strong>Caracter\u00edsticas:<\/strong><\/p>\n<ul>\n<li>Posicionamiento de Mercado: Hogar y Oficina<\/li>\n<li>Color del Producto: Negro<\/li>\n<li>Colores de Impresi\u00f3n: Cian, Magenta, Amarillo<\/li>\n<li>Profundidad de Color: 24 bits<\/li>\n<li>Pantalla Incorporada: No<\/li>\n<\/ul>\n<p><strong>Conexi\u00f3n:<\/strong><\/p>\n<ul>\n<li>Wifi: S\u00ed<\/li>\n<li>Ethernet: No<\/li>\n<li>Bluetooth: No<\/li>\n<\/ul>\n<p><strong>Capacidad de Entrada y Salida:<\/strong><\/p>\n<ul>\n<li>Capacidad de Entrada Total: 20 hojas<\/li>\n<\/ul>\n<\/div>\n","protected":false},"excerpt":{"rendered":"<p><span style=\"color: #ff0000;\"><strong>\u00a1ENV\u00cdO GRATIS!<\/strong><\/span><\/p>\n","protected":false},"featured_media":220469,"comment_status":"open","ping_status":"closed","template":"","meta":{"_joinchat":[]},"product_cat":[6536,7091],"product_tag":[],"class_list":{"0":"post-220463","1":"product","2":"type-product","3":"status-publish","4":"has-post-thumbnail","6":"product_cat-informatica-y-ocio","7":"product_cat-impresoras","9":"first","10":"instock","11":"sale","12":"taxable","13":"shipping-taxable","14":"purchasable","15":"product-type-simple"},"_links":{"self":[{"href":"https:\/\/desdropi.com\/elparque\/wp-json\/wp\/v2\/product\/220463"}],"collection":[{"href":"https:\/\/desdropi.com\/elparque\/wp-json\/wp\/v2\/product"}],"about":[{"href":"https:\/\/desdropi.com\/elparque\/wp-json\/wp\/v2\/types\/product"}],"replies":[{"embeddable":true,"href":"https:\/\/desdropi.com\/elparque\/wp-json\/wp\/v2\/comments?post=220463"}],"version-history":[{"count":0,"href":"https:\/\/desdropi.com\/elparque\/wp-json\/wp\/v2\/product\/220463\/revisions"}],"wp:featuredmedia":[{"embeddable":true,"href":"https:\/\/desdropi.com\/elparque\/wp-json\/wp\/v2\/media\/220469"}],"wp:attachment":[{"href":"https:\/\/desdropi.com\/elparque\/wp-json\/wp\/v2\/media?parent=220463"}],"wp:term":[{"taxonomy":"product_cat","embeddable":true,"href":"https:\/\/desdropi.com\/elparque\/wp-json\/wp\/v2\/product_cat?post=220463"},{"taxonomy":"product_tag","embeddable":true,"href":"https:\/\/desdropi.com\/elparque\/wp-json\/wp\/v2\/product_tag?post=220463"}],"curies":[{"name":"wp","href":"https:\/\/api.w.org\/{rel}","templated":true}]}}