{"id":220508,"date":"2024-04-23T19:17:59","date_gmt":"2024-04-23T17:17:59","guid":{"rendered":"https:\/\/desdropi.com\/elparque\/?post_type=product&#038;p=220508"},"modified":"2024-05-17T13:04:23","modified_gmt":"2024-05-17T11:04:23","slug":"impresora-laser-monocromo-hp-laserjet-sfp-m110w","status":"publish","type":"product","link":"https:\/\/desdropi.com\/elparque\/impresora-laser-monocromo-hp-laserjet-sfp-m110w\/","title":{"rendered":"IMPRESORA LASER MONOCROMO HP LASERJET SFP M110W"},"content":{"rendered":"<div class=\"descripcion-tab\">\n<div class=\"w-full text-token-text-primary\" dir=\"auto\" data-testid=\"conversation-turn-111\">\n<div class=\"px-4 py-2 justify-center text-base md:gap-6 m-auto\">\n<div class=\"flex flex-1 text-base mx-auto gap-3 juice:gap-4 juice:md:gap-6 md:px-5 lg:px-1 xl:px-5 md:max-w-3xl lg:max-w-[40rem] xl:max-w-[48rem]\">\n<div class=\"relative flex w-full flex-col agent-turn\">\n<div class=\"flex-col gap-1 md:gap-3\">\n<div class=\"flex flex-grow flex-col max-w-full\">\n<div class=\"min-h-[20px] text-message flex flex-col items-start gap-3 whitespace-pre-wrap break-words [.text-message+&amp;]:mt-5 overflow-x-auto\" dir=\"auto\" data-message-author-role=\"assistant\" data-message-id=\"2416f153-2ad9-43cf-9136-fa78d79cefe4\">\n<div class=\"markdown prose w-full break-words dark:prose-invert light\">\n<ul>\n<li><strong>Nombre del Producto:<\/strong> HP 7MD66F<\/li>\n<li><strong>Marca:<\/strong> HP<\/li>\n<li><strong>Modelo:<\/strong> 7MD66F<\/li>\n<li><strong>EAN:<\/strong> 194850676970<\/li>\n<\/ul>\n<p><strong>Requisitos del Sistema:<\/strong><\/p>\n<ul>\n<li>Sistema Operativo Windows Soportado: Windows 11, Windows 10<\/li>\n<li>Sistema Operativo macOS Soportado: Mac OS X 11.0 Big Sur, Mac OS X 10.15 Catalina<\/li>\n<li>Otros Sistemas Operativos Soportados: Linux<\/li>\n<\/ul>\n<p><strong>Puertos e Interfaces:<\/strong><\/p>\n<ul>\n<li>Puerto USB: S\u00ed<\/li>\n<li>Cantidad de Puertos USB 2.0: 1<\/li>\n<li>Impresi\u00f3n Directa: S\u00ed<\/li>\n<\/ul>\n<p><strong>Peso y Dimensiones:<\/strong><\/p>\n<ul>\n<li>Profundidad: 189 mm<\/li>\n<li>Ancho: 346 mm<\/li>\n<li>Altura: 159 mm<\/li>\n<li>Peso: 3,8 kg<\/li>\n<\/ul>\n<p><strong>Velocidad de la Impresi\u00f3n:<\/strong><\/p>\n<ul>\n<li>Velocidad de Impresi\u00f3n (Negro, Calidad Normal, A4\/US Carta): 20 ppm<\/li>\n<li>Resoluci\u00f3n M\u00e1xima: 600 x 600 ppp<\/li>\n<li>M\u00e1rgenes de Impresi\u00f3n: 2 mm<\/li>\n<li>Tiempo de Calentamiento: 20 segundos<\/li>\n<li>Tecnolog\u00eda de Impresi\u00f3n: L\u00e1ser<\/li>\n<li>Color: No<\/li>\n<li>Impresi\u00f3n D\u00faplex: No<\/li>\n<li>Resoluci\u00f3n de Impresi\u00f3n en Blanco y Negro: 600 x 600 ppp<\/li>\n<li>Impresi\u00f3n Segura: S\u00ed<\/li>\n<li>Tiempo hasta Primera P\u00e1gina (Negro, Normal): 8,5 segundos<\/li>\n<\/ul>\n<p><strong>Control de Energ\u00eda:<\/strong><\/p>\n<ul>\n<li>Consumo de Energ\u00eda (Imprimiendo): 361 W<\/li>\n<li>Consumo de Energ\u00eda (Preparado): 3,2 W<\/li>\n<li>Consumo de Energ\u00eda (Apagado): 0,05 W<\/li>\n<li>Voltaje de Entrada AC: 110 &#8211; 240 V<\/li>\n<li>Frecuencia de Entrada AC: 50\/60 Hz<\/li>\n<li>Consumo de Energ\u00eda (Ahorro): 0,05 W<\/li>\n<li>Enery Star Consumo Electrico T\u00edpico (TEC): 0,256 kWh\/week<\/li>\n<\/ul>\n<p><strong>Condiciones Ambientales:<\/strong><\/p>\n<ul>\n<li>Intervalo de Temperatura Operativa: 15\u00b0C &#8211; 32,5\u00b0C<\/li>\n<li>Intervalo de Humedad Relativa para Funcionamiento: 10% &#8211; 80%<\/li>\n<li>Intervalo de Temperatura de Almacenaje: -20\u00b0C &#8211; 60\u00b0C<\/li>\n<\/ul>\n<p><strong>Detalles T\u00e9cnicos:<\/strong><\/p>\n<ul>\n<li>N\u00famero de Cartones por Capa: 15<\/li>\n<\/ul>\n<p><strong>Direcci\u00f3n de Papel:<\/strong><\/p>\n<ul>\n<li>Tama\u00f1o M\u00e1ximo de Papel ISO A-series: A4<\/li>\n<li>ISO Tama\u00f1o de Serie A (A0&#8230;A9): A4, A5, A6<\/li>\n<li>Tama\u00f1o de Sobres: C5, DL<\/li>\n<li>Tipos de Papel: Sobres, Etiquetas, Papel Normal, Postal<\/li>\n<li>Tama\u00f1o de Impresora No-ISO: Legal, Carta<\/li>\n<li>ISO Tama\u00f1o de Serie C (C0&#8230;C9): C5<\/li>\n<li>Formato a Medida, Largo: 148 &#8211; 355,6 mm<\/li>\n<li>Formato a Medida, Ancho: 105 &#8211; 216 mm<\/li>\n<li>Peso del Papel: 65 &#8211; 120 g\/m\u00b2<\/li>\n<\/ul>\n<p><strong>Empaquetado:<\/strong><\/p>\n<ul>\n<li>Profundidad del Paquete: 198 mm<\/li>\n<li>Altura del Paquete: 222 mm<\/li>\n<li>Peso del Paquete: 4,8 kg<\/li>\n<li>Ancho del Paquete: 378 mm<\/li>\n<\/ul>\n<p><strong>Contenido del Embalaje:<\/strong><\/p>\n<ul>\n<li>Cartucho(s) Incluido(s): S\u00ed<\/li>\n<li>Capacidad de Cartucho Incluido (Negro): 300 p\u00e1ginas<\/li>\n<li>Cables Incluidos: Corriente Alterna<\/li>\n<li>Tarjeta de Garant\u00eda: S\u00ed<\/li>\n<\/ul>\n<p><strong>Otras Caracter\u00edsticas:<\/strong><\/p>\n<ul>\n<li>Requisitos de Sistema Recomendados: Microsoft\u00ae Windows\u00ae 11, 10, 7 SP1: 32-bit o 64-bit, 2 GB de espacio en disco disponible, Conexi\u00f3n a Internet, Microsoft\u00ae Internet Explorer o Edge<\/li>\n<li>Intervalo de Humedad para Funcionamiento Recomendado: 30% &#8211; 70%<\/li>\n<li>Emisiones de Presi\u00f3n Ac\u00fastica en Modo de Espera (Lista): 16 dB<\/li>\n<li>Emisiones de Potencia Ac\u00fastica (Lista): 23 dB<\/li>\n<\/ul>\n<p><strong>Caracter\u00edsticas Especiales:<\/strong><\/p>\n<ul>\n<li>Encendido\/Apagado Autom\u00e1tico HP: S\u00ed<\/li>\n<li>Seguridad Din\u00e1mica HP: S\u00ed<\/li>\n<li>Tinta Instant\u00e1nea HP: S\u00ed<\/li>\n<\/ul>\n<p><strong>Dise\u00f1o:<\/strong><\/p>\n<ul>\n<li>Color del Producto: Blanco<\/li>\n<li>Posicionamiento de Mercado: Hogar y Oficina<\/li>\n<li>Pantalla Incorporada: No<\/li>\n<li>Tipo de Control: Botones<\/li>\n<li>Certificaci\u00f3n: CISPR32:2012 &amp; CISPR32:2015 \/EN55032:2012 &amp; EN55032:2015+AC:2016 &#8211; Clase B; EN 61000-3-2:2014; EN 61000-3-3:2013; EN 55035:2017; FCC Title 47 CFR, Part 15 Clase B\/ICES-003, Issue 6<\/li>\n<\/ul>\n<p><strong>Desempe\u00f1o:<\/strong><\/p>\n<ul>\n<li>Memoria Interna: 32 MB<\/li>\n<li>Procesador Incorporado: S\u00ed<\/li>\n<li>Frecuencia del Procesador: 500 MHz<\/li>\n<li>Nivel de Presi\u00f3n Ac\u00fastica (Impresi\u00f3n): 48 dB<\/li>\n<li>Memoria Interna M\u00e1xima: 32 MB<\/li>\n<\/ul>\n<p><strong>Caracter\u00edsticas:<\/strong><\/p>\n<ul>\n<li>Cartuchos de Repuesto: 194850676956, 194850676963, 194850676970, 194850676987<\/li>\n<li>Ciclo de Trabajo (M\u00e1ximo): 8000 p\u00e1ginas<\/li>\n<li>N\u00famero de Cartuchos de Impresi\u00f3n: 1<\/li>\n<li>Colores de Impresi\u00f3n: Negro<\/li>\n<li>Lenguajes de Descripci\u00f3n de P\u00e1ginas: URF, PWG, PCLmS<\/li>\n<li>Ciclo de Trabajo: 100 &#8211; 1000 p\u00e1ginas<\/li>\n<li>Segmento HP: Peque\u00f1a y Mediana Empresa<\/li>\n<li>Pa\u00eds de Origen: Vietnam<\/li>\n<\/ul>\n<p><strong>Conexi\u00f3n:<\/strong><\/p>\n<ul>\n<li>Wifi: S\u00ed<\/li>\n<li>Wi-Fi Est\u00e1ndares: 802.11b, 802.11g, Wi-Fi 4 (802.11n)<\/li>\n<li>Tecnolog\u00eda de Impresi\u00f3n M\u00f3vil: Apple AirPrint, Mopria Print Service<\/li>\n<li>Listo para Redes: S\u00ed<\/li>\n<li>Ethernet: No<\/li>\n<li>Bluetooth: S\u00ed<\/li>\n<li>Wi-Fi Direct: S\u00ed<\/li>\n<\/ul>\n<p><strong>Capacidad de Entrada y Salida:<\/strong><\/p>\n<ul>\n<li>Capacidad de Entrada Total: 150 hojas<\/li>\n<li>Capacidad de Salida Total: 100 hojas<\/li>\n<li>N\u00famero Total de Bandejas de Entrada: 1<\/li>\n<li>N\u00famero M\u00e1ximo de Bandejas de Entrada: 1<\/li>\n<li>Capacidad de Entrada de la Bandeja de Papel: 150 hojas<\/li>\n<li>Capacidad de Entrada M\u00e1xima: 150 hojas<\/li>\n<li>Capacidad de Salida M\u00e1xima: 100 hojas<\/li>\n<\/ul>\n<p><strong>Sostenibilidad:<\/strong><\/p>\n<ul>\n<li>Certificados de Sostenibilidad: Blue Angel, ENERGY STAR, Pl\u00e1stico Reciclado Post-Consumo<\/li>\n<li>Cumplimiento de Sostenibilidad: S\u00ed<\/li>\n<\/ul>\n<\/div>\n<\/div>\n<\/div>\n<div class=\"mt-1 flex gap-3 empty:hidden\">\n<div class=\"text-gray-400 flex self-end lg:self-center items-center justify-center lg:justify-start mt-0 -ml-1 h-7 gap-[2px] visible\">\n<div class=\"flex\"><\/div>\n<\/div>\n<\/div>\n<div class=\"pr-2 lg:pr-0\"><\/div>\n<\/div>\n<div class=\"absolute\">\n<div class=\"flex w-full gap-2 items-center justify-center\"><\/div>\n<\/div>\n<\/div>\n<\/div>\n<\/div>\n<\/div>\n<div class=\"w-full text-token-text-primary\" dir=\"auto\" data-testid=\"conversation-turn-112\">\n<div class=\"px-4 py-2 justify-center text-base md:gap-6 m-auto\">\n<div class=\"flex flex-1 text-base mx-auto gap-3 juice:gap-4 juice:md:gap-6 md:px-5 lg:px-1 xl:px-5 md:max-w-3xl lg:max-w-[40rem] xl:max-w-[48rem]\">\n<div class=\"flex-shrink-0 flex flex-col relative items-end\">\n<div>\n<div class=\"pt-0.5\">\n<div class=\"gizmo-shadow-stroke flex h-6 w-6 items-center justify-center overflow-hidden rounded-full\"><\/div>\n<\/div>\n<\/div>\n<\/div>\n<\/div>\n<\/div>\n<\/div>\n<\/div>\n","protected":false},"excerpt":{"rendered":"<p><span style=\"color: #ff0000;\"><strong>\u00a1ENV\u00cdO GRATIS!<\/strong><\/span><\/p>\n","protected":false},"featured_media":220509,"comment_status":"open","ping_status":"closed","template":"","meta":{"_joinchat":[]},"product_cat":[6536,6555,7091],"product_tag":[],"class_list":{"0":"post-220508","1":"product","2":"type-product","3":"status-publish","4":"has-post-thumbnail","6":"product_cat-informatica-y-ocio","7":"product_cat-ordenadores-informatica-y-gaming","8":"product_cat-impresoras","10":"first","11":"instock","12":"sale","13":"taxable","14":"shipping-taxable","15":"purchasable","16":"product-type-simple"},"_links":{"self":[{"href":"https:\/\/desdropi.com\/elparque\/wp-json\/wp\/v2\/product\/220508"}],"collection":[{"href":"https:\/\/desdropi.com\/elparque\/wp-json\/wp\/v2\/product"}],"about":[{"href":"https:\/\/desdropi.com\/elparque\/wp-json\/wp\/v2\/types\/product"}],"replies":[{"embeddable":true,"href":"https:\/\/desdropi.com\/elparque\/wp-json\/wp\/v2\/comments?post=220508"}],"version-history":[{"count":0,"href":"https:\/\/desdropi.com\/elparque\/wp-json\/wp\/v2\/product\/220508\/revisions"}],"wp:featuredmedia":[{"embeddable":true,"href":"https:\/\/desdropi.com\/elparque\/wp-json\/wp\/v2\/media\/220509"}],"wp:attachment":[{"href":"https:\/\/desdropi.com\/elparque\/wp-json\/wp\/v2\/media?parent=220508"}],"wp:term":[{"taxonomy":"product_cat","embeddable":true,"href":"https:\/\/desdropi.com\/elparque\/wp-json\/wp\/v2\/product_cat?post=220508"},{"taxonomy":"product_tag","embeddable":true,"href":"https:\/\/desdropi.com\/elparque\/wp-json\/wp\/v2\/product_tag?post=220508"}],"curies":[{"name":"wp","href":"https:\/\/api.w.org\/{rel}","templated":true}]}}