{"id":220515,"date":"2024-04-23T19:24:35","date_gmt":"2024-04-23T17:24:35","guid":{"rendered":"https:\/\/desdropi.com\/elparque\/?post_type=product&#038;p=220515"},"modified":"2024-05-17T13:04:24","modified_gmt":"2024-05-17T11:04:24","slug":"impresora-pantum-p3300dw-laser-monocromo-33ppm","status":"publish","type":"product","link":"https:\/\/desdropi.com\/elparque\/impresora-pantum-p3300dw-laser-monocromo-33ppm\/","title":{"rendered":"IMPRESORA PANTUM P3300DW LASER MONOCROMO 33PPM"},"content":{"rendered":"<div class=\"descipcion-tab\">\n<strong>Nombre del Producto:<\/strong> PANTUM P3300DW<br \/>\n<strong>Marca:<\/strong> PANTUM<br \/>\n<strong>Modelo:<\/strong> P3300DW<br \/>\n<strong>EAN:<\/strong> 6936358026796<strong>Requisitos del Sistema:<\/strong><\/p>\n<ul>\n<li><strong>Sistema Operativo de Servidor Soportado:<\/strong> Windows Server 2003, Windows Server 2008, Windows Server 2012<\/li>\n<li><strong>Sistema Operativo Windows Soportado:<\/strong> Windows 10, Windows 7, Windows 8, Windows 8.1, Windows Vista, Windows XP<\/li>\n<li><strong>Sistema Operativo MAC Soportado:<\/strong> Mac OS X 10.13 High Sierra, Mac OS X 10.7 Lion<\/li>\n<li><strong>Sistema Operativo Linux Soportado:<\/strong> S\u00ed<\/li>\n<li><strong>Otros Sistemas Operativos Soportados:<\/strong> Android, iOS<\/li>\n<\/ul>\n<p><strong>Puertos e Interfaces:<\/strong><\/p>\n<ul>\n<li><strong>Puerto USB:<\/strong> S\u00ed<\/li>\n<li><strong>Impresi\u00f3n Directa:<\/strong> S\u00ed<\/li>\n<li><strong>Cantidad de Puertos USB 2.0:<\/strong> 1<\/li>\n<\/ul>\n<p><strong>Peso y Dimensiones:<\/strong><\/p>\n<ul>\n<li><strong>Ancho:<\/strong> 354 mm<\/li>\n<li><strong>Profundidad:<\/strong> 334 mm<\/li>\n<li><strong>Altura:<\/strong> 232 mm<\/li>\n<li><strong>Peso:<\/strong> 6,8 kg<\/li>\n<\/ul>\n<p><strong>Velocidad de la Impresi\u00f3n:<\/strong><\/p>\n<ul>\n<li><strong>Resoluci\u00f3n M\u00e1xima:<\/strong> 1200 x 1200 dpi<\/li>\n<li><strong>Color:<\/strong> No<\/li>\n<li><strong>Tecnolog\u00eda de Impresi\u00f3n:<\/strong> Laser<\/li>\n<li><strong>Impresi\u00f3n D\u00faplex:<\/strong> S\u00ed<\/li>\n<li><strong>Modo de Impresi\u00f3n a Doble Cara:<\/strong> Auto<\/li>\n<li><strong>Velocidad de Impresi\u00f3n (Negro, Calidad Normal, A4\/US Carta):<\/strong> 35 ppm<\/li>\n<li><strong>Tiempo hasta Primera P\u00e1gina (Negro, Normal):<\/strong> 8,2 segundos<\/li>\n<\/ul>\n<p><strong>Control de Energ\u00eda:<\/strong><\/p>\n<ul>\n<li><strong>Voltaje de Entrada AC:<\/strong> 100 &#8211; 127 V<\/li>\n<li><strong>Frecuencia de Entrada AC:<\/strong> 50 &#8211; 60 Hz<\/li>\n<li><strong>Consumo de Energ\u00eda (Imprimiendo):<\/strong> 525 W<\/li>\n<li><strong>Consumo de Energ\u00eda (Inactivo):<\/strong> 50 W<\/li>\n<li><strong>Consumo de Energ\u00eda (Apagado):<\/strong> 2 W<\/li>\n<\/ul>\n<p><strong>Condiciones Ambientales:<\/strong><\/p>\n<ul>\n<li><strong>Intervalo de Temperatura Operativa:<\/strong> 10 &#8211; 32 \u00b0C<\/li>\n<li><strong>Intervalo de Humedad Relativa para Funcionamiento:<\/strong> 20 &#8211; 80 %<\/li>\n<\/ul>\n<p><strong>Direcci\u00f3n de Papel:<\/strong><\/p>\n<ul>\n<li><strong>Tipos de Papel:<\/strong> Cartulina, Etiquetas, Papel normal, Papel grueso, Papel fino, Transparencias<\/li>\n<li><strong>Peso del Papel:<\/strong> 60 &#8211; 200 g\/m\u00b2<\/li>\n<li><strong>Tama\u00f1o M\u00e1ximo de Papel ISO A-Series:<\/strong> A4<\/li>\n<\/ul>\n<p><strong>ISO Tama\u00f1o de Serie A (A0&#8230;A9):<\/strong> A4, A5, A6<\/p>\n<ul>\n<li><strong>ISO Tama\u00f1o de Serie B (B0&#8230;B9):<\/strong> B5<\/li>\n<li><strong>Tama\u00f1o de Series JIS B (B0&#8230;B9):<\/strong> B5<\/li>\n<li><strong>Tama\u00f1o de Impresora No-ISO:<\/strong> 16K, Ejecutivo, Folio, Legal, Carta, Oficio, Declaraci\u00f3n<\/li>\n<\/ul>\n<p><strong>Contenido del Embalaje:<\/strong><\/p>\n<ul>\n<li><strong>Cartucho(s) Incluido(s):<\/strong> S\u00ed<\/li>\n<li><strong>Cable de Alimentaci\u00f3n Incluido:<\/strong> S\u00ed<\/li>\n<\/ul>\n<p><strong>Dise\u00f1o:<\/strong><\/p>\n<ul>\n<li><strong>Pantalla Incorporada:<\/strong> S\u00ed<\/li>\n<li><strong>Pantalla:<\/strong> LCD<\/li>\n<li><strong>Color del Producto:<\/strong> Blanco<\/li>\n<\/ul>\n<p><strong>Desempe\u00f1o:<\/strong><\/p>\n<ul>\n<li><strong>Memoria Interna:<\/strong> 256 MB<\/li>\n<li><strong>Nivel de Presi\u00f3n Ac\u00fastica (Impresi\u00f3n):<\/strong> 52 dB<\/li>\n<li><strong>Nivel de Potencia Ac\u00fastica (En Reposo):<\/strong> 30 dB<\/li>\n<\/ul>\n<p><strong>Caracter\u00edsticas:<\/strong><\/p>\n<ul>\n<li><strong>Lenguajes de Descripci\u00f3n de P\u00e1ginas:<\/strong> PCL 5e, PCL 6<\/li>\n<li><strong>Colores de Impresi\u00f3n:<\/strong> Negro<\/li>\n<\/ul>\n<p><strong>Conexi\u00f3n:<\/strong><\/p>\n<ul>\n<li><strong>Comunicaci\u00f3n de Campo Cercano (NFC):<\/strong> S\u00ed<\/li>\n<li><strong>Listo para Redes:<\/strong> S\u00ed<\/li>\n<li><strong>Wifi:<\/strong> S\u00ed<\/li>\n<li><strong>Ethernet:<\/strong> S\u00ed<\/li>\n<li><strong>Wi-Fi Est\u00e1ndares:<\/strong> 802.11b, 802.11g, Wi-Fi 4 (802.11n)<\/li>\n<li><strong>Ethernet LAN, Velocidad de Transferencia de Datos:<\/strong> 10\/100 Mbps<\/li>\n<\/ul>\n<p><strong>Capacidad de Entrada y Salida:<\/strong><\/p>\n<ul>\n<li><strong>N\u00famero Total de Bandejas de Entrada:<\/strong> 1<\/li>\n<li><strong>Capacidad de Entrada Total:<\/strong> 250 hojas<\/li>\n<li><strong>Capacidad de Salida Total:<\/strong> 150 hojas<\/li>\n<\/ul>\n<\/div>\n","protected":false},"excerpt":{"rendered":"<p><span style=\"color: #ff0000;\"><strong>\u00a1ENV\u00cdO GRATIS!<\/strong><\/span><\/p>\n","protected":false},"featured_media":220516,"comment_status":"open","ping_status":"closed","template":"","meta":{"_joinchat":[]},"product_cat":[7091,6536],"product_tag":[],"class_list":{"0":"post-220515","1":"product","2":"type-product","3":"status-publish","4":"has-post-thumbnail","6":"product_cat-impresoras","7":"product_cat-informatica-y-ocio","9":"first","10":"instock","11":"sale","12":"taxable","13":"shipping-taxable","14":"purchasable","15":"product-type-simple"},"_links":{"self":[{"href":"https:\/\/desdropi.com\/elparque\/wp-json\/wp\/v2\/product\/220515"}],"collection":[{"href":"https:\/\/desdropi.com\/elparque\/wp-json\/wp\/v2\/product"}],"about":[{"href":"https:\/\/desdropi.com\/elparque\/wp-json\/wp\/v2\/types\/product"}],"replies":[{"embeddable":true,"href":"https:\/\/desdropi.com\/elparque\/wp-json\/wp\/v2\/comments?post=220515"}],"version-history":[{"count":0,"href":"https:\/\/desdropi.com\/elparque\/wp-json\/wp\/v2\/product\/220515\/revisions"}],"wp:featuredmedia":[{"embeddable":true,"href":"https:\/\/desdropi.com\/elparque\/wp-json\/wp\/v2\/media\/220516"}],"wp:attachment":[{"href":"https:\/\/desdropi.com\/elparque\/wp-json\/wp\/v2\/media?parent=220515"}],"wp:term":[{"taxonomy":"product_cat","embeddable":true,"href":"https:\/\/desdropi.com\/elparque\/wp-json\/wp\/v2\/product_cat?post=220515"},{"taxonomy":"product_tag","embeddable":true,"href":"https:\/\/desdropi.com\/elparque\/wp-json\/wp\/v2\/product_tag?post=220515"}],"curies":[{"name":"wp","href":"https:\/\/api.w.org\/{rel}","templated":true}]}}