{"id":220529,"date":"2024-04-23T19:35:54","date_gmt":"2024-04-23T17:35:54","guid":{"rendered":"https:\/\/desdropi.com\/elparque\/?post_type=product&#038;p=220529"},"modified":"2024-05-17T13:04:24","modified_gmt":"2024-05-17T11:04:24","slug":"adaptador-usb-tp-link-ac1300-wifi-mini","status":"publish","type":"product","link":"https:\/\/desdropi.com\/elparque\/adaptador-usb-tp-link-ac1300-wifi-mini\/","title":{"rendered":"ADAPTADOR USB TP LINK AC1300 WIFI MINI"},"content":{"rendered":"<div class=\"descripcion-tab\">\n<ul>\n<li><strong>Nombre del Producto:<\/strong> Adaptador USB Inal\u00e1mbrico TP-LINK ARCHER T3U<\/li>\n<li><strong>EAN:<\/strong> 6935364083830<\/li>\n<li><strong>Requisitos del Sistema:<\/strong>\n<ul>\n<li>Sistema operativo Windows soportado: Windows 10, Windows 7, Windows 8, Windows 8.1, Windows XP<\/li>\n<li>Sistema operativo MAC soportado: Mac OS X 10.10 Yosemite, Mac OS X 10.11 El Capitan, Mac OS X 10.12 Sierra, Mac OS X 10.13 High Sierra, Mac OS X 10.9 Mavericks<\/li>\n<\/ul>\n<\/li>\n<li><strong>Puertos e Interfaces:<\/strong>\n<ul>\n<li>Tecnolog\u00eda de conectividad: Inal\u00e1mbrico<\/li>\n<li>Interfaz: WLAN<\/li>\n<li>Interfaz de host: USB<\/li>\n<li>Versi\u00f3n USB: 3.2 Gen 1 (3.1 Gen 1)<\/li>\n<\/ul>\n<\/li>\n<li><strong>Peso y Dimensiones:<\/strong>\n<ul>\n<li>Ancho: 40.5 mm<\/li>\n<li>Profundidad: 19.7 mm<\/li>\n<li>Altura: 10.3 mm<\/li>\n<\/ul>\n<\/li>\n<li><strong>Control de Energ\u00eda:<\/strong>\n<ul>\n<li>USB con suministro de corriente: S\u00ed<\/li>\n<\/ul>\n<\/li>\n<li><strong>Condiciones Ambientales:<\/strong>\n<ul>\n<li>Intervalo de temperatura operativa: 0\u00b0C &#8211; 40\u00b0C<\/li>\n<li>Intervalo de temperatura de almacenaje: -40\u00b0C &#8211; 70\u00b0C<\/li>\n<li>Intervalo de humedad relativa para funcionamiento: 10% &#8211; 90%<\/li>\n<li>Intervalo de humedad relativa durante almacenaje: 5% &#8211; 90%<\/li>\n<\/ul>\n<\/li>\n<li><strong>Empaquetado:<\/strong>\n<ul>\n<li>Tipo de embalaje: Caja<\/li>\n<li>Cantidad: 1<\/li>\n<li>Altura del paquete: 30 mm<\/li>\n<li>Profundidad del paquete: 128 mm<\/li>\n<li>Ancho del paquete: 138 mm<\/li>\n<\/ul>\n<\/li>\n<li><strong>Contenido del Embalaje:<\/strong>\n<ul>\n<li>Gu\u00eda de instalaci\u00f3n r\u00e1pida: S\u00ed<\/li>\n<\/ul>\n<\/li>\n<li><strong>Otras Caracter\u00edsticas:<\/strong>\n<ul>\n<li>Rango de potencia de transmisi\u00f3n: 23 &#8211; 23 dBm<\/li>\n<\/ul>\n<\/li>\n<li><strong>Dise\u00f1o:<\/strong>\n<ul>\n<li>Interno: No<\/li>\n<li>Antena: S\u00ed<\/li>\n<li>Certificaci\u00f3n: CE, FCC<\/li>\n<li>Color del producto: Negro<\/li>\n<li>Indicadores LED: Estado<\/li>\n<li>Componente para: PC\/ordenador port\u00e1til<\/li>\n<li>Dise\u00f1o de la antena: Interno<\/li>\n<\/ul>\n<\/li>\n<li><strong>Conexi\u00f3n:<\/strong>\n<ul>\n<li>Wifi: S\u00ed<\/li>\n<li>Est\u00e1ndar Wi-Fi: Wi-Fi 5 (802.11ac)<\/li>\n<li>Wi-Fi est\u00e1ndares: 802.11a, Wi-Fi 5 (802.11ac), 802.11b, 802.11g, Wi-Fi 4 (802.11n)<\/li>\n<li>Ancho de banda (primera): 2.4 GHz<\/li>\n<li>Ancho de banda (segunda): 5 GHz<\/li>\n<li>Est\u00e1ndares de red: IEEE 802.11a, IEEE 802.11ac, IEEE 802.11b, IEEE 802.11g, IEEE 802.11n<\/li>\n<li>Algoritmos de seguridad soportados: 64-bit WEP, 128-bit WEP, WPA, WPA-PSK, WPA2, WPA2-PSK<\/li>\n<li>Rango m\u00e1ximo de transferencia de datos: 1267 Mbps<\/li>\n<li>Banda Wi-Fi: Doble banda (2.4 GHz \/ 5 GHz)<\/li>\n<li>Alcance de frecuencia: 2.4 &#8211; 5 GHz<\/li>\n<li>WLAN velocidad de transferencia de datos, soportada: 11, 54, 300, 400, 867 Mbps<\/li>\n<\/ul>\n<\/li>\n<li><strong>Sostenibilidad:<\/strong>\n<ul>\n<li>Certificados de sostenibilidad: RoHS<\/li>\n<\/ul>\n<\/li>\n<\/ul>\n<\/div>\n","protected":false},"excerpt":{"rendered":"<p><span style=\"color: #ff0000;\"><strong>\u00a1ENV\u00cdO GRATIS!<\/strong><\/span><\/p>\n","protected":false},"featured_media":220530,"comment_status":"open","ping_status":"closed","template":"","meta":{"_joinchat":[]},"product_cat":[6536,7169],"product_tag":[],"class_list":{"0":"post-220529","1":"product","2":"type-product","3":"status-publish","4":"has-post-thumbnail","6":"product_cat-informatica-y-ocio","7":"product_cat-adaptadores","9":"first","10":"instock","11":"sale","12":"taxable","13":"shipping-taxable","14":"purchasable","15":"product-type-simple"},"_links":{"self":[{"href":"https:\/\/desdropi.com\/elparque\/wp-json\/wp\/v2\/product\/220529"}],"collection":[{"href":"https:\/\/desdropi.com\/elparque\/wp-json\/wp\/v2\/product"}],"about":[{"href":"https:\/\/desdropi.com\/elparque\/wp-json\/wp\/v2\/types\/product"}],"replies":[{"embeddable":true,"href":"https:\/\/desdropi.com\/elparque\/wp-json\/wp\/v2\/comments?post=220529"}],"version-history":[{"count":0,"href":"https:\/\/desdropi.com\/elparque\/wp-json\/wp\/v2\/product\/220529\/revisions"}],"wp:featuredmedia":[{"embeddable":true,"href":"https:\/\/desdropi.com\/elparque\/wp-json\/wp\/v2\/media\/220530"}],"wp:attachment":[{"href":"https:\/\/desdropi.com\/elparque\/wp-json\/wp\/v2\/media?parent=220529"}],"wp:term":[{"taxonomy":"product_cat","embeddable":true,"href":"https:\/\/desdropi.com\/elparque\/wp-json\/wp\/v2\/product_cat?post=220529"},{"taxonomy":"product_tag","embeddable":true,"href":"https:\/\/desdropi.com\/elparque\/wp-json\/wp\/v2\/product_tag?post=220529"}],"curies":[{"name":"wp","href":"https:\/\/api.w.org\/{rel}","templated":true}]}}