{"id":220561,"date":"2024-04-23T20:09:39","date_gmt":"2024-04-23T18:09:39","guid":{"rendered":"https:\/\/desdropi.com\/elparque\/?post_type=product&#038;p=220561"},"modified":"2024-05-17T13:04:25","modified_gmt":"2024-05-17T11:04:25","slug":"repetidor-tp-link-ac1750-wifi","status":"publish","type":"product","link":"https:\/\/desdropi.com\/elparque\/repetidor-tp-link-ac1750-wifi\/","title":{"rendered":"REPETIDOR TP LINK AC1750 WIFI"},"content":{"rendered":"<div class=\"descripcion-tab\">\n<ul>\n<li><strong>Nombre del Producto:<\/strong> Repetidor de Red TP-LINK RE450<\/li>\n<li><strong>EAN:<\/strong> 6935364092382<\/li>\n<li><strong>Puertos e Interfaces:<\/strong>\n<ul>\n<li>Ethernet LAN (RJ-45) cantidad de puertos: 1<\/li>\n<\/ul>\n<\/li>\n<li><strong>Peso y Dimensiones:<\/strong>\n<ul>\n<li>Ancho: 163 mm<\/li>\n<li>Profundidad: 76.4 mm<\/li>\n<li>Altura: 66.5 mm<\/li>\n<\/ul>\n<\/li>\n<li><strong>Control de Energ\u00eda:<\/strong>\n<ul>\n<li>Consumo de energ\u00eda (max): 9 W<\/li>\n<li>Voltaje de entrada AC: 100 &#8211; 240 V<\/li>\n<li>Frecuencia de entrada AC: 50 &#8211; 60 Hz<\/li>\n<\/ul>\n<\/li>\n<li><strong>Condiciones Ambientales:<\/strong>\n<ul>\n<li>Intervalo de temperatura operativa: 0\u00b0C &#8211; 40\u00b0C<\/li>\n<li>Intervalo de temperatura de almacenaje: -40\u00b0C &#8211; 70\u00b0C<\/li>\n<li>Intervalo de humedad relativa para funcionamiento: 10% &#8211; 90%<\/li>\n<li>Intervalo de humedad relativa durante almacenaje: 5% &#8211; 90%<\/li>\n<\/ul>\n<\/li>\n<li><strong>Detalles T\u00e9cnicos:<\/strong>\n<ul>\n<li>Certificados de sostenibilidad: RoHS<\/li>\n<\/ul>\n<\/li>\n<li><strong>Empaquetado:<\/strong>\n<ul>\n<li>Ancho del paquete: 202 mm<\/li>\n<li>Profundidad del paquete: 125 mm<\/li>\n<li>Altura del paquete: 86 mm<\/li>\n<\/ul>\n<\/li>\n<li><strong>Contenido del Embalaje:<\/strong>\n<ul>\n<li>Cables incluidos: LAN (RJ-45)<\/li>\n<li>Gu\u00eda de configuraci\u00f3n r\u00e1pida: S\u00ed<\/li>\n<\/ul>\n<\/li>\n<li><strong>Antena:<\/strong>\n<ul>\n<li>Cantidad de antenas: 3<\/li>\n<li>Tipo de antena: Externo<\/li>\n<\/ul>\n<\/li>\n<li><strong>Dise\u00f1o:<\/strong>\n<ul>\n<li>Indicadores LED: S\u00ed<\/li>\n<li>Certificaci\u00f3n: CE, FCC<\/li>\n<li>Color del producto: Blanco<\/li>\n<li>Bot\u00f3n de restaurar: S\u00ed<\/li>\n<li>Interruptor de encendido\/apagado integrado: S\u00ed<\/li>\n<\/ul>\n<\/li>\n<li><strong>Desempe\u00f1o:<\/strong>\n<ul>\n<li>Tipo: Repetidor de red<\/li>\n<li>Sistema operativo Windows soportado: Windows 10, Windows 2000, Windows 7, Windows 8, Windows 8.1, Windows 98SE, Windows NT, Windows XP<\/li>\n<li>Sistema operativo MAC soportado: S\u00ed<\/li>\n<li>Sistema operativo Linux soportado: S\u00ed<\/li>\n<li>Velocidad de transferencia de datos: 1300 Mbps<\/li>\n<li>Ethernet LAN, velocidad de transferencia de datos: 10\/100\/1000 Mbps<\/li>\n<li>Compatible con Mac: S\u00ed<\/li>\n<\/ul>\n<\/li>\n<li><strong>Conexi\u00f3n:<\/strong>\n<ul>\n<li>Tecnolog\u00eda de cableado: 10\/100\/1000Base-T(X)<\/li>\n<li>Est\u00e1ndares de red: IEEE 802.11a, IEEE 802.11ac, IEEE 802.11b, IEEE 802.11g, IEEE 802.11n<\/li>\n<li>Wifi: S\u00ed<\/li>\n<li>Wi-Fi est\u00e1ndares: 802.11a, 802.11b, 802.11g, Wi-Fi 4 (802.11n), Wi-Fi 5 (802.11ac)<\/li>\n<li>Wi-Fi velocidad de transferencia de datos (max): 1300 Mbps<\/li>\n<li>Algoritmos de seguridad soportados: 128-bit WEP, 64-bit WEP, WPA-PSK, WPA2-PSK<\/li>\n<li>Banda Wi-Fi: Doble banda (2.4 GHz \/ 5 GHz)<\/li>\n<\/ul>\n<\/li>\n<\/ul>\n<\/div>\n","protected":false},"excerpt":{"rendered":"<p><span style=\"color: #ff0000;\"><strong>\u00a1ENV\u00cdO GRATIS!<\/strong><\/span><\/p>\n","protected":false},"featured_media":220562,"comment_status":"open","ping_status":"closed","template":"","meta":{"_joinchat":[]},"product_cat":[6536,7168],"product_tag":[],"class_list":{"0":"post-220561","1":"product","2":"type-product","3":"status-publish","4":"has-post-thumbnail","6":"product_cat-informatica-y-ocio","7":"product_cat-amplificadores","9":"first","10":"instock","11":"sale","12":"taxable","13":"shipping-taxable","14":"purchasable","15":"product-type-simple"},"_links":{"self":[{"href":"https:\/\/desdropi.com\/elparque\/wp-json\/wp\/v2\/product\/220561"}],"collection":[{"href":"https:\/\/desdropi.com\/elparque\/wp-json\/wp\/v2\/product"}],"about":[{"href":"https:\/\/desdropi.com\/elparque\/wp-json\/wp\/v2\/types\/product"}],"replies":[{"embeddable":true,"href":"https:\/\/desdropi.com\/elparque\/wp-json\/wp\/v2\/comments?post=220561"}],"version-history":[{"count":0,"href":"https:\/\/desdropi.com\/elparque\/wp-json\/wp\/v2\/product\/220561\/revisions"}],"wp:featuredmedia":[{"embeddable":true,"href":"https:\/\/desdropi.com\/elparque\/wp-json\/wp\/v2\/media\/220562"}],"wp:attachment":[{"href":"https:\/\/desdropi.com\/elparque\/wp-json\/wp\/v2\/media?parent=220561"}],"wp:term":[{"taxonomy":"product_cat","embeddable":true,"href":"https:\/\/desdropi.com\/elparque\/wp-json\/wp\/v2\/product_cat?post=220561"},{"taxonomy":"product_tag","embeddable":true,"href":"https:\/\/desdropi.com\/elparque\/wp-json\/wp\/v2\/product_tag?post=220561"}],"curies":[{"name":"wp","href":"https:\/\/api.w.org\/{rel}","templated":true}]}}