{"id":220567,"date":"2024-04-23T20:22:50","date_gmt":"2024-04-23T18:22:50","guid":{"rendered":"https:\/\/desdropi.com\/elparque\/?post_type=product&#038;p=220567"},"modified":"2024-05-17T13:04:25","modified_gmt":"2024-05-17T11:04:25","slug":"extensor-de-cobertura-d-link-dap-1610-wifi","status":"publish","type":"product","link":"https:\/\/desdropi.com\/elparque\/extensor-de-cobertura-d-link-dap-1610-wifi\/","title":{"rendered":"EXTENSOR DE COBERTURA D-LINK DAP-1610 WIFI"},"content":{"rendered":"<div class=\"descripcion-tab\">\n<ul>\n<li><strong>Nombre del Producto:<\/strong> Transmisor y Receptor de Red D-LINK DAP-1610<\/li>\n<li><strong>EAN:<\/strong> 790069434518<\/li>\n<li><strong>Puertos e Interfaces:<\/strong>\n<ul>\n<li>Ethernet LAN (RJ-45) cantidad de puertos: 1<\/li>\n<\/ul>\n<\/li>\n<li><strong>Peso y Dimensiones:<\/strong>\n<ul>\n<li>Peso: 120 g<\/li>\n<li>Ancho: 97.9 mm<\/li>\n<li>Profundidad: 50.7 mm<\/li>\n<li>Altura: 48.7 mm<\/li>\n<\/ul>\n<\/li>\n<li><strong>Control de Energ\u00eda:<\/strong>\n<ul>\n<li>Voltaje de entrada AC: 100 &#8211; 240 V<\/li>\n<li>Frecuencia de entrada AC: 50 &#8211; 60 Hz<\/li>\n<\/ul>\n<\/li>\n<li><strong>Condiciones Ambientales:<\/strong>\n<ul>\n<li>Intervalo de temperatura operativa: 0\u00b0C &#8211; 35\u00b0C<\/li>\n<li>Intervalo de temperatura de almacenaje: -20\u00b0C &#8211; 70\u00b0C<\/li>\n<li>Intervalo de humedad relativa para funcionamiento: 10% &#8211; 90%<\/li>\n<li>Intervalo de humedad relativa durante almacenaje: 5% &#8211; 90%<\/li>\n<\/ul>\n<\/li>\n<li><strong>Detalles T\u00e9cnicos:<\/strong>\n<ul>\n<li>Anchura del pal\u00e9: 110 cm<\/li>\n<li>Longitud del pal\u00e9: 120 cm<\/li>\n<li>Anchura de la caja de env\u00edo: 22.7 cm<\/li>\n<li>Longitud del contenedor de env\u00edo: 50.1 cm<\/li>\n<li>Altura de la caja de env\u00edo: 35.7 cm<\/li>\n<li>Cantidad por caja de env\u00edo: 20 unidades<\/li>\n<li>Peso neto del envase de env\u00edo: 6.26 kg<\/li>\n<li>Peso de la caja de env\u00edo: 6.98 kg<\/li>\n<li>Peso bruto del pal\u00e9 (en avi\u00f3n): 221.4 kg<\/li>\n<li>N\u00famero de cajas de cart\u00f3n por pal\u00e9 (en avi\u00f3n): 30<\/li>\n<li>Cantidad por pal\u00e9 (en avi\u00f3n): 600 unidades<\/li>\n<li>Altura del pal\u00e9 (en avi\u00f3n): 120.6 cm<\/li>\n<li>Peso bruto del pal\u00e9 (en barco): 361 kg<\/li>\n<li>N\u00famero de cajas de cart\u00f3n por pal\u00e9 (en barco): 50<\/li>\n<li>Cantidad por pal\u00e9 (en barco): 1000 unidades<\/li>\n<li>Altura del pal\u00e9 (en barco): 192 cm<\/li>\n<\/ul>\n<\/li>\n<li><strong>Empaquetado:<\/strong>\n<ul>\n<li>Peso del paquete: 313 g<\/li>\n<li>Profundidad del paquete: 161 mm<\/li>\n<li>Altura del paquete: 94 mm<\/li>\n<li>Ancho del paquete: 104 mm<\/li>\n<\/ul>\n<\/li>\n<li><strong>Antena:<\/strong>\n<ul>\n<li>Cantidad de antenas: 2<\/li>\n<li>Tipo de antena: Externo<\/li>\n<\/ul>\n<\/li>\n<li><strong>Dise\u00f1o:<\/strong>\n<ul>\n<li>Color del producto: Blanco<\/li>\n<li>Indicadores LED: Intensidad de se\u00f1al, Estado, WPS<\/li>\n<li>Bot\u00f3n de restaurar: S\u00ed<\/li>\n<li>Certificaci\u00f3n: FCC, CE, UL, IC<\/li>\n<\/ul>\n<\/li>\n<li><strong>Desempe\u00f1o:<\/strong>\n<ul>\n<li>Tipo: Transmisor y receptor de red<\/li>\n<li>Velocidad de transferencia de datos: 1167 Mbps<\/li>\n<li>Ethernet LAN, velocidad de transferencia de datos: 10\/100 Mbps<\/li>\n<li>Seguridad por pulsador WPS: S\u00ed<\/li>\n<li>Conectar y usar (Plug and Play): S\u00ed<\/li>\n<\/ul>\n<\/li>\n<li><strong>Conexi\u00f3n:<\/strong>\n<ul>\n<li>Tecnolog\u00eda de cableado: 10\/100Base-T(X)<\/li>\n<li>Est\u00e1ndares de red: IEEE 802.11a, IEEE 802.11ac, IEEE 802.11b, IEEE 802.11g, IEEE 802.11n, IEEE 802.3ab<\/li>\n<li>Wifi: S\u00ed<\/li>\n<li>Wi-Fi est\u00e1ndares: 802.11a, Wi-Fi 5 (802.11ac), 802.11b, 802.11g, Wi-Fi 4 (802.11n)<\/li>\n<li>Wi-Fi velocidad de transferencia de datos (max): 1167 Mbps<\/li>\n<li>Algoritmos de seguridad soportados: WPA, WPA2<\/li>\n<li>Banda Wi-Fi: Doble banda (2.4 GHz \/ 5 GHz)<\/li>\n<li>Administraci\u00f3n basada en web: S\u00ed<\/li>\n<\/ul>\n<\/li>\n<\/ul>\n<\/div>\n","protected":false},"excerpt":{"rendered":"<p><span style=\"color: #ff0000;\"><strong>\u00a1ENV\u00cdO GRATIS!<\/strong><\/span><\/p>\n","protected":false},"featured_media":220568,"comment_status":"open","ping_status":"closed","template":"","meta":{"_joinchat":[]},"product_cat":[6536,7168],"product_tag":[],"class_list":{"0":"post-220567","1":"product","2":"type-product","3":"status-publish","4":"has-post-thumbnail","6":"product_cat-informatica-y-ocio","7":"product_cat-amplificadores","9":"first","10":"instock","11":"sale","12":"taxable","13":"shipping-taxable","14":"purchasable","15":"product-type-simple"},"_links":{"self":[{"href":"https:\/\/desdropi.com\/elparque\/wp-json\/wp\/v2\/product\/220567"}],"collection":[{"href":"https:\/\/desdropi.com\/elparque\/wp-json\/wp\/v2\/product"}],"about":[{"href":"https:\/\/desdropi.com\/elparque\/wp-json\/wp\/v2\/types\/product"}],"replies":[{"embeddable":true,"href":"https:\/\/desdropi.com\/elparque\/wp-json\/wp\/v2\/comments?post=220567"}],"version-history":[{"count":0,"href":"https:\/\/desdropi.com\/elparque\/wp-json\/wp\/v2\/product\/220567\/revisions"}],"wp:featuredmedia":[{"embeddable":true,"href":"https:\/\/desdropi.com\/elparque\/wp-json\/wp\/v2\/media\/220568"}],"wp:attachment":[{"href":"https:\/\/desdropi.com\/elparque\/wp-json\/wp\/v2\/media?parent=220567"}],"wp:term":[{"taxonomy":"product_cat","embeddable":true,"href":"https:\/\/desdropi.com\/elparque\/wp-json\/wp\/v2\/product_cat?post=220567"},{"taxonomy":"product_tag","embeddable":true,"href":"https:\/\/desdropi.com\/elparque\/wp-json\/wp\/v2\/product_tag?post=220567"}],"curies":[{"name":"wp","href":"https:\/\/api.w.org\/{rel}","templated":true}]}}