{"id":220612,"date":"2024-04-24T09:27:26","date_gmt":"2024-04-24T07:27:26","guid":{"rendered":"https:\/\/desdropi.com\/elparque\/?post_type=product&#038;p=220612"},"modified":"2024-05-17T13:04:26","modified_gmt":"2024-05-17T11:04:26","slug":"extensor-de-cobertura-tp-link-re505x-wifi-6","status":"publish","type":"product","link":"https:\/\/desdropi.com\/elparque\/extensor-de-cobertura-tp-link-re505x-wifi-6\/","title":{"rendered":"EXTENSOR DE COBERTURA TP-LINK RE505X WIFI 6"},"content":{"rendered":"<div class=\"descripcion-tab\">\n<div class=\"flex-1 overflow-hidden\">\n<div class=\"react-scroll-to-bottom--css-zexei-79elbk h-full\">\n<div class=\"react-scroll-to-bottom--css-zexei-1n7m0yu\">\n<div>\n<div class=\"flex flex-col text-sm pb-9\">\n<div class=\"w-full text-token-text-primary\" dir=\"auto\" data-testid=\"conversation-turn-23\">\n<div class=\"px-4 py-2 justify-center text-base md:gap-6 m-auto\">\n<div class=\"flex flex-1 text-base mx-auto gap-3 juice:gap-4 juice:md:gap-6 md:px-5 lg:px-1 xl:px-5 md:max-w-3xl lg:max-w-[40rem] xl:max-w-[48rem]\">\n<div class=\"relative flex w-full min-w-0 flex-col agent-turn\">\n<div class=\"flex-col gap-1 md:gap-3\">\n<div class=\"flex flex-grow flex-col max-w-full\">\n<div class=\"min-h-[20px] text-message flex flex-col items-start gap-3 whitespace-pre-wrap break-words [.text-message+&amp;]:mt-5 overflow-x-auto\" dir=\"auto\" data-message-author-role=\"assistant\" data-message-id=\"8e69f348-8933-4604-b985-828b6386a8a2\">\n<div class=\"markdown prose w-full break-words dark:prose-invert light\">\n<ul>\n<li><strong>Nombre del Producto:<\/strong> TP-Link RE505X<\/li>\n<li><strong>EAN:<\/strong> 6935364089511<\/li>\n<li><strong>Puertos e Interfaces:<\/strong>\n<ul>\n<li>Ethernet LAN (RJ-45) cantidad de puertos: 1<\/li>\n<\/ul>\n<\/li>\n<li><strong>Peso y Dimensiones:<\/strong>\n<ul>\n<li>Ancho: 74 mm<\/li>\n<li>Profundidad: 46 mm<\/li>\n<li>Altura: 124.8 mm<\/li>\n<\/ul>\n<\/li>\n<li><strong>Control de Energ\u00eda:<\/strong>\n<ul>\n<li>Consumo de energ\u00eda (max): 10 W<\/li>\n<li>Voltaje de entrada AC: 100 &#8211; 240 V<\/li>\n<li>Frecuencia de entrada AC: 50\/60 Hz<\/li>\n<\/ul>\n<\/li>\n<li><strong>Condiciones Ambientales:<\/strong>\n<ul>\n<li>Intervalo de humedad relativa para funcionamiento: 10% &#8211; 90%<\/li>\n<li>Intervalo de humedad relativa durante almacenaje: 5% &#8211; 90%<\/li>\n<li>Intervalo de temperatura operativa: 0\u00b0C &#8211; 40\u00b0C<\/li>\n<li>Intervalo de temperatura de almacenaje: -40\u00b0C &#8211; 70\u00b0C<\/li>\n<\/ul>\n<\/li>\n<li><strong>Detalles T\u00e9cnicos:<\/strong>\n<ul>\n<li>Certificados de sostenibilidad: RoHS<\/li>\n<\/ul>\n<\/li>\n<li><strong>Empaquetado:<\/strong>\n<ul>\n<li>Tipo de embalaje: Caja<\/li>\n<li>Profundidad del paquete: 125 mm<\/li>\n<li>Ancho del paquete: 202 mm<\/li>\n<li>Altura del paquete: 97 mm<\/li>\n<li>Peso del paquete: 400 g<\/li>\n<\/ul>\n<\/li>\n<li><strong>Contenido del Embalaje:<\/strong>\n<ul>\n<li>Gu\u00eda de configuraci\u00f3n r\u00e1pida: S\u00ed<\/li>\n<\/ul>\n<\/li>\n<li><strong>Antena:<\/strong>\n<ul>\n<li>Cantidad de antenas: 2<\/li>\n<li>Tipo de antena: Externo<\/li>\n<li>Potencia de transmisi\u00f3n (CE):\n<ul>\n<li>2.4 GHz: 20 dBm<\/li>\n<li>5 GHz: 30 dBm<\/li>\n<\/ul>\n<\/li>\n<\/ul>\n<\/li>\n<li><strong>Dise\u00f1o:<\/strong>\n<ul>\n<li>Color del producto: Blanco<\/li>\n<li>Indicadores LED: Poder, WAN, WLAN<\/li>\n<li>Bot\u00f3n de restaurar: S\u00ed<\/li>\n<li>Cantidad por paquete: 1<\/li>\n<\/ul>\n<\/li>\n<li><strong>Desempe\u00f1o:<\/strong>\n<ul>\n<li>Tipo: Transmisor y receptor de red<\/li>\n<li>Velocidad de transferencia de datos: 1200 Mbps<\/li>\n<li>Ethernet LAN, velocidad de transferencia de datos: 10\/100\/1000 Mbps<\/li>\n<li>Conectar y usar (Plug and Play): S\u00ed<\/li>\n<li>Compatible con Mac: S\u00ed<\/li>\n<li>Sistema operativo MAC soportado: S\u00ed<\/li>\n<li>Sistema operativo Linux soportado: S\u00ed<\/li>\n<li>Navegador compatible: Internet Explorer 11, Firefox 12.0, Chrome 20.0, Safari 4.0<\/li>\n<li>Seguridad por pulsador WPS: S\u00ed<\/li>\n<\/ul>\n<\/li>\n<li><strong>Datos Log\u00edsticos:<\/strong>\n<ul>\n<li>C\u00f3digo de Sistema de Armonizaci\u00f3n (SA): 85176990<\/li>\n<\/ul>\n<\/li>\n<li><strong>Conexi\u00f3n:<\/strong>\n<ul>\n<li>Tecnolog\u00eda de cableado: 10\/100\/1000Base-T(X)<\/li>\n<li>Est\u00e1ndares de red: IEEE 802.11a, IEEE 802.11ac, IEEE 802.11ax, IEEE 802.11b, IEEE 802.11g, IEEE 802.11n<\/li>\n<li>Wifi: S\u00ed<\/li>\n<li>Wi-Fi est\u00e1ndares: 802.11a, 802.11b, 802.11g, Wi-Fi 4 (802.11n), Wi-Fi 5 (802.11ac), Wi-Fi 6 (802.11ax)<\/li>\n<li>Wi-Fi velocidad de transferencia de datos (max): 1200 Mbps<\/li>\n<li>Banda Wi-Fi: Doble banda (2.4 GHz \/ 5 GHz)<\/li>\n<li>Algoritmos de seguridad soportados: 64-bit WEP, 128-bit WEP, WPA, WPA-PSK, WPA2, WPA2-PSK<\/li>\n<\/ul>\n<\/li>\n<\/ul>\n<\/div>\n<\/div>\n<\/div>\n<div class=\"mt-1 flex gap-3 empty:hidden\">\n<div class=\"text-gray-400 flex self-end lg:self-center items-center justify-center lg:justify-start mt-0 -ml-1 h-7 gap-[2px] visible\">\n<p>&nbsp;<\/p>\n<div class=\"flex items-center gap-1.5 text-xs\"><\/div>\n<div class=\"flex\"><\/div>\n<\/div>\n<\/div>\n<div class=\"pr-2 lg:pr-0\"><\/div>\n<\/div>\n<div class=\"absolute\">\n<div class=\"flex w-full gap-2 items-center justify-center\"><\/div>\n<\/div>\n<\/div>\n<\/div>\n<\/div>\n<\/div>\n<\/div>\n<\/div>\n<\/div>\n<\/div>\n<\/div>\n<div class=\"w-full pt-2 md:pt-0 dark:border-white\/20 md:border-transparent md:dark:border-transparent md:w-[calc(100%-.5rem)]\">\n<form class=\"stretch mx-2 flex flex-row gap-3 last:mb-2 md:mx-4 md:last:mb-6 lg:mx-auto lg:max-w-2xl xl:max-w-3xl\">\n<div class=\"relative flex h-full flex-1 flex-col\">\n<div class=\"absolute bottom-full left-0 right-0\"><\/div>\n<div class=\"flex w-full items-center\"><\/div>\n<\/div>\n<\/form>\n<\/div>\n<\/div>\n","protected":false},"excerpt":{"rendered":"<p><span style=\"color: #ff0000;\"><strong>\u00a1ENV\u00cdO GRATIS!<\/strong><\/span><\/p>\n","protected":false},"featured_media":220613,"comment_status":"open","ping_status":"closed","template":"","meta":{"_joinchat":[]},"product_cat":[6536,7168],"product_tag":[],"class_list":{"0":"post-220612","1":"product","2":"type-product","3":"status-publish","4":"has-post-thumbnail","6":"product_cat-informatica-y-ocio","7":"product_cat-amplificadores","9":"first","10":"instock","11":"sale","12":"taxable","13":"shipping-taxable","14":"purchasable","15":"product-type-simple"},"_links":{"self":[{"href":"https:\/\/desdropi.com\/elparque\/wp-json\/wp\/v2\/product\/220612"}],"collection":[{"href":"https:\/\/desdropi.com\/elparque\/wp-json\/wp\/v2\/product"}],"about":[{"href":"https:\/\/desdropi.com\/elparque\/wp-json\/wp\/v2\/types\/product"}],"replies":[{"embeddable":true,"href":"https:\/\/desdropi.com\/elparque\/wp-json\/wp\/v2\/comments?post=220612"}],"version-history":[{"count":0,"href":"https:\/\/desdropi.com\/elparque\/wp-json\/wp\/v2\/product\/220612\/revisions"}],"wp:featuredmedia":[{"embeddable":true,"href":"https:\/\/desdropi.com\/elparque\/wp-json\/wp\/v2\/media\/220613"}],"wp:attachment":[{"href":"https:\/\/desdropi.com\/elparque\/wp-json\/wp\/v2\/media?parent=220612"}],"wp:term":[{"taxonomy":"product_cat","embeddable":true,"href":"https:\/\/desdropi.com\/elparque\/wp-json\/wp\/v2\/product_cat?post=220612"},{"taxonomy":"product_tag","embeddable":true,"href":"https:\/\/desdropi.com\/elparque\/wp-json\/wp\/v2\/product_tag?post=220612"}],"curies":[{"name":"wp","href":"https:\/\/api.w.org\/{rel}","templated":true}]}}