{"id":220620,"date":"2024-04-24T09:42:40","date_gmt":"2024-04-24T07:42:40","guid":{"rendered":"https:\/\/desdropi.com\/elparque\/?post_type=product&#038;p=220620"},"modified":"2024-05-17T13:04:26","modified_gmt":"2024-05-17T11:04:26","slug":"adaptador-usb-linksys-wusb6300-wifi-usb","status":"publish","type":"product","link":"https:\/\/desdropi.com\/elparque\/adaptador-usb-linksys-wusb6300-wifi-usb\/","title":{"rendered":"ADAPTADOR USB LINKSYS WUSB6300 WIFI USB"},"content":{"rendered":"<div class=\"descripcion-tab\">\n<ul>\n<li><strong>Nombre del Producto:<\/strong> Strong Powerline 600 Triple Pack<\/li>\n<li><strong>EAN:<\/strong> 9120072375279<\/li>\n<li><strong>Requisitos del Sistema:<\/strong>\n<ul>\n<li>Sistema operativo Windows soportado: Windows 11, Windows 7, Windows 8, Windows 8.1<\/li>\n<li>Sistema operativo Linux soportado: S\u00ed<\/li>\n<li>Compatible con Mac: S\u00ed<\/li>\n<li>Sistema operativo MAC soportado: S\u00ed<\/li>\n<\/ul>\n<\/li>\n<li><strong>Control de Energ\u00eda:<\/strong>\n<ul>\n<li>Voltaje de entrada AC: 100 &#8211; 240 V<\/li>\n<li>Frecuencia de entrada AC: 50\/60 Hz<\/li>\n<li>Corriente: 16 A<\/li>\n<li>Energ\u00eda sobre Ethernet (PoE): No<\/li>\n<\/ul>\n<\/li>\n<li><strong>Condiciones Ambientales:<\/strong>\n<ul>\n<li>Intervalo de temperatura operativa: 0\u00b0C &#8211; 40\u00b0C<\/li>\n<li>Intervalo de temperatura de almacenaje: -40\u00b0C &#8211; 70\u00b0C<\/li>\n<li>Intervalo de humedad relativa para funcionamiento: 10% &#8211; 90%<\/li>\n<li>Intervalo de humedad relativa durante almacenaje: 5% &#8211; 90%<\/li>\n<\/ul>\n<\/li>\n<li><strong>Detalles T\u00e9cnicos:<\/strong>\n<ul>\n<li>Cumplimiento de sostenibilidad: S\u00ed<\/li>\n<li>Certificados de sostenibilidad: CE<\/li>\n<\/ul>\n<\/li>\n<li><strong>Contenido del Embalaje:<\/strong>\n<ul>\n<li>Cantidad por paquete: 3<\/li>\n<li>Gu\u00eda de instalaci\u00f3n r\u00e1pida: S\u00ed<\/li>\n<\/ul>\n<\/li>\n<li><strong>Dise\u00f1o:<\/strong>\n<ul>\n<li>Color del producto: Blanco<\/li>\n<li>Indicadores LED: S\u00ed<\/li>\n<li>Tipo de antena: Externo<\/li>\n<li>Cantidad de antenas: 2<\/li>\n<\/ul>\n<\/li>\n<li><strong>Desempe\u00f1o:<\/strong>\n<ul>\n<li>Rango m\u00e1ximo de transferencia de datos: 600 Mbps<\/li>\n<li>Ethernet: S\u00ed<\/li>\n<li>Tipo de interfaz Ethernet LAN: Ethernet r\u00e1pido<\/li>\n<li>Ethernet LAN, velocidad de transferencia de datos: 10\/100 Mbps<\/li>\n<li>Tecnolog\u00eda de cableado ethernet de cobre: 10BASE-T, 100BASE-TX<\/li>\n<li>Ethernet LAN (RJ-45) cantidad de puertos: 1<\/li>\n<li>Wifi: S\u00ed<\/li>\n<li>Est\u00e1ndar Wi-Fi: Wi-Fi 4 (802.11n)<\/li>\n<li>Wi-Fi est\u00e1ndares: 802.11b, 802.11g, Wi-Fi 4 (802.11n)<\/li>\n<li>Banda Wi-Fi: Banda \u00fanica (2,4 GHz)<\/li>\n<li>Tasa de transferencia de datos WLAN (primera banda): 300 Mbps<\/li>\n<li>Est\u00e1ndares de red: IEEE 802.11b, IEEE 802.11g, IEEE 802.11n, IEEE 802.3, IEEE 802.3u<\/li>\n<li>Enchufe integrado: S\u00ed<\/li>\n<li>Est\u00e1ndar de PowerLine: HomePlug AV<\/li>\n<li>Algoritmos de seguridad soportados: 128-bit AES, WEP, WPA, WPA-PSK, WPA2, WPA2-PSK, WPS<\/li>\n<li>Distancia de funcionamiento m\u00e1ximo: 300 metros<\/li>\n<li>Filtro de amortiguaci\u00f3n: 2 &#8211; 68 MHz<\/li>\n<li>Bot\u00f3n de encripci\u00f3n: S\u00ed<\/li>\n<li>Rango de frecuencia: 2 &#8211; 68 MHz<\/li>\n<\/ul>\n<\/li>\n<\/ul>\n<\/div>\n","protected":false},"excerpt":{"rendered":"<p><span style=\"color: #ff0000;\"><strong>\u00a1ENV\u00cdO GRATIS!<\/strong><\/span><\/p>\n","protected":false},"featured_media":220621,"comment_status":"open","ping_status":"closed","template":"","meta":{"_joinchat":[]},"product_cat":[6536,7169],"product_tag":[],"class_list":{"0":"post-220620","1":"product","2":"type-product","3":"status-publish","4":"has-post-thumbnail","6":"product_cat-informatica-y-ocio","7":"product_cat-adaptadores","9":"first","10":"instock","11":"sale","12":"taxable","13":"shipping-taxable","14":"purchasable","15":"product-type-simple"},"_links":{"self":[{"href":"https:\/\/desdropi.com\/elparque\/wp-json\/wp\/v2\/product\/220620"}],"collection":[{"href":"https:\/\/desdropi.com\/elparque\/wp-json\/wp\/v2\/product"}],"about":[{"href":"https:\/\/desdropi.com\/elparque\/wp-json\/wp\/v2\/types\/product"}],"replies":[{"embeddable":true,"href":"https:\/\/desdropi.com\/elparque\/wp-json\/wp\/v2\/comments?post=220620"}],"version-history":[{"count":0,"href":"https:\/\/desdropi.com\/elparque\/wp-json\/wp\/v2\/product\/220620\/revisions"}],"wp:featuredmedia":[{"embeddable":true,"href":"https:\/\/desdropi.com\/elparque\/wp-json\/wp\/v2\/media\/220621"}],"wp:attachment":[{"href":"https:\/\/desdropi.com\/elparque\/wp-json\/wp\/v2\/media?parent=220620"}],"wp:term":[{"taxonomy":"product_cat","embeddable":true,"href":"https:\/\/desdropi.com\/elparque\/wp-json\/wp\/v2\/product_cat?post=220620"},{"taxonomy":"product_tag","embeddable":true,"href":"https:\/\/desdropi.com\/elparque\/wp-json\/wp\/v2\/product_tag?post=220620"}],"curies":[{"name":"wp","href":"https:\/\/api.w.org\/{rel}","templated":true}]}}