{"id":220644,"date":"2024-04-24T10:09:19","date_gmt":"2024-04-24T08:09:19","guid":{"rendered":"https:\/\/desdropi.com\/elparque\/?post_type=product&#038;p=220644"},"modified":"2024-05-17T13:04:27","modified_gmt":"2024-05-17T11:04:27","slug":"router-tp-link-archer-ax12-ax1500-dual-band-wifi-6","status":"publish","type":"product","link":"https:\/\/desdropi.com\/elparque\/router-tp-link-archer-ax12-ax1500-dual-band-wifi-6\/","title":{"rendered":"ROUTER TP LINK ARCHER AX12 AX1500 DUAL BAND WIFI 6"},"content":{"rendered":"<div class=\"descripcion-tab\">\n<div class=\"flex-1 overflow-hidden\">\n<div class=\"react-scroll-to-bottom--css-zexei-79elbk h-full\">\n<div class=\"react-scroll-to-bottom--css-zexei-1n7m0yu\">\n<div>\n<div class=\"flex flex-col text-sm pb-9\">\n<div class=\"w-full text-token-text-primary\" dir=\"auto\" data-testid=\"conversation-turn-33\">\n<div class=\"px-4 py-2 justify-center text-base md:gap-6 m-auto\">\n<div class=\"flex flex-1 text-base mx-auto gap-3 juice:gap-4 juice:md:gap-6 md:px-5 lg:px-1 xl:px-5 md:max-w-3xl lg:max-w-[40rem] xl:max-w-[48rem]\">\n<div class=\"relative flex w-full min-w-0 flex-col agent-turn\">\n<div class=\"flex-col gap-1 md:gap-3\">\n<div class=\"flex flex-grow flex-col max-w-full\">\n<div class=\"min-h-[20px] text-message flex flex-col items-start gap-3 whitespace-pre-wrap break-words [.text-message+&amp;]:mt-5 overflow-x-auto\" dir=\"auto\" data-message-author-role=\"assistant\" data-message-id=\"97ee6e11-21c7-4c8e-ada2-bf6ba1581234\">\n<div class=\"markdown prose w-full break-words dark:prose-invert light\">\n<ul>\n<li><strong>Nombre del Producto:<\/strong> TP-Link Archer AX12<\/li>\n<li><strong>Marca:<\/strong> TP-Link<\/li>\n<li><strong>Modelo:<\/strong> Archer AX12<\/li>\n<li><strong>EAN:<\/strong> 4895252500875<\/li>\n<li><strong>Puertos e Interfaces:<\/strong>\n<ul>\n<li>Ethernet LAN (RJ-45) cantidad de puertos: 4<\/li>\n<li>Puerto USB: No<\/li>\n<\/ul>\n<\/li>\n<li><strong>Peso y Dimensiones:<\/strong>\n<ul>\n<li>Ancho: 215 mm<\/li>\n<li>Profundidad: 117 mm<\/li>\n<li>Altura: 32 mm<\/li>\n<\/ul>\n<\/li>\n<li><strong>Control de Energ\u00eda:<\/strong>\n<ul>\n<li>Alimentaci\u00f3n: Corriente alterna<\/li>\n<\/ul>\n<\/li>\n<li><strong>Condiciones Ambientales:<\/strong>\n<ul>\n<li>Intervalo de temperatura operativa: 0 &#8211; 40 \u00b0C<\/li>\n<li>Intervalo de temperatura de almacenaje: -40 &#8211; 60 \u00b0C<\/li>\n<li>Intervalo de humedad relativa para funcionamiento: 10 &#8211; 90%<\/li>\n<li>Intervalo de humedad relativa durante almacenaje: 5 &#8211; 90%<\/li>\n<\/ul>\n<\/li>\n<li><strong>Protocolos:<\/strong>\n<ul>\n<li>Conectar y usar universal (UPnP, Universal Plug and Play): S\u00ed<\/li>\n<\/ul>\n<\/li>\n<li><strong>Seguridad:<\/strong>\n<ul>\n<li>Algoritmos de seguridad soportados: WPA-Enterprise, WPA-PSK, WPA2-Enterprise, WPA2-PSK, WPA3<\/li>\n<li>Cortafuegos: S\u00ed<\/li>\n<li>Filtro de URL: S\u00ed<\/li>\n<li>Soporte DMZ: S\u00ed<\/li>\n<\/ul>\n<\/li>\n<li><strong>Contenido del Embalaje:<\/strong>\n<ul>\n<li>Gu\u00eda de instalaci\u00f3n r\u00e1pida: S\u00ed<\/li>\n<\/ul>\n<\/li>\n<li><strong>Antena:<\/strong>\n<ul>\n<li>Dise\u00f1o de la antena: Externo<\/li>\n<li>Cantidad de antenas: 4<\/li>\n<\/ul>\n<\/li>\n<li><strong>Caracter\u00edsticas de LAN Inal\u00e1mbrico:<\/strong>\n<ul>\n<li>Banda Wi-Fi: Doble banda (2,4 GHz \/ 5 GHz)<\/li>\n<li>Est\u00e1ndar Wi-Fi: Wi-Fi 6 (802.11ax)<\/li>\n<li>Tasa de transferencia de datos WLAN (primera banda): 300 Mbps<\/li>\n<li>Tasa de transferencia de datos WLAN (segunda banda): 1201 Mbps<\/li>\n<li>Tasa de transferencia de datos WLAN (m\u00e1x.): 1501 Mbps<\/li>\n<li>Wi-Fi est\u00e1ndares: 802.11a, 802.11b, 802.11g, Wi-Fi 4 (802.11n), Wi-Fi 5 (802.11ac), Wi-Fi 6 (802.11ax)<\/li>\n<\/ul>\n<\/li>\n<li><strong>Caracter\u00edsticas de Administraci\u00f3n:<\/strong>\n<ul>\n<li>Calidad de servicio (QoS) soporte: S\u00ed<\/li>\n<li>Bot\u00f3n de restaurar: S\u00ed<\/li>\n<\/ul>\n<\/li>\n<li><strong>Dise\u00f1o:<\/strong>\n<ul>\n<li>Tipo de producto: Router de sobremesa<\/li>\n<li>Color del producto: Negro<\/li>\n<\/ul>\n<\/li>\n<li><strong>Conexi\u00f3n WAN:<\/strong>\n<ul>\n<li>Ethernet WAN: S\u00ed<\/li>\n<li>Ranura para tarjeta SIM: No<\/li>\n<li>Compatible con m\u00f3dem USB 3G \/ 4G: No<\/li>\n<li>DSL WAN: No<\/li>\n<\/ul>\n<\/li>\n<li><strong>Conexi\u00f3n:<\/strong>\n<ul>\n<li>Est\u00e1ndares de red: IEEE 802.11a, IEEE 802.11ac, IEEE 802.11ax, IEEE 802.11b, IEEE 802.11g, IEEE 802.11n<\/li>\n<li>Reenv\u00edo de puertos: S\u00ed<\/li>\n<li>Ethernet: S\u00ed<\/li>\n<li>Tipo de interfaz Ethernet LAN: Ethernet r\u00e1pido<\/li>\n<li>DNS din\u00e1mico: S\u00ed<\/li>\n<li>Port triggering (Desencadenamiento o lanzamiento de puertos): S\u00ed<\/li>\n<\/ul>\n<\/li>\n<li><strong>Sostenibilidad:<\/strong>\n<ul>\n<li>Certificados de sostenibilidad: CE, Comisi\u00f3n Federal de Comunicaciones (FCC) de Estados Unidos, RoHS<\/li>\n<\/ul>\n<\/li>\n<\/ul>\n<\/div>\n<\/div>\n<\/div>\n<div class=\"mt-1 flex gap-3 empty:hidden\">\n<div class=\"text-gray-400 flex self-end lg:self-center items-center justify-center lg:justify-start mt-0 -ml-1 h-7 gap-[2px] visible\">\n<p>&nbsp;<\/p>\n<div class=\"flex items-center gap-1.5 text-xs\"><\/div>\n<div class=\"flex\"><\/div>\n<\/div>\n<\/div>\n<div class=\"pr-2 lg:pr-0\"><\/div>\n<\/div>\n<\/div>\n<\/div>\n<\/div>\n<\/div>\n<\/div>\n<\/div>\n<\/div>\n<\/div>\n<\/div>\n<div class=\"w-full pt-2 md:pt-0 dark:border-white\/20 md:border-transparent md:dark:border-transparent md:w-[calc(100%-.5rem)]\">\n<form class=\"stretch mx-2 flex flex-row gap-3 last:mb-2 md:mx-4 md:last:mb-6 lg:mx-auto lg:max-w-2xl xl:max-w-3xl\">\n<div class=\"relative flex h-full flex-1 flex-col\">\n<div class=\"absolute bottom-full left-0 right-0\"><\/div>\n<div class=\"flex w-full items-center\"><\/div>\n<\/div>\n<\/form>\n<\/div>\n<\/div>\n","protected":false},"excerpt":{"rendered":"<p><span style=\"color: #ff0000;\"><strong>\u00a1ENV\u00cdO GRATIS!<\/strong><\/span><\/p>\n","protected":false},"featured_media":220645,"comment_status":"open","ping_status":"closed","template":"","meta":{"_joinchat":[]},"product_cat":[6536,7153],"product_tag":[],"class_list":{"0":"post-220644","1":"product","2":"type-product","3":"status-publish","4":"has-post-thumbnail","6":"product_cat-informatica-y-ocio","7":"product_cat-routers","9":"first","10":"instock","11":"sale","12":"taxable","13":"shipping-taxable","14":"purchasable","15":"product-type-simple"},"_links":{"self":[{"href":"https:\/\/desdropi.com\/elparque\/wp-json\/wp\/v2\/product\/220644"}],"collection":[{"href":"https:\/\/desdropi.com\/elparque\/wp-json\/wp\/v2\/product"}],"about":[{"href":"https:\/\/desdropi.com\/elparque\/wp-json\/wp\/v2\/types\/product"}],"replies":[{"embeddable":true,"href":"https:\/\/desdropi.com\/elparque\/wp-json\/wp\/v2\/comments?post=220644"}],"version-history":[{"count":0,"href":"https:\/\/desdropi.com\/elparque\/wp-json\/wp\/v2\/product\/220644\/revisions"}],"wp:featuredmedia":[{"embeddable":true,"href":"https:\/\/desdropi.com\/elparque\/wp-json\/wp\/v2\/media\/220645"}],"wp:attachment":[{"href":"https:\/\/desdropi.com\/elparque\/wp-json\/wp\/v2\/media?parent=220644"}],"wp:term":[{"taxonomy":"product_cat","embeddable":true,"href":"https:\/\/desdropi.com\/elparque\/wp-json\/wp\/v2\/product_cat?post=220644"},{"taxonomy":"product_tag","embeddable":true,"href":"https:\/\/desdropi.com\/elparque\/wp-json\/wp\/v2\/product_tag?post=220644"}],"curies":[{"name":"wp","href":"https:\/\/api.w.org\/{rel}","templated":true}]}}