{"id":220727,"date":"2024-04-25T23:10:41","date_gmt":"2024-04-25T21:10:41","guid":{"rendered":"https:\/\/desdropi.com\/elparque\/plancha-de-pelo-remington-s4740-ceramica-karite-230o\/"},"modified":"2025-04-14T03:24:07","modified_gmt":"2025-04-14T01:24:07","slug":"plancha-de-pelo-remington-s4740-ceramica-karite-230o","status":"publish","type":"product","link":"https:\/\/desdropi.com\/elparque\/plancha-de-pelo-remington-s4740-ceramica-karite-230o\/","title":{"rendered":"plancha de pelo remington s4740 ceramica karite 230\u00ba"},"content":{"rendered":"<div class=\"descripcion-tab\">\n<ul>\n<li>Placas con revestimiento de cer\u00e1mica avanzada y microacondicionadores enriquecidos con aceite de karit\u00e9<\/li>\n<li>Calentamiento ultrarr\u00e1pido en 15 segundos<\/li>\n<li>Control de temperatura digital con 5 ajustes, de 150 a 230 \u00b0C<\/li>\n<li>Pantalla LED<\/li>\n<li>Funci\u00f3n turbo<\/li>\n<li>Armaz\u00f3n de dise\u00f1o curvo especial<\/li>\n<li>Placas flotantes extralargas de 110 mm<\/li>\n<li>Dispositivo de cierre<\/li>\n<li>Voltaje universal<\/li>\n<li>Apagado autom\u00e1tico de seguridad despu\u00e9s de 60 minutos<\/li>\n<li>Cable giratorio<\/li>\n<li>Funda<\/li>\n<li>Garant\u00eda de 3+1 a\u00f1os<\/li>\n<\/ul>\n<\/div>\n","protected":false},"excerpt":{"rendered":"<p>Placas con revestimiento de cer\u00e1mica avanzada y microacondicionadores enriquecidos con aceite de karit\u00e9 Calentamiento ultrarr\u00e1pido en 15 segundos Control de<\/p>\n","protected":false},"featured_media":220728,"comment_status":"open","ping_status":"closed","template":"","meta":{"_joinchat":[]},"product_cat":[6512,6510,825,6097],"product_tag":[],"class_list":{"0":"post-220727","1":"product","2":"type-product","3":"status-publish","4":"has-post-thumbnail","6":"product_cat-planchas-de-pelo","7":"product_cat-vello-y-pelo","8":"product_cat-pequeno-electrodomestico","9":"product_cat-cuidado-personal","10":"pa_marca-remington","12":"first","13":"instock","14":"taxable","15":"shipping-taxable","16":"purchasable","17":"product-type-simple"},"_links":{"self":[{"href":"https:\/\/desdropi.com\/elparque\/wp-json\/wp\/v2\/product\/220727"}],"collection":[{"href":"https:\/\/desdropi.com\/elparque\/wp-json\/wp\/v2\/product"}],"about":[{"href":"https:\/\/desdropi.com\/elparque\/wp-json\/wp\/v2\/types\/product"}],"replies":[{"embeddable":true,"href":"https:\/\/desdropi.com\/elparque\/wp-json\/wp\/v2\/comments?post=220727"}],"version-history":[{"count":1,"href":"https:\/\/desdropi.com\/elparque\/wp-json\/wp\/v2\/product\/220727\/revisions"}],"predecessor-version":[{"id":225009,"href":"https:\/\/desdropi.com\/elparque\/wp-json\/wp\/v2\/product\/220727\/revisions\/225009"}],"wp:featuredmedia":[{"embeddable":true,"href":"https:\/\/desdropi.com\/elparque\/wp-json\/wp\/v2\/media\/220728"}],"wp:attachment":[{"href":"https:\/\/desdropi.com\/elparque\/wp-json\/wp\/v2\/media?parent=220727"}],"wp:term":[{"taxonomy":"product_cat","embeddable":true,"href":"https:\/\/desdropi.com\/elparque\/wp-json\/wp\/v2\/product_cat?post=220727"},{"taxonomy":"product_tag","embeddable":true,"href":"https:\/\/desdropi.com\/elparque\/wp-json\/wp\/v2\/product_tag?post=220727"}],"curies":[{"name":"wp","href":"https:\/\/api.w.org\/{rel}","templated":true}]}}