{"id":220736,"date":"2024-04-25T23:12:03","date_gmt":"2024-04-25T21:12:03","guid":{"rendered":"https:\/\/desdropi.com\/elparque\/plancha-de-pelo-remington-s9100-230o-ceram-optiheat\/"},"modified":"2025-04-14T03:24:57","modified_gmt":"2025-04-14T01:24:57","slug":"plancha-de-pelo-remington-s9100-230o-ceram-optiheat","status":"publish","type":"product","link":"https:\/\/desdropi.com\/elparque\/plancha-de-pelo-remington-s9100-230o-ceram-optiheat\/","title":{"rendered":"plancha de pelo remington s9100 230\u00ba ceram.optiheat"},"content":{"rendered":"<div class=\"descripcion-tab\">\n<ul>\n<li>Los peinados duran 24 horas<\/li>\n<li>Resultados de peluquer\u00eda que duran todo el d\u00eda<\/li>\n<li>La tecnolog\u00eda inteligente OPTIHeat aporta calor all\u00ed donde se necesita<\/li>\n<li>Peinados sanos y sin remordimientos con el modo Pro+<\/li>\n<li>Ajuste regulable hasta 230 \u00b0C<\/li>\n<li>Revestimiento de cer\u00e1mica de deslizamiento superior 5 veces m\u00e1s suave***<\/li>\n<li>Un pelo un 50 % m\u00e1s liso en una sola pasada<\/li>\n<\/ul>\n<\/div>\n","protected":false},"excerpt":{"rendered":"<p>Los peinados duran 24 horas Resultados de peluquer\u00eda que duran todo el d\u00eda La tecnolog\u00eda inteligente OPTIHeat aporta calor all\u00ed<\/p>\n","protected":false},"featured_media":220737,"comment_status":"open","ping_status":"closed","template":"","meta":{"_joinchat":[]},"product_cat":[6512,6510,825,6097],"product_tag":[],"class_list":{"0":"post-220736","1":"product","2":"type-product","3":"status-publish","4":"has-post-thumbnail","6":"product_cat-planchas-de-pelo","7":"product_cat-vello-y-pelo","8":"product_cat-pequeno-electrodomestico","9":"product_cat-cuidado-personal","10":"pa_marca-remington","12":"first","13":"instock","14":"taxable","15":"shipping-taxable","16":"purchasable","17":"product-type-simple"},"_links":{"self":[{"href":"https:\/\/desdropi.com\/elparque\/wp-json\/wp\/v2\/product\/220736"}],"collection":[{"href":"https:\/\/desdropi.com\/elparque\/wp-json\/wp\/v2\/product"}],"about":[{"href":"https:\/\/desdropi.com\/elparque\/wp-json\/wp\/v2\/types\/product"}],"replies":[{"embeddable":true,"href":"https:\/\/desdropi.com\/elparque\/wp-json\/wp\/v2\/comments?post=220736"}],"version-history":[{"count":1,"href":"https:\/\/desdropi.com\/elparque\/wp-json\/wp\/v2\/product\/220736\/revisions"}],"predecessor-version":[{"id":225011,"href":"https:\/\/desdropi.com\/elparque\/wp-json\/wp\/v2\/product\/220736\/revisions\/225011"}],"wp:featuredmedia":[{"embeddable":true,"href":"https:\/\/desdropi.com\/elparque\/wp-json\/wp\/v2\/media\/220737"}],"wp:attachment":[{"href":"https:\/\/desdropi.com\/elparque\/wp-json\/wp\/v2\/media?parent=220736"}],"wp:term":[{"taxonomy":"product_cat","embeddable":true,"href":"https:\/\/desdropi.com\/elparque\/wp-json\/wp\/v2\/product_cat?post=220736"},{"taxonomy":"product_tag","embeddable":true,"href":"https:\/\/desdropi.com\/elparque\/wp-json\/wp\/v2\/product_tag?post=220736"}],"curies":[{"name":"wp","href":"https:\/\/api.w.org\/{rel}","templated":true}]}}