{"id":220818,"date":"2024-04-26T19:39:34","date_gmt":"2024-04-26T17:39:34","guid":{"rendered":"https:\/\/desdropi.com\/elparque\/?post_type=product&#038;p=220818"},"modified":"2024-05-17T13:04:27","modified_gmt":"2024-05-17T11:04:27","slug":"masaje-pies-beurer-fb30-60w","status":"publish","type":"product","link":"https:\/\/desdropi.com\/elparque\/masaje-pies-beurer-fb30-60w\/","title":{"rendered":"MASAJE PIES BEURER FB30 60W"},"content":{"rendered":"<div class=\"descripcion-tab\">\n<strong>NOMBRE DEL PRODUCTO<\/strong><br \/>\nMarca BEURER<br \/>\nModelo MASAJE PIES BEURER FB30 60W<br \/>\nEAN4211125638504<br \/>\n<strong>Control de energ\u00eda<\/strong><\/p>\n<ul>\n<li>Potencia 60<\/li>\n<\/ul>\n<p><strong>Detalles t\u00e9cnicos<\/strong><\/p>\n<ul>\n<li>Uso adecuado Pie<\/li>\n<li>Funci\u00f3n de calentar S\u00ed<\/li>\n<li>Calor infrarrojo S\u00ed<\/li>\n<li>Funci\u00f3n de vibraci\u00f3n S\u00ed<\/li>\n<li>Color del producto Rosa, Blanco<\/li>\n<\/ul>\n<p><strong>Contenido del embalaje<\/strong><\/p>\n<ul>\n<li>N\u00famero de productos incluidos 1<\/li>\n<\/ul>\n<\/div>\n","protected":false},"excerpt":{"rendered":"<p><span style=\"color: #ff0000;\"><strong>\u00a1ENV\u00cdO GRATIS!<\/strong><\/span><\/p>\n","protected":false},"featured_media":220829,"comment_status":"open","ping_status":"closed","template":"","meta":{"_joinchat":[]},"product_cat":[7044,825,6097],"product_tag":[],"class_list":{"0":"post-220818","1":"product","2":"type-product","3":"status-publish","4":"has-post-thumbnail","6":"product_cat-masajes","7":"product_cat-pequeno-electrodomestico","8":"product_cat-cuidado-personal","10":"first","11":"instock","12":"sale","13":"taxable","14":"shipping-taxable","15":"purchasable","16":"product-type-simple"},"_links":{"self":[{"href":"https:\/\/desdropi.com\/elparque\/wp-json\/wp\/v2\/product\/220818"}],"collection":[{"href":"https:\/\/desdropi.com\/elparque\/wp-json\/wp\/v2\/product"}],"about":[{"href":"https:\/\/desdropi.com\/elparque\/wp-json\/wp\/v2\/types\/product"}],"replies":[{"embeddable":true,"href":"https:\/\/desdropi.com\/elparque\/wp-json\/wp\/v2\/comments?post=220818"}],"version-history":[{"count":0,"href":"https:\/\/desdropi.com\/elparque\/wp-json\/wp\/v2\/product\/220818\/revisions"}],"wp:featuredmedia":[{"embeddable":true,"href":"https:\/\/desdropi.com\/elparque\/wp-json\/wp\/v2\/media\/220829"}],"wp:attachment":[{"href":"https:\/\/desdropi.com\/elparque\/wp-json\/wp\/v2\/media?parent=220818"}],"wp:term":[{"taxonomy":"product_cat","embeddable":true,"href":"https:\/\/desdropi.com\/elparque\/wp-json\/wp\/v2\/product_cat?post=220818"},{"taxonomy":"product_tag","embeddable":true,"href":"https:\/\/desdropi.com\/elparque\/wp-json\/wp\/v2\/product_tag?post=220818"}],"curies":[{"name":"wp","href":"https:\/\/api.w.org\/{rel}","templated":true}]}}