{"id":220932,"date":"2024-04-29T22:32:28","date_gmt":"2024-04-29T20:32:28","guid":{"rendered":"https:\/\/desdropi.com\/elparque\/planchas-de-viaje-ufesa-pv0500-1100w-75g-235100\/"},"modified":"2025-04-13T22:23:56","modified_gmt":"2025-04-13T20:23:56","slug":"planchas-de-viaje-ufesa-pv0500-1100w-75g-235100","status":"publish","type":"product","link":"https:\/\/desdropi.com\/elparque\/planchas-de-viaje-ufesa-pv0500-1100w-75g-235100\/","title":{"rendered":"planchas de viaje ufesa pv0500 1100w 75g 235100"},"content":{"rendered":"<div class=\"descripcion-tab\">\n<strong>Nombre del Producto:<\/strong><\/p>\n<ul>\n<li>Marca: UFESA<\/li>\n<li>Modelo: PV0500<\/li>\n<li>EAN: 8412897679306<\/li>\n<\/ul>\n<p><strong>Peso y Dimensiones:<\/strong><\/p>\n<ul>\n<li>Peso: 860g<\/li>\n<li>Peso del Paquete: 950g<\/li>\n<li>Ancho: 230mm<\/li>\n<li>Profundidad: 105mm<\/li>\n<li>Altura: 115mm<\/li>\n<\/ul>\n<p><strong>Control de Energ\u00eda:<\/strong><\/p>\n<ul>\n<li>Potencia (W): 1100W<\/li>\n<li>Voltaje de Entrada AC: 110\/230V<\/li>\n<\/ul>\n<p><strong>Indicaci\u00f3n:<\/strong><\/p>\n<ul>\n<li>Luz de Indicaci\u00f3n: S\u00ed<\/li>\n<\/ul>\n<p><strong>Contenido del Embalaje:<\/strong><\/p>\n<ul>\n<li>Funda de Viaje: S\u00ed<\/li>\n<\/ul>\n<p><strong>Ergonom\u00eda:<\/strong><\/p>\n<ul>\n<li>Cord\u00f3n sin Torceduras: S\u00ed<\/li>\n<li>Base Rotatoria 360\u00b0: S\u00ed<\/li>\n<li>Dise\u00f1o de Plancha Ergon\u00f3mico: S\u00ed<\/li>\n<li>Bloqueo de Viaje: S\u00ed<\/li>\n<\/ul>\n<p><strong>Caracter\u00edsticas:<\/strong><\/p>\n<ul>\n<li>Color del Producto: P\u00farpura, Blanco<\/li>\n<li>Tipo: Plancha Vapor-Seco<\/li>\n<li>Funci\u00f3n de Vapor Vertical: S\u00ed<\/li>\n<li>Sin Cables: No<\/li>\n<li>Funda de Transporte: S\u00ed<\/li>\n<li>Material de la Suela\/Recubrimiento: Suela de Acero Inoxidable<\/li>\n<li>Vapor Variable: S\u00ed<\/li>\n<li>Longitud del Cable: 1,9m<\/li>\n<li>Golpe de Vapor (gr\/min): 75<\/li>\n<li>Funci\u00f3n de Refuerzo de Vapor: S\u00ed<\/li>\n<li>Vapor Continuo (gr\/min): 15<\/li>\n<li>Rotaci\u00f3n: 360\u00b0<\/li>\n<li>Indicadores LED: S\u00ed<\/li>\n<li>Manual de Usuario: S\u00ed<\/li>\n<li>Certificaci\u00f3n: CE<\/li>\n<li>Peso de Hierro: 860g<\/li>\n<li>Adherencia Suave: S\u00ed<\/li>\n<li>Funci\u00f3n Anti Goteo: S\u00ed<\/li>\n<li>Funci\u00f3n Spray: No<\/li>\n<li>Ajustes de Termostato: S\u00ed<\/li>\n<li>Dise\u00f1ado para Viaje: S\u00ed<\/li>\n<\/ul>\n<p><strong>Datos Log\u00edsticos:<\/strong><\/p>\n<ul>\n<li>Largo de la Caja Principal: 34cm<\/li>\n<li>Longitud de la Caja: 24cm<\/li>\n<li>Alto de la Caja Principal: 36cm<\/li>\n<li>Cantidad por Caja: 9 piezas<\/li>\n<\/ul>\n<\/div>\n","protected":false},"excerpt":{"rendered":"<p>Nombre del Producto: Marca: UFESA Modelo: PV0500 EAN: 8412897679306 Peso y Dimensiones: Peso: 860g Peso del Paquete: 950g Ancho: 230mm<\/p>\n","protected":false},"featured_media":221644,"comment_status":"open","ping_status":"closed","template":"","meta":{"_joinchat":[]},"product_cat":[6503,6504,825],"product_tag":[],"class_list":{"0":"post-220932","1":"product","2":"type-product","3":"status-publish","4":"has-post-thumbnail","6":"product_cat-planchado-y-ropa","7":"product_cat-planchas-de-vapor","8":"product_cat-pequeno-electrodomestico","9":"pa_marca-ufesa","11":"first","12":"instock","13":"taxable","14":"shipping-taxable","15":"purchasable","16":"product-type-simple"},"_links":{"self":[{"href":"https:\/\/desdropi.com\/elparque\/wp-json\/wp\/v2\/product\/220932"}],"collection":[{"href":"https:\/\/desdropi.com\/elparque\/wp-json\/wp\/v2\/product"}],"about":[{"href":"https:\/\/desdropi.com\/elparque\/wp-json\/wp\/v2\/types\/product"}],"replies":[{"embeddable":true,"href":"https:\/\/desdropi.com\/elparque\/wp-json\/wp\/v2\/comments?post=220932"}],"version-history":[{"count":1,"href":"https:\/\/desdropi.com\/elparque\/wp-json\/wp\/v2\/product\/220932\/revisions"}],"predecessor-version":[{"id":224622,"href":"https:\/\/desdropi.com\/elparque\/wp-json\/wp\/v2\/product\/220932\/revisions\/224622"}],"wp:featuredmedia":[{"embeddable":true,"href":"https:\/\/desdropi.com\/elparque\/wp-json\/wp\/v2\/media\/221644"}],"wp:attachment":[{"href":"https:\/\/desdropi.com\/elparque\/wp-json\/wp\/v2\/media?parent=220932"}],"wp:term":[{"taxonomy":"product_cat","embeddable":true,"href":"https:\/\/desdropi.com\/elparque\/wp-json\/wp\/v2\/product_cat?post=220932"},{"taxonomy":"product_tag","embeddable":true,"href":"https:\/\/desdropi.com\/elparque\/wp-json\/wp\/v2\/product_tag?post=220932"}],"curies":[{"name":"wp","href":"https:\/\/api.w.org\/{rel}","templated":true}]}}