{"id":220936,"date":"2024-04-29T22:34:31","date_gmt":"2024-04-29T20:34:31","guid":{"rendered":"https:\/\/desdropi.com\/elparque\/secador-de-pelo-ufesa-sc8460-2400w-ac-60304769\/"},"modified":"2025-04-13T22:33:55","modified_gmt":"2025-04-13T20:33:55","slug":"secador-de-pelo-ufesa-sc8460-2400w-ac-60304769","status":"publish","type":"product","link":"https:\/\/desdropi.com\/elparque\/secador-de-pelo-ufesa-sc8460-2400w-ac-60304769\/","title":{"rendered":"secador de pelo ufesa sc8460 2400w ac 60304769"},"content":{"rendered":"<div class=\"descripcion-tab\">\n<strong>Nombre del Producto:<\/strong><\/p>\n<ul>\n<li>Marca: UFESA<\/li>\n<li>Modelo: SC8460STYLE<\/li>\n<li>EAN: 8422160047695<\/li>\n<\/ul>\n<p><strong>Peso y Dimensiones:<\/strong><\/p>\n<ul>\n<li>Ancho: 222mm<\/li>\n<li>Profundidad: 110mm<\/li>\n<li>Altura: 290mm<\/li>\n<\/ul>\n<p><strong>Control de Energ\u00eda:<\/strong><\/p>\n<ul>\n<li>Potencia: 2400W<\/li>\n<\/ul>\n<p><strong>Contenido del Embalaje:<\/strong><\/p>\n<ul>\n<li>Anchura de la Boquilla Estrecha: 6mm<\/li>\n<li>Boquilla Concentradora: S\u00ed<\/li>\n<li>Difusor de la Boquilla: S\u00ed<\/li>\n<\/ul>\n<p><strong>Dise\u00f1o:<\/strong><\/p>\n<ul>\n<li>Color del Producto: Negro<\/li>\n<li>Coloraci\u00f3n de Superficie: Mon\u00f3tono<\/li>\n<li>Para Colgar: S\u00ed<\/li>\n<li>Tipo de Colgador: Con agujero en la empu\u00f1adura para colgar<\/li>\n<li>Tipo de Control: Control deslizante<\/li>\n<\/ul>\n<p><strong>Desempe\u00f1o:<\/strong><\/p>\n<ul>\n<li>Funci\u00f3n de Disparo Fr\u00edo: S\u00ed<\/li>\n<li>Funci\u00f3n I\u00f3nica: S\u00ed<\/li>\n<li>N\u00famero de Velocidades: 2<\/li>\n<li>Ajuste de Calefacci\u00f3n: 3<\/li>\n<li>Temperatura Ajustable: S\u00ed<\/li>\n<li>Filtrado: S\u00ed<\/li>\n<\/ul>\n<\/div>\n","protected":false},"excerpt":{"rendered":"<p>Nombre del Producto: Marca: UFESA Modelo: SC8460STYLE EAN: 8422160047695 Peso y Dimensiones: Ancho: 222mm Profundidad: 110mm Altura: 290mm Control de<\/p>\n","protected":false},"featured_media":221655,"comment_status":"open","ping_status":"closed","template":"","meta":{"_joinchat":[]},"product_cat":[6511,6510,825,6097],"product_tag":[],"class_list":{"0":"post-220936","1":"product","2":"type-product","3":"status-publish","4":"has-post-thumbnail","6":"product_cat-secadores-de-pelo","7":"product_cat-vello-y-pelo","8":"product_cat-pequeno-electrodomestico","9":"product_cat-cuidado-personal","10":"pa_marca-ufesa","12":"first","13":"instock","14":"taxable","15":"shipping-taxable","16":"purchasable","17":"product-type-simple"},"_links":{"self":[{"href":"https:\/\/desdropi.com\/elparque\/wp-json\/wp\/v2\/product\/220936"}],"collection":[{"href":"https:\/\/desdropi.com\/elparque\/wp-json\/wp\/v2\/product"}],"about":[{"href":"https:\/\/desdropi.com\/elparque\/wp-json\/wp\/v2\/types\/product"}],"replies":[{"embeddable":true,"href":"https:\/\/desdropi.com\/elparque\/wp-json\/wp\/v2\/comments?post=220936"}],"version-history":[{"count":1,"href":"https:\/\/desdropi.com\/elparque\/wp-json\/wp\/v2\/product\/220936\/revisions"}],"predecessor-version":[{"id":224634,"href":"https:\/\/desdropi.com\/elparque\/wp-json\/wp\/v2\/product\/220936\/revisions\/224634"}],"wp:featuredmedia":[{"embeddable":true,"href":"https:\/\/desdropi.com\/elparque\/wp-json\/wp\/v2\/media\/221655"}],"wp:attachment":[{"href":"https:\/\/desdropi.com\/elparque\/wp-json\/wp\/v2\/media?parent=220936"}],"wp:term":[{"taxonomy":"product_cat","embeddable":true,"href":"https:\/\/desdropi.com\/elparque\/wp-json\/wp\/v2\/product_cat?post=220936"},{"taxonomy":"product_tag","embeddable":true,"href":"https:\/\/desdropi.com\/elparque\/wp-json\/wp\/v2\/product_tag?post=220936"}],"curies":[{"name":"wp","href":"https:\/\/api.w.org\/{rel}","templated":true}]}}