{"id":220944,"date":"2024-04-29T22:46:24","date_gmt":"2024-04-29T20:46:24","guid":{"rendered":"https:\/\/desdropi.com\/elparque\/rizador-ufesa-ct4019-ringlet-19mm-2\/"},"modified":"2025-04-13T23:51:05","modified_gmt":"2025-04-13T21:51:05","slug":"rizador-ufesa-ct4019-ringlet-19mm-2","status":"publish","type":"product","link":"https:\/\/desdropi.com\/elparque\/rizador-ufesa-ct4019-ringlet-19mm-2\/","title":{"rendered":"rizador ufesa ct4019 ringlet 19mm"},"content":{"rendered":"<div class=\"descripcion-tab\">\n<strong>Nombre del Producto:<\/strong><\/p>\n<ul>\n<li>Marca: UFESA<\/li>\n<li>Modelo: RIZADOR UFESA CT4019 RINGLET 19MM<\/li>\n<li>EAN: 8422160052002<\/li>\n<\/ul>\n<p><strong>Control de Energ\u00eda:<\/strong><\/p>\n<ul>\n<li>Fuente de Energ\u00eda: Bater\u00eda<\/li>\n<li>Tipo de Bater\u00eda: Integrado<\/li>\n<\/ul>\n<p><strong>Ergonom\u00eda:<\/strong><\/p>\n<ul>\n<li>Pantalla Incorporada: S\u00ed<\/li>\n<li>Tipo de Visualizador: LED<\/li>\n<li>Interruptor de Encendido\/Apagado Integrado: S\u00ed<\/li>\n<\/ul>\n<p><strong>Dise\u00f1o:<\/strong><\/p>\n<ul>\n<li>Color del Producto: Gris, Granate<\/li>\n<\/ul>\n<p><strong>Desempe\u00f1o:<\/strong><\/p>\n<ul>\n<li>Tipo: Rizador de Pelo Autom\u00e1tico<\/li>\n<li>Tecnolog\u00eda: Caliente<\/li>\n<li>Hair Straightening: No<\/li>\n<li>Hair Curling: S\u00ed<\/li>\n<li>Hair Texturizing: S\u00ed<\/li>\n<li>Hair Drying: No<\/li>\n<li>Sistema de Calefacci\u00f3n de Cer\u00e1mica: S\u00ed<\/li>\n<li>Ajustes de Termostato: S\u00ed<\/li>\n<li>Tipo de Control: Barra de Desplazamiento<\/li>\n<li>Utilizar con: Cabello Seco<\/li>\n<li>Temperatura (m\u00edn): 150\u00b0C<\/li>\n<li>Temperatura (m\u00e1x): 210\u00b0C<\/li>\n<\/ul>\n<\/div>\n","protected":false},"excerpt":{"rendered":"<p>Nombre del Producto: Marca: UFESA Modelo: RIZADOR UFESA CT4019 RINGLET 19MM EAN: 8422160052002 Control de Energ\u00eda: Fuente de Energ\u00eda: Bater\u00eda<\/p>\n","protected":false},"featured_media":221699,"comment_status":"open","ping_status":"closed","template":"","meta":{"_joinchat":[]},"product_cat":[6528,6510,825,6097],"product_tag":[],"class_list":{"0":"post-220944","1":"product","2":"type-product","3":"status-publish","4":"has-post-thumbnail","6":"product_cat-rizadores-y-moldeadores","7":"product_cat-vello-y-pelo","8":"product_cat-pequeno-electrodomestico","9":"product_cat-cuidado-personal","10":"pa_marca-ufesa","12":"first","13":"instock","14":"taxable","15":"shipping-taxable","16":"purchasable","17":"product-type-simple"},"_links":{"self":[{"href":"https:\/\/desdropi.com\/elparque\/wp-json\/wp\/v2\/product\/220944"}],"collection":[{"href":"https:\/\/desdropi.com\/elparque\/wp-json\/wp\/v2\/product"}],"about":[{"href":"https:\/\/desdropi.com\/elparque\/wp-json\/wp\/v2\/types\/product"}],"replies":[{"embeddable":true,"href":"https:\/\/desdropi.com\/elparque\/wp-json\/wp\/v2\/comments?post=220944"}],"version-history":[{"count":1,"href":"https:\/\/desdropi.com\/elparque\/wp-json\/wp\/v2\/product\/220944\/revisions"}],"predecessor-version":[{"id":224738,"href":"https:\/\/desdropi.com\/elparque\/wp-json\/wp\/v2\/product\/220944\/revisions\/224738"}],"wp:featuredmedia":[{"embeddable":true,"href":"https:\/\/desdropi.com\/elparque\/wp-json\/wp\/v2\/media\/221699"}],"wp:attachment":[{"href":"https:\/\/desdropi.com\/elparque\/wp-json\/wp\/v2\/media?parent=220944"}],"wp:term":[{"taxonomy":"product_cat","embeddable":true,"href":"https:\/\/desdropi.com\/elparque\/wp-json\/wp\/v2\/product_cat?post=220944"},{"taxonomy":"product_tag","embeddable":true,"href":"https:\/\/desdropi.com\/elparque\/wp-json\/wp\/v2\/product_tag?post=220944"}],"curies":[{"name":"wp","href":"https:\/\/api.w.org\/{rel}","templated":true}]}}