{"id":220952,"date":"2024-04-29T23:12:55","date_gmt":"2024-04-29T21:12:55","guid":{"rendered":"https:\/\/desdropi.com\/elparque\/cafetera-de-goteo-ufesa-12t-15l-680w\/"},"modified":"2025-04-14T03:10:14","modified_gmt":"2025-04-14T01:10:14","slug":"cafetera-de-goteo-ufesa-12t-15l-680w","status":"publish","type":"product","link":"https:\/\/desdropi.com\/elparque\/cafetera-de-goteo-ufesa-12t-15l-680w\/","title":{"rendered":"cafetera de goteo ufesa 12t 1,5l 680w"},"content":{"rendered":"<div class=\"descripcion-tab\">\n<strong>Nombre del Producto:<\/strong><\/p>\n<ul>\n<li>Marca: UFESA<\/li>\n<li>Modelo: CG7123<\/li>\n<li>EAN: 8422160045646<\/li>\n<\/ul>\n<p><strong>Peso y Dimensiones:<\/strong><\/p>\n<ul>\n<li>Ancho: 240mm<\/li>\n<li>Profundidad: 180mm<\/li>\n<li>Altura: 316mm<\/li>\n<\/ul>\n<p><strong>Control de Energ\u00eda:<\/strong><\/p>\n<ul>\n<li>Potencia: 800W<\/li>\n<\/ul>\n<p><strong>Ergonom\u00eda:<\/strong><\/p>\n<ul>\n<li>Soporte del Filtro Desmontable: S\u00ed<\/li>\n<li>Filtro Pivotante Desmontable: S\u00ed<\/li>\n<li>Indicador de Nivel de Agua: S\u00ed<\/li>\n<li>Color del Producto: Blanco<\/li>\n<li>Tipo de Control: No disponible<\/li>\n<li>Pantalla Incorporada: No<\/li>\n<\/ul>\n<p><strong>Desempe\u00f1o:<\/strong><\/p>\n<ul>\n<li>Colocaci\u00f3n del Electrodom\u00e9stico: Encimera<\/li>\n<li>Tipo de Cafetera: Cafetera de Filtro<\/li>\n<li>Capacidad del Dep\u00f3sito de Agua: 1,5L<\/li>\n<li>Tipo de Caf\u00e9 de Entrada: Caf\u00e9 Molido<\/li>\n<li>Dep\u00f3sito para Caf\u00e9 Preparado: Jarra<\/li>\n<li>Capacidad en Tazas: 12<\/li>\n<li>Molinillo Integrado: No<\/li>\n<li>Tipo de M\u00e1quina de Caf\u00e9: Manual<\/li>\n<li>Intensidad del Caf\u00e9 Ajustable: No<\/li>\n<li>Sistema de Agua Caliente: No<\/li>\n<\/ul>\n<p><strong>Funciones y Programas de Cocina:<\/strong><\/p>\n<ul>\n<li>Preparaci\u00f3n de Caf\u00e9: S\u00ed<\/li>\n<li>Preparaci\u00f3n de Espresso: No<\/li>\n<li>Preparaci\u00f3n de Cappuccino: No<\/li>\n<\/ul>\n<\/div>\n","protected":false},"excerpt":{"rendered":"<p>Nombre del Producto: Marca: UFESA Modelo: CG7123 EAN: 8422160045646 Peso y Dimensiones: Ancho: 240mm Profundidad: 180mm Altura: 316mm Control de<\/p>\n","protected":false},"featured_media":221050,"comment_status":"open","ping_status":"closed","template":"","meta":{"_joinchat":[]},"product_cat":[6516,6540,825],"product_tag":[],"class_list":{"0":"post-220952","1":"product","2":"type-product","3":"status-publish","4":"has-post-thumbnail","6":"product_cat-cafeteras-pequeno-electrodomestico","7":"product_cat-de-goteo","8":"product_cat-pequeno-electrodomestico","9":"pa_marca-ufesa","11":"first","12":"instock","13":"taxable","14":"shipping-taxable","15":"purchasable","16":"product-type-simple"},"_links":{"self":[{"href":"https:\/\/desdropi.com\/elparque\/wp-json\/wp\/v2\/product\/220952"}],"collection":[{"href":"https:\/\/desdropi.com\/elparque\/wp-json\/wp\/v2\/product"}],"about":[{"href":"https:\/\/desdropi.com\/elparque\/wp-json\/wp\/v2\/types\/product"}],"replies":[{"embeddable":true,"href":"https:\/\/desdropi.com\/elparque\/wp-json\/wp\/v2\/comments?post=220952"}],"version-history":[{"count":1,"href":"https:\/\/desdropi.com\/elparque\/wp-json\/wp\/v2\/product\/220952\/revisions"}],"predecessor-version":[{"id":224983,"href":"https:\/\/desdropi.com\/elparque\/wp-json\/wp\/v2\/product\/220952\/revisions\/224983"}],"wp:featuredmedia":[{"embeddable":true,"href":"https:\/\/desdropi.com\/elparque\/wp-json\/wp\/v2\/media\/221050"}],"wp:attachment":[{"href":"https:\/\/desdropi.com\/elparque\/wp-json\/wp\/v2\/media?parent=220952"}],"wp:term":[{"taxonomy":"product_cat","embeddable":true,"href":"https:\/\/desdropi.com\/elparque\/wp-json\/wp\/v2\/product_cat?post=220952"},{"taxonomy":"product_tag","embeddable":true,"href":"https:\/\/desdropi.com\/elparque\/wp-json\/wp\/v2\/product_tag?post=220952"}],"curies":[{"name":"wp","href":"https:\/\/api.w.org\/{rel}","templated":true}]}}