{"id":220958,"date":"2024-04-29T23:22:34","date_gmt":"2024-04-29T21:22:34","guid":{"rendered":"https:\/\/desdropi.com\/elparque\/batidora-varilla-ufesa-pulsar-600-600w-s-a-pie-plastico\/"},"modified":"2025-04-14T03:58:41","modified_gmt":"2025-04-14T01:58:41","slug":"batidora-varilla-ufesa-pulsar-600-600w-s-a-pie-plastico","status":"publish","type":"product","link":"https:\/\/desdropi.com\/elparque\/batidora-varilla-ufesa-pulsar-600-600w-s-a-pie-plastico\/","title":{"rendered":"batidora varilla ufesa pulsar 600 600w s\/a pie plastico"},"content":{"rendered":"<div class=\"descripcion-tab\"><strong>NOMBRE DEL PRODUCTO<\/strong><\/div>\n<ul>\n<li>Marca: UFESA<\/li>\n<li>Modelo: PULSAR &#8211; 600W<\/li>\n<li>EAN: 8422160055218<\/li>\n<\/ul>\n<p><strong>Control de Energ\u00eda<\/strong><\/p>\n<ul>\n<li>Potencia: 600W<\/li>\n<li>Fuente de energ\u00eda: Corriente alterna<\/li>\n<\/ul>\n<p><strong>Contenido del Embalaje<\/strong><\/p>\n<ul>\n<li>N\u00famero de cuchillas: 2<\/li>\n<\/ul>\n<p><strong>Dise\u00f1o<\/strong><\/p>\n<ul>\n<li>Pu\u00f1o ergon\u00f3mico: S\u00ed<\/li>\n<li>Tipo de batidora: Batidora de inmersi\u00f3n<\/li>\n<li>Color del producto: Verde, Blanco<\/li>\n<\/ul>\n<p><strong>Desempe\u00f1o<\/strong><\/p>\n<ul>\n<li>Tipo de control: Botones<\/li>\n<li>Turbo: S\u00ed<\/li>\n<\/ul>\n","protected":false},"excerpt":{"rendered":"<p>NOMBRE DEL PRODUCTO Marca: UFESA Modelo: PULSAR &#8211; 600W EAN: 8422160055218 Control de Energ\u00eda Potencia: 600W Fuente de energ\u00eda: Corriente<\/p>\n","protected":false},"featured_media":221489,"comment_status":"open","ping_status":"closed","template":"","meta":{"_joinchat":[]},"product_cat":[6500,825,831,851],"product_tag":[],"class_list":{"0":"post-220958","1":"product","2":"type-product","3":"status-publish","4":"has-post-thumbnail","6":"product_cat-de-varilla","7":"product_cat-pequeno-electrodomestico","8":"product_cat-accesorios-de-cocina","9":"product_cat-batidoras-cocina","10":"pa_marca-ufesa","12":"first","13":"instock","14":"taxable","15":"shipping-taxable","16":"purchasable","17":"product-type-simple"},"_links":{"self":[{"href":"https:\/\/desdropi.com\/elparque\/wp-json\/wp\/v2\/product\/220958"}],"collection":[{"href":"https:\/\/desdropi.com\/elparque\/wp-json\/wp\/v2\/product"}],"about":[{"href":"https:\/\/desdropi.com\/elparque\/wp-json\/wp\/v2\/types\/product"}],"replies":[{"embeddable":true,"href":"https:\/\/desdropi.com\/elparque\/wp-json\/wp\/v2\/comments?post=220958"}],"version-history":[{"count":1,"href":"https:\/\/desdropi.com\/elparque\/wp-json\/wp\/v2\/product\/220958\/revisions"}],"predecessor-version":[{"id":225071,"href":"https:\/\/desdropi.com\/elparque\/wp-json\/wp\/v2\/product\/220958\/revisions\/225071"}],"wp:featuredmedia":[{"embeddable":true,"href":"https:\/\/desdropi.com\/elparque\/wp-json\/wp\/v2\/media\/221489"}],"wp:attachment":[{"href":"https:\/\/desdropi.com\/elparque\/wp-json\/wp\/v2\/media?parent=220958"}],"wp:term":[{"taxonomy":"product_cat","embeddable":true,"href":"https:\/\/desdropi.com\/elparque\/wp-json\/wp\/v2\/product_cat?post=220958"},{"taxonomy":"product_tag","embeddable":true,"href":"https:\/\/desdropi.com\/elparque\/wp-json\/wp\/v2\/product_tag?post=220958"}],"curies":[{"name":"wp","href":"https:\/\/api.w.org\/{rel}","templated":true}]}}