{"id":221102,"date":"2024-05-03T09:13:47","date_gmt":"2024-05-03T07:13:47","guid":{"rendered":"https:\/\/desdropi.com\/elparque\/?post_type=product&#038;p=221102"},"modified":"2025-04-14T09:30:16","modified_gmt":"2025-04-14T07:30:16","slug":"lavadora-cecotec-02178-10kg-1400rpm-inverter-clase-a","status":"publish","type":"product","link":"https:\/\/desdropi.com\/elparque\/lavadora-cecotec-02178-10kg-1400rpm-inverter-clase-a\/","title":{"rendered":"LAVADORA CECOTEC 02178 10Kg 1400RPM INVERTER CLASE\/A"},"content":{"rendered":"<div class=\"descripcion-tab\">\n<strong>Descripci\u00f3n<\/strong><\/p>\n<ul>\n<li>Capacidad 10 kg: capacidad ideal para la colada de toda la familia.<\/li>\n<li>Regula sus revoluciones: podr\u00e1s programar las revoluciones de la lavadora hasta 1400 rpm, adapt\u00e1ndose as\u00ed a tus tejidos y necesidades.<\/li>\n<li>16 programas: el que m\u00e1s se ajuste a tus necesidades dentro de su amplio abanico.<\/li>\n<li>Clase A: m\u00e1xima eficiencia energ\u00e9tica que permite un gran ahorro energ\u00e9tico en cada lavado.<\/li>\n<li>Eficiencia lavado tras lavado: su motor Inverter Plus garantiza un funcionamiento eficiente lavado tras lavado, lo que permite ahorrar\u00b9 m\u00e1s de un 70 % en comparaci\u00f3n con un motor universal. Adem\u00e1s, reduce el ruido durante su funcionamiento, sobre todo en la fase de centrifugado y lavado. \u00b9Reducci\u00f3n en un 70 % del consumo de electricidad basado en la comparativa de etiqueta energ\u00e9tica entre los modelos Bolero DressCode con Motor Inverter y los modelos Bolero DressCode sin Motor Inverter.<\/li>\n<li>SteamMax: envuelve la colada con vapor para penetrar eficazmente en cada prenda, esterelizarla y eliminar cualquier mancha y olor.<\/li>\n<li>Drum Clean: el tambor se limpia solo para evitar la acumulaci\u00f3n de bacterias. Libre de suciedad y malos olores.<\/li>\n<li>Allergy Care: programa seleccionable que esteriliza la ropa mediante vapora adem\u00e1s de utilizar agua a grandes temperaturas.<\/li>\n<li>Funci\u00f3n Stop&amp;Go: para la lavadora durante su funcionamiento para recargarla. Si te has olvidado de meter algo, o quieres sacar algo, una vez empezado el programa, podr\u00e1s pararla y abrirla para retirar algo o recargarla.<\/li>\n<li>Modo Eco: programa mediante el cual reduce consumo y ruido utilizando una potencia de lavado m\u00e1s suave.<\/li>\n<li>Programa tus lavados: con la funci\u00f3n DelayStart podr\u00e1s programar el inicio del lavado entre 0 y 24 h antes.<\/li>\n<li>Kid Lock: el bloqueo de seguridad para ni\u00f1os, evita que puedan controlar la lavadora e impide accidentes en tu hogar.<\/li>\n<li>Diamond Care: cuida la ropa en todos tus lavados gracias al tambor en forma de diamante.<\/li>\n<\/ul>\n<p><strong>Composici\u00f3n<\/strong><\/p>\n<ul>\n<li>Lavadora<\/li>\n<li>Manguera suministro agua<\/li>\n<li>Manual<\/li>\n<li>Patas de transporte<\/li>\n<\/ul>\n<\/div>\n","protected":false},"excerpt":{"rendered":"<p>Descripci\u00f3n Capacidad 10 kg: capacidad ideal para la colada de toda la familia. Regula sus revoluciones: podr\u00e1s programar las revoluciones<\/p>\n","protected":false},"featured_media":221484,"comment_status":"open","ping_status":"closed","template":"","meta":{"_joinchat":[]},"product_cat":[6443,6444,780],"product_tag":[],"class_list":{"0":"post-221102","1":"product","2":"type-product","3":"status-publish","4":"has-post-thumbnail","6":"product_cat-lavadoras","7":"product_cat-carga-frontal-lavadoras","8":"product_cat-gran-electrodomestico","10":"first","11":"instock","12":"taxable","13":"shipping-taxable","14":"purchasable","15":"product-type-simple"},"_links":{"self":[{"href":"https:\/\/desdropi.com\/elparque\/wp-json\/wp\/v2\/product\/221102"}],"collection":[{"href":"https:\/\/desdropi.com\/elparque\/wp-json\/wp\/v2\/product"}],"about":[{"href":"https:\/\/desdropi.com\/elparque\/wp-json\/wp\/v2\/types\/product"}],"replies":[{"embeddable":true,"href":"https:\/\/desdropi.com\/elparque\/wp-json\/wp\/v2\/comments?post=221102"}],"version-history":[{"count":0,"href":"https:\/\/desdropi.com\/elparque\/wp-json\/wp\/v2\/product\/221102\/revisions"}],"wp:featuredmedia":[{"embeddable":true,"href":"https:\/\/desdropi.com\/elparque\/wp-json\/wp\/v2\/media\/221484"}],"wp:attachment":[{"href":"https:\/\/desdropi.com\/elparque\/wp-json\/wp\/v2\/media?parent=221102"}],"wp:term":[{"taxonomy":"product_cat","embeddable":true,"href":"https:\/\/desdropi.com\/elparque\/wp-json\/wp\/v2\/product_cat?post=221102"},{"taxonomy":"product_tag","embeddable":true,"href":"https:\/\/desdropi.com\/elparque\/wp-json\/wp\/v2\/product_tag?post=221102"}],"curies":[{"name":"wp","href":"https:\/\/api.w.org\/{rel}","templated":true}]}}