{"id":221112,"date":"2024-05-03T12:44:32","date_gmt":"2024-05-03T10:44:32","guid":{"rendered":"https:\/\/desdropi.com\/elparque\/?post_type=product&#038;p=221112"},"modified":"2024-06-05T11:33:57","modified_gmt":"2024-06-05T09:33:57","slug":"tv-tcl-43-43c655-uhd-qled-googletv-dolby-atmos","status":"publish","type":"product","link":"https:\/\/desdropi.com\/elparque\/tv-tcl-43-43c655-uhd-qled-googletv-dolby-atmos\/","title":{"rendered":"TV TCL 43&#8243; 43C655 UHD QLED GOOGLETV DOLBY ATMOS"},"content":{"rendered":"<div class=\"descripcion-tab\">\n<p><strong>Nombre del Producto:<\/strong> TCL 43C655<\/p>\n<ul>\n<li><strong>Marca:<\/strong> TCL<\/li>\n<li><strong>Modelo:<\/strong> 43C655<\/li>\n<li><strong>EAN:<\/strong> 5901292523213<\/li>\n<\/ul>\n<p><strong>Exhibici\u00f3n:<\/strong><\/p>\n<ul>\n<li><strong>Tecnolog\u00eda del panel:<\/strong> QLED<\/li>\n<li><strong>Retroiluminaci\u00f3n:<\/strong> LED (Direct-LED)<\/li>\n<li><strong>Gama de colores est\u00e1ndar:<\/strong> Rec. 709<\/li>\n<li><strong>Brillo de pantalla:<\/strong> 450<\/li>\n<li><strong>Frecuencia nativa de refresco:<\/strong> 60 Hz<\/li>\n<li><strong>Tecnolog\u00eda de interpolaci\u00f3n de movimiento:<\/strong> PPI (Picture Performance Index) 3200<\/li>\n<li><strong>Relaci\u00f3n de contraste din\u00e1mico:<\/strong> Mega Contrast<\/li>\n<li><strong>Tiempo de respuesta:<\/strong> 15 ms<\/li>\n<li><strong>Relaci\u00f3n de luminosidad m\u00e1xima:<\/strong> 82%<\/li>\n<li><strong>Diagonal de pantalla:<\/strong> 43&#8243; (108 cm)<\/li>\n<li><strong>Resoluci\u00f3n de pantalla:<\/strong> 3840 x 2160 (4K Ultra HD)<\/li>\n<li><strong>Relaci\u00f3n de aspecto nativa:<\/strong> 16:9<\/li>\n<li><strong>Raz\u00f3n de contraste (t\u00edpica):<\/strong> 5000:1<\/li>\n<li><strong>\u00c1ngulo de visi\u00f3n:<\/strong> Horizontal 178\u00b0, Vertical 178\u00b0<\/li>\n<li><strong>Pantalla antirreflectante:<\/strong> S\u00ed<\/li>\n<li><strong>Forma de la pantalla:<\/strong> Plana<\/li>\n<\/ul>\n<p><strong>Audio:<\/strong><\/p>\n<ul>\n<li><strong>N\u00famero de altavoces:<\/strong> 2<\/li>\n<li><strong>Potencia estimada RMS:<\/strong> 20W<\/li>\n<li><strong>Canales de salida de audio:<\/strong> 2.0<\/li>\n<li><strong>Decodificadores incorporados:<\/strong> DTS Virtual:X, DTS-HD, Dolby Atmos, Dolby Audio, Dolby TrueHD<\/li>\n<li><strong>Ecualizador:<\/strong> S\u00ed<\/li>\n<li><strong>Nivelador autom\u00e1tico de volumen:<\/strong> S\u00ed<\/li>\n<li><strong>Enhanced Audio Return Channel (eARC):<\/strong> S\u00ed<\/li>\n<\/ul>\n<p><strong>Puertos e Interfaces:<\/strong><\/p>\n<ul>\n<li><strong>Interfaz com\u00fan Plus (CI+):<\/strong> S\u00ed (Versi\u00f3n 1.4)<\/li>\n<li><strong>Puertos HDMI:<\/strong> 3 (Versi\u00f3n 2.1, HDCP 2.2)<\/li>\n<li><strong>Puertos USB:<\/strong> 1 (USB 3.2 Gen 1)<\/li>\n<li><strong>Ethernet LAN:<\/strong> 1<\/li>\n<li><strong>Audio digital, salida \u00f3ptica:<\/strong> 1<\/li>\n<li><strong>Puertos RF:<\/strong> 2 (Tipo de conector RFF, IEC)<\/li>\n<li><strong>Interfaz com\u00fan:<\/strong> S\u00ed<\/li>\n<li><strong>Entrada de audio (L,R):<\/strong> 1<\/li>\n<\/ul>\n<p><strong>Peso y Dimensiones:<\/strong><\/p>\n<ul>\n<li><strong>Dimensiones con soporte:<\/strong> 956 mm (Ancho) x 185 mm (Profundidad) x 600 mm (Altura)<\/li>\n<li><strong>Peso con soporte:<\/strong> 6.9 kg<\/li>\n<li><strong>Dimensiones sin base:<\/strong> 956 mm (Ancho) x 73 mm (Profundidad) x 559 mm (Altura)<\/li>\n<li><strong>Peso sin base:<\/strong> 6.8 kg<\/li>\n<\/ul>\n<p><strong>Control de Energ\u00eda:<\/strong><\/p>\n<ul>\n<li><strong>Clasificaci\u00f3n de eficiencia energ\u00e9tica (HDR\/SDR):<\/strong> G\/F<\/li>\n<li><strong>Consumo de energ\u00eda:<\/strong> 115W<\/li>\n<li><strong>Voltaje de entrada AC:<\/strong> 220 &#8211; 240V<\/li>\n<\/ul>\n<p><strong>Empaquetado:<\/strong><\/p>\n<ul>\n<li><strong>Dimensiones del paquete:<\/strong> 1075 mm (Ancho) x 122 mm (Profundidad) x 646 mm (Altura)<\/li>\n<li><strong>Peso del paquete:<\/strong> 9.2 kg<\/li>\n<\/ul>\n<p><strong>Sintonizador de la TV:<\/strong><\/p>\n<ul>\n<li><strong>Tipo de sintonizador:<\/strong> Anal\u00f3gico y digital<\/li>\n<li><strong>Se\u00f1al anal\u00f3gica:<\/strong> NTSC, PAL BG, PAL DK, PAL I, PAL L, SECAM B\/G, SECAM D\/K, SECAM L<\/li>\n<li><strong>B\u00fasqueda de canal autom\u00e1tica:<\/strong> S\u00ed<\/li>\n<li><strong>Formato de se\u00f1al digital:<\/strong> DVB-C, DVB-S2, DVB-T2<\/li>\n<\/ul>\n<p><strong>Contenido del Embalaje:<\/strong><\/p>\n<ul>\n<li><strong>Mando a distancia:<\/strong> S\u00ed (Tipo de control remoto: RC833)<\/li>\n<li><strong>Soporte de sobremesa:<\/strong> S\u00ed<\/li>\n<\/ul>\n<p><strong>Otras Caracter\u00edsticas:<\/strong><\/p>\n<ul>\n<li><strong>Certificaciones:<\/strong> Digital Living Network Alliance (DLNA)<\/li>\n<li><strong>Funciones de Administraci\u00f3n:<\/strong> Asistente de Google, Amazon Alexa, Temporizador de apagado, OSD, Firmware actualizable, Gu\u00eda electr\u00f3nica de programaci\u00f3n, Apagado autom\u00e1tico, Control por voz<\/li>\n<li><strong>Caracter\u00edsticas Especiales:<\/strong> 4K HDR Pro, Apple AirPlay, DTS HD, Dolby Atmos, Dolby Audio, Game Master 3.0, Google TV, HDMI ARC, HDMI eARC, HDR, Motion Clarity, T-cast<\/li>\n<li><strong>Dise\u00f1o:<\/strong> Indicadores LED, Color del producto: Titanio, Montaje VESA (100 x 200), Dise\u00f1o sin marco, Tipo de soporte: Base de patas<\/li>\n<\/ul>\n<p><strong>Desempe\u00f1o:<\/strong><\/p>\n<ul>\n<li><strong>Soporte remoto inteligente:<\/strong> S\u00ed<\/li>\n<li><strong>Formatos de v\u00eddeo compatibles:<\/strong> AVI, MKV, MP4, MPG, TS, VP9, WEBM, WMV<\/li>\n<li><strong>Formatos de compresi\u00f3n de v\u00eddeo:<\/strong> AV1, H.264, H.265, VP9<\/li>\n<li><strong>Formatos de audio soportados:<\/strong> MP3, WMA<\/li>\n<li><strong>Formatos de imagen soportados:<\/strong> BMP, HEIF, JPG, PNG<\/li>\n<li><strong>Funciones adicionales:<\/strong> Teletexto, Subt\u00edtulos, Modo autom\u00e1tico de baja latencia (ALLM), Game Bar, Modo de juego, AI Upscale, Adaptive picture, Reducci\u00f3n de ruido, Modo ambiente, N\u00famero de n\u00facleos de procesador: 4<\/li>\n<\/ul>\n<p><strong>Smart TV:<\/strong><\/p>\n<ul>\n<li><strong>Sistema Operativo:<\/strong> Google TV (Versi\u00f3n ATV 12.0)<\/li>\n<li><strong>Plataforma de distribuciones de aplicaciones:<\/strong> Google Play<\/li>\n<li><strong>Modos Inteligentes:<\/strong> Deportes<\/li>\n<li><strong>Compatibilidad:<\/strong> Apple AirPlay 2, HbbTV (Versi\u00f3n 2.0.2)<\/li>\n<li><strong>Aplicaciones de v\u00eddeo:<\/strong> Amazon Prime Video, Apple TV, Netflix, YouTube<\/li>\n<li><strong>Funcionalidades:<\/strong> Grabaci\u00f3n diferida (timeshift), Chromecast integrado, TV por Internet<\/li>\n<\/ul>\n<p><strong>Conexi\u00f3n:<\/strong><\/p>\n<ul>\n<li><strong>Conectividad:<\/strong> Wifi, Bluetooth (Versi\u00f3n 5.0, Perfiles: A2DP, HID, SBC), Ethernet, Miracast, Navegador web<\/li>\n<li><strong>Est\u00e1ndares Wi-Fi:<\/strong> 802.11b, 802.11g, Wi-Fi 4 (802.11n)<\/li>\n<\/ul>\n<\/div>\n","protected":false},"excerpt":{"rendered":"<p>Nombre del Producto: TCL 43C655 Marca: TCL Modelo: 43C655 EAN: 5901292523213 Exhibici\u00f3n: Tecnolog\u00eda del panel: QLED Retroiluminaci\u00f3n: LED (Direct-LED) Gama<\/p>\n","protected":false},"featured_media":221494,"comment_status":"open","ping_status":"closed","template":"","meta":{"_joinchat":[]},"product_cat":[795,6464,7144,7068],"product_tag":[],"class_list":{"0":"post-221112","1":"product","2":"type-product","3":"status-publish","4":"has-post-thumbnail","6":"product_cat-electronica","7":"product_cat-televisores-electronica","8":"product_cat-uhd-4k","9":"product_cat-tv-40-59","11":"first","12":"instock","13":"taxable","14":"shipping-taxable","15":"purchasable","16":"product-type-simple"},"_links":{"self":[{"href":"https:\/\/desdropi.com\/elparque\/wp-json\/wp\/v2\/product\/221112"}],"collection":[{"href":"https:\/\/desdropi.com\/elparque\/wp-json\/wp\/v2\/product"}],"about":[{"href":"https:\/\/desdropi.com\/elparque\/wp-json\/wp\/v2\/types\/product"}],"replies":[{"embeddable":true,"href":"https:\/\/desdropi.com\/elparque\/wp-json\/wp\/v2\/comments?post=221112"}],"version-history":[{"count":0,"href":"https:\/\/desdropi.com\/elparque\/wp-json\/wp\/v2\/product\/221112\/revisions"}],"wp:featuredmedia":[{"embeddable":true,"href":"https:\/\/desdropi.com\/elparque\/wp-json\/wp\/v2\/media\/221494"}],"wp:attachment":[{"href":"https:\/\/desdropi.com\/elparque\/wp-json\/wp\/v2\/media?parent=221112"}],"wp:term":[{"taxonomy":"product_cat","embeddable":true,"href":"https:\/\/desdropi.com\/elparque\/wp-json\/wp\/v2\/product_cat?post=221112"},{"taxonomy":"product_tag","embeddable":true,"href":"https:\/\/desdropi.com\/elparque\/wp-json\/wp\/v2\/product_tag?post=221112"}],"curies":[{"name":"wp","href":"https:\/\/api.w.org\/{rel}","templated":true}]}}