{"id":221257,"date":"2024-05-06T14:30:27","date_gmt":"2024-05-06T12:30:27","guid":{"rendered":"https:\/\/desdropi.com\/elparque\/campana-mepamsa-stilo-green-power-gp-90-inox-750m3\/"},"modified":"2025-04-13T21:46:59","modified_gmt":"2025-04-13T19:46:59","slug":"campana-mepamsa-stilo-green-power-gp-90-inox-750m3","status":"publish","type":"product","link":"https:\/\/desdropi.com\/elparque\/campana-mepamsa-stilo-green-power-gp-90-inox-750m3\/","title":{"rendered":"campana mepamsa stilo green power gp 90 inox 750m3"},"content":{"rendered":"<div class=\"descripcion-tab\">\n<ul>\n<li>Clase Energ\u00e9tica &#8211; A+<\/li>\n<li>Potencia M\u00e1x. (W) &#8211; 250 W<\/li>\n<li>Iluminaci\u00f3n &#8211; Led S1001 4000K<\/li>\n<li>Aspiraci\u00f3n en M\u00edn. (UNE EN-61591) &#8211; 300 m3\/h<\/li>\n<li>Aspiraci\u00f3n en M\u00e1x. (UNE EN-61591) &#8211; 410 m3\/h<\/li>\n<li>Aspiraci\u00f3n en Int. (UNE EN-61591) &#8211; 700 m3\/h<\/li>\n<li>Pot. Sonora en M\u00edn. (UNE EN-60704-3) &#8211; 53 dB(A)<\/li>\n<li>Pot. Sonora en M\u00e1x. (UNE EN-60704-3) &#8211; 69 dB(A)<\/li>\n<li>Pot. sonora en Int. (UNE EN-60704-3) &#8211; 72 dB(A)<\/li>\n<li>Tipo de Mandos &#8211; Soft touch<\/li>\n<li>Ancho &#8211; 70.00 cm<\/li>\n<li>Tipo de campana &#8211; Decorativa pared<\/li>\n<li>Salida &#8211; \u00d8 150 mm<\/li>\n<li>Voltage &#8211; 220-240V 50Hz<\/li>\n<li>Pressure &#8211; 490.00 Pa<\/li>\n<li>Grease filter &#8211; STAINLESS-STEEL-CASSETTE<\/li>\n<li>Type of motor &#8211; Energy 800 Plus<\/li>\n<\/ul>\n<\/div>\n","protected":false},"excerpt":{"rendered":"<p>Clase Energ\u00e9tica &#8211; A+ Potencia M\u00e1x. (W) &#8211; 250 W Iluminaci\u00f3n &#8211; Led S1001 4000K Aspiraci\u00f3n en M\u00edn. (UNE EN-61591)<\/p>\n","protected":false},"featured_media":133661,"comment_status":"open","ping_status":"open","template":"","meta":{"_joinchat":[]},"product_cat":[6488,3268,3886],"product_tag":[],"class_list":{"0":"post-221257","1":"product","2":"type-product","3":"status-publish","4":"has-post-thumbnail","6":"product_cat-decorativas","7":"product_cat-coccion","8":"product_cat-campanas","9":"pa_marca-mepamsa","11":"first","12":"instock","13":"taxable","14":"shipping-taxable","15":"purchasable","16":"product-type-simple"},"_links":{"self":[{"href":"https:\/\/desdropi.com\/elparque\/wp-json\/wp\/v2\/product\/221257"}],"collection":[{"href":"https:\/\/desdropi.com\/elparque\/wp-json\/wp\/v2\/product"}],"about":[{"href":"https:\/\/desdropi.com\/elparque\/wp-json\/wp\/v2\/types\/product"}],"replies":[{"embeddable":true,"href":"https:\/\/desdropi.com\/elparque\/wp-json\/wp\/v2\/comments?post=221257"}],"version-history":[{"count":1,"href":"https:\/\/desdropi.com\/elparque\/wp-json\/wp\/v2\/product\/221257\/revisions"}],"predecessor-version":[{"id":224589,"href":"https:\/\/desdropi.com\/elparque\/wp-json\/wp\/v2\/product\/221257\/revisions\/224589"}],"wp:featuredmedia":[{"embeddable":true,"href":"https:\/\/desdropi.com\/elparque\/wp-json\/wp\/v2\/media\/133661"}],"wp:attachment":[{"href":"https:\/\/desdropi.com\/elparque\/wp-json\/wp\/v2\/media?parent=221257"}],"wp:term":[{"taxonomy":"product_cat","embeddable":true,"href":"https:\/\/desdropi.com\/elparque\/wp-json\/wp\/v2\/product_cat?post=221257"},{"taxonomy":"product_tag","embeddable":true,"href":"https:\/\/desdropi.com\/elparque\/wp-json\/wp\/v2\/product_tag?post=221257"}],"curies":[{"name":"wp","href":"https:\/\/api.w.org\/{rel}","templated":true}]}}