{"id":221342,"date":"2024-05-08T00:20:25","date_gmt":"2024-05-07T22:20:25","guid":{"rendered":"https:\/\/desdropi.com\/elparque\/freidora-aire-cecotec-03317-55-litros-pro-inox-accesorios\/"},"modified":"2025-04-14T09:30:30","modified_gmt":"2025-04-14T07:30:30","slug":"freidora-aire-cecotec-03317-55-litros-pro-inox-accesorios","status":"publish","type":"product","link":"https:\/\/desdropi.com\/elparque\/freidora-aire-cecotec-03317-55-litros-pro-inox-accesorios\/","title":{"rendered":"freidora aire cecotec 03317 5,5 litros pro inox + accesorios"},"content":{"rendered":"<div class=\"descripcion-tab\">\n<div id=\"technical-details\" class=\"css-0 egxb0x40\">\n<div class=\"css-1vrowg6\">\n<div id=\"description\" class=\"e1pizqy33 css-1gvl2s3\">\n<p><strong><span class=\"e1pizqy31 css-hga4sk\">Descripci\u00f3n<\/span><\/strong><\/p>\n<div class=\"css-k1moeq e1pizqy32\">\n<p>La freidora diet\u00e9tica Cecofry Full Inox 5500 Pro cocina con una sola cucharada de aceite. Introduce los alimentos en el cestillo y selecciona uno de los 8 modos preconfigurados. Consigue resultados excepcionales en menos tiempo gracias a una potencia de 1700 W y la tecnolog\u00eda PerfectCook. Adem\u00e1s, incluye pack de accesorios de silicona para realizar un sinf\u00edn de recetas.<\/p>\n<ul>\n<li>Freidora diet\u00e9tica que permite cocinar con una sola cucharada de aceite, consiguiendo unos resultados m\u00e1s sanos.<\/li>\n<li>Cubeta con un \u00e1rea de cocinado de 5,5 L para poder cocinar grandes cantidades de alimentos.<\/li>\n<li>Potencia de 1700 W para cocinar m\u00e1s r\u00e1pido, pero con un consumo m\u00e1s reducido.<\/li>\n<li>Incluye pack de accesorios de silicona para realizar un sinf\u00edn de recetas.<\/li>\n<li>Freidora de dise\u00f1o elegante y con acabados en acero inoxidable oscurecido, para una mayor resistencia y durabilidad.<\/li>\n<li>Dise\u00f1o moderno y compacto con un panel de control t\u00e1ctil multifunci\u00f3n para controlar el funcionamiento.<\/li>\n<li>8 modos preconfigurados que establecen el tiempo y la temperatura necesarios para cocinar distintos tipos de alimentos.<\/li>\n<li>Dispone de termostato para regular la temperatura desde 80\u00baC hasta 200 \u00baC.<\/li>\n<li>Tiempo ajustable de 0 a 60 minutos.<\/li>\n<li>Con protecci\u00f3n contra sobrecalentamiento..<\/li>\n<li>Luz indicadora de funcionamiento.<\/li>\n<li>Base antideslizante para favorecer su apoyo durante el funcionamiento.<\/li>\n<li>Medidas: 26 cm x 31,6 cm x 30,5 cm<\/li>\n<\/ul>\n<\/div>\n<\/div>\n<\/div>\n<div class=\"css-1vrowg6\">\n<div id=\"composition\" class=\"e1hv9n5v2 css-ldw7pi\">\n<p><strong><span class=\"e1hv9n5v0 css-hga4sk\">Composici\u00f3n<\/span><\/strong><\/p>\n<div class=\"css-1azcdyx e1hv9n5v1\">\n<ul>\n<li>Freidora sin aceite.<\/li>\n<li>Cubeta<\/li>\n<li>Manual de instrucciones.<\/li>\n<li>Pincel de silicona.<\/li>\n<li>Paleta de silicona.<\/li>\n<li>Alfombrilla de silicona.<\/li>\n<li>Molde de silicona.<\/li>\n<\/ul>\n<\/div>\n<\/div>\n<\/div>\n<\/div>\n<\/div>\n","protected":false},"excerpt":{"rendered":"<p>Descripci\u00f3n La freidora diet\u00e9tica Cecofry Full Inox 5500 Pro cocina con una sola cucharada de aceite. Introduce los alimentos en<\/p>\n","protected":false},"featured_media":221509,"comment_status":"open","ping_status":"closed","template":"","meta":{"_joinchat":[]},"product_cat":[825,6436,831,844],"product_tag":[],"class_list":{"0":"post-221342","1":"product","2":"type-product","3":"status-publish","4":"has-post-thumbnail","6":"product_cat-pequeno-electrodomestico","7":"product_cat-freidoras-de-aire-freidoras","8":"product_cat-accesorios-de-cocina","9":"product_cat-freidoras","10":"pa_marca-cecotec","12":"first","13":"instock","14":"taxable","15":"shipping-taxable","16":"purchasable","17":"product-type-simple"},"_links":{"self":[{"href":"https:\/\/desdropi.com\/elparque\/wp-json\/wp\/v2\/product\/221342"}],"collection":[{"href":"https:\/\/desdropi.com\/elparque\/wp-json\/wp\/v2\/product"}],"about":[{"href":"https:\/\/desdropi.com\/elparque\/wp-json\/wp\/v2\/types\/product"}],"replies":[{"embeddable":true,"href":"https:\/\/desdropi.com\/elparque\/wp-json\/wp\/v2\/comments?post=221342"}],"version-history":[{"count":1,"href":"https:\/\/desdropi.com\/elparque\/wp-json\/wp\/v2\/product\/221342\/revisions"}],"predecessor-version":[{"id":225070,"href":"https:\/\/desdropi.com\/elparque\/wp-json\/wp\/v2\/product\/221342\/revisions\/225070"}],"wp:featuredmedia":[{"embeddable":true,"href":"https:\/\/desdropi.com\/elparque\/wp-json\/wp\/v2\/media\/221509"}],"wp:attachment":[{"href":"https:\/\/desdropi.com\/elparque\/wp-json\/wp\/v2\/media?parent=221342"}],"wp:term":[{"taxonomy":"product_cat","embeddable":true,"href":"https:\/\/desdropi.com\/elparque\/wp-json\/wp\/v2\/product_cat?post=221342"},{"taxonomy":"product_tag","embeddable":true,"href":"https:\/\/desdropi.com\/elparque\/wp-json\/wp\/v2\/product_tag?post=221342"}],"curies":[{"name":"wp","href":"https:\/\/api.w.org\/{rel}","templated":true}]}}