{"id":221919,"date":"2024-05-09T17:16:05","date_gmt":"2024-05-09T15:16:05","guid":{"rendered":"https:\/\/desdropi.com\/elparque\/?post_type=product&#038;p=221919"},"modified":"2025-04-14T09:30:31","modified_gmt":"2025-04-14T07:30:31","slug":"bamba-ceramiccare-airglam-original-cepillo-de-aire-moldeador-6-en-1","status":"publish","type":"product","link":"https:\/\/desdropi.com\/elparque\/bamba-ceramiccare-airglam-original-cepillo-de-aire-moldeador-6-en-1\/","title":{"rendered":"Bamba CeramicCare AirGlam Original Cepillo de aire moldeador 6 en 1"},"content":{"rendered":"<div class=\"descripcion-tab\">\n<div class=\"css-1vrowg6\">\n<div id=\"description\" class=\"e1pizqy33 css-1gvl2s3\">\n<p><strong><span class=\"e1pizqy31 css-hga4sk\">Descripci\u00f3n<\/span><\/strong><\/p>\n<div class=\"css-k1moeq e1pizqy32\">\n<ul>\n<li>Incluye 6 cabezales para conseguir una mayor variedad de peinados: secador, cepillo de 32 mm, cepillo de 60 mm, cepillo alisador y 2 cilindros rizadores (derecha e izquierda).<\/li>\n<li>Incluye un potente motor brushless de 110000 rpm.<\/li>\n<li>El moldeador posee la tecnolog\u00eda Coanda, gracias a la cual, al posicionar los dos cilindros rizadores, el aire tiende a seguir la superficie del objeto curvo en lugar de salir en l\u00ednea recta, por ello, la potencia del aire enrolla el cabello alrededor del moldeador, creando rizos perfectos, sin tener que hacer nada.<\/li>\n<li>Controla la temperatura que aplicas al cabello gracias a sus 3 ajustes de temperatura.<\/li>\n<li>Dispone de 2 velocidades de flujo de aire para adaptarse a cada peinado.<\/li>\n<li>Cuenta con iones negativos que neutralizan los iones positivos que se encuentran de forma natural en el cabello y hacen que la cut\u00edcula se cierre, sellando la humedad en el tallo del pelo y reduciendo el frizz.<\/li>\n<li>Cabezales con revestimiento de cer\u00e1mica, proporcionando un calor uniforme y r\u00e1pido, lo cual disminuye el da\u00f1o al cabello.<\/li>\n<li>Funci\u00f3n de aire fr\u00edo para ayudar a fijar y sellar el peinado<\/li>\n<li>Incluye un cable cuya longitud es de 1,8 m, para una mayor comodidad a la hora de moldear el cabello<\/li>\n<li>Dispone de un filtro extraible para mantener limpio siempre el producto.<\/li>\n<\/ul>\n<\/div>\n<p><strong><span class=\"e1hv9n5v0 css-hga4sk\">Composici\u00f3n<\/span><\/strong><\/p>\n<div class=\"css-1azcdyx e1hv9n5v1\">\n<ul>\n<li>Manual de instrucciones<\/li>\n<li>Producto<\/li>\n<li>Cepillo alisador<\/li>\n<li>Cepillo de 32 mm<\/li>\n<li>Cepillo de 60 mm<\/li>\n<li>Cilindro rizador derecha<\/li>\n<li>Cilindro rizador izquierda<\/li>\n<li>concentrador<\/li>\n<\/ul>\n<\/div>\n<\/div>\n<\/div>\n<div class=\"css-1vrowg6\">\n<div id=\"composition\" class=\"e1hv9n5v2 css-ldw7pi\"><\/div>\n<\/div>\n<\/div>\n","protected":false},"excerpt":{"rendered":"<p>Descripci\u00f3n Incluye 6 cabezales para conseguir una mayor variedad de peinados: secador, cepillo de 32 mm, cepillo de 60 mm,<\/p>\n","protected":false},"featured_media":221920,"comment_status":"open","ping_status":"closed","template":"","meta":{"_joinchat":[]},"product_cat":[6097,6510,6919],"product_tag":[],"class_list":{"0":"post-221919","1":"product","2":"type-product","3":"status-publish","4":"has-post-thumbnail","6":"product_cat-cuidado-personal","7":"product_cat-vello-y-pelo","8":"product_cat-cepillos-alisadores","10":"first","11":"instock","12":"taxable","13":"shipping-taxable","14":"purchasable","15":"product-type-simple"},"_links":{"self":[{"href":"https:\/\/desdropi.com\/elparque\/wp-json\/wp\/v2\/product\/221919"}],"collection":[{"href":"https:\/\/desdropi.com\/elparque\/wp-json\/wp\/v2\/product"}],"about":[{"href":"https:\/\/desdropi.com\/elparque\/wp-json\/wp\/v2\/types\/product"}],"replies":[{"embeddable":true,"href":"https:\/\/desdropi.com\/elparque\/wp-json\/wp\/v2\/comments?post=221919"}],"version-history":[{"count":0,"href":"https:\/\/desdropi.com\/elparque\/wp-json\/wp\/v2\/product\/221919\/revisions"}],"wp:featuredmedia":[{"embeddable":true,"href":"https:\/\/desdropi.com\/elparque\/wp-json\/wp\/v2\/media\/221920"}],"wp:attachment":[{"href":"https:\/\/desdropi.com\/elparque\/wp-json\/wp\/v2\/media?parent=221919"}],"wp:term":[{"taxonomy":"product_cat","embeddable":true,"href":"https:\/\/desdropi.com\/elparque\/wp-json\/wp\/v2\/product_cat?post=221919"},{"taxonomy":"product_tag","embeddable":true,"href":"https:\/\/desdropi.com\/elparque\/wp-json\/wp\/v2\/product_tag?post=221919"}],"curies":[{"name":"wp","href":"https:\/\/api.w.org\/{rel}","templated":true}]}}