{"id":222152,"date":"2024-05-14T20:32:47","date_gmt":"2024-05-14T18:32:47","guid":{"rendered":"https:\/\/desdropi.com\/elparque\/?post_type=product&#038;p=222152"},"modified":"2024-05-18T01:00:05","modified_gmt":"2024-05-17T23:00:05","slug":"auriculares-nacon-ps4-rig-400hs-gaming","status":"publish","type":"product","link":"https:\/\/desdropi.com\/elparque\/auriculares-nacon-ps4-rig-400hs-gaming\/","title":{"rendered":"AURICULARES NACON PS4 RIG 400HS GAMING"},"content":{"rendered":"<div class=\"descripcion-tab\">\n<ul>\n<li><strong>Nombre del Producto:<\/strong> NACON PLANTRO-RIG400HS<\/li>\n<li><strong>Marca:<\/strong> NACON<\/li>\n<li><strong>Modelo:<\/strong> PLANTRO-RIG400HS<\/li>\n<li><strong>EAN:<\/strong> 5033588048527<\/li>\n<\/ul>\n<p><strong>Puertos e Interfaces:<\/strong><\/p>\n<ul>\n<li>Tecnolog\u00eda de conectividad: Al\u00e1mbrico<\/li>\n<li>Conector de 3.5 mm: S\u00ed<\/li>\n<\/ul>\n<p><strong>Peso y dimensiones:<\/strong><\/p>\n<ul>\n<li>Peso: 210 g<\/li>\n<\/ul>\n<p><strong>Empaquetado:<\/strong><\/p>\n<ul>\n<li>Tipo de embalaje: Ampolla<\/li>\n<li>Ancho del paquete: 100 mm<\/li>\n<li>Profundidad del paquete: 240 mm<\/li>\n<li>Altura del paquete: 240 mm<\/li>\n<li>Peso del paquete: 449 g<\/li>\n<\/ul>\n<p><strong>Micr\u00f3fono:<\/strong><\/p>\n<ul>\n<li>Frecuencia de micr\u00f3fono: 100 &#8211; 10000 Hz<\/li>\n<li>Sensibilidad de micr\u00f3fono: -45 dB<\/li>\n<li>Cancelaci\u00f3n de ruido del micr\u00f3fono: S\u00ed<\/li>\n<li>Tipo de direcci\u00f3n de micr\u00f3fono: Unidireccional<\/li>\n<li>Micr\u00f3fono extra\u00edble: S\u00ed<\/li>\n<li>Micr\u00f3fono mudo: S\u00ed<\/li>\n<li>Tipo de micr\u00f3fono: Boom<\/li>\n<\/ul>\n<p><strong>Auriculares:<\/strong><\/p>\n<ul>\n<li>Tipo de auriculares: Circumaural<\/li>\n<li>Frecuencia de auricular: 20 &#8211; 20000 Hz<\/li>\n<li>Obstrucci\u00f3n: 32 ohm<\/li>\n<li>Sensibilidad de auricular: 111 dB<\/li>\n<li>Unidad de disco: 4<\/li>\n<li>Tipo de controlador: Din\u00e1mico<\/li>\n<\/ul>\n<p><strong>Contenido del embalaje:<\/strong><\/p>\n<ul>\n<li>Cantidad: 1<\/li>\n<\/ul>\n<p><strong>Otras caracter\u00edsticas:<\/strong><\/p>\n<ul>\n<li>Conector de 2,5 mm: No<\/li>\n<li>Uso recomendado: Juego<\/li>\n<li>Tipo de auricular: Binaural<\/li>\n<li>Estilo de uso: Diadema<\/li>\n<li>Color del producto: Negro, Azul<\/li>\n<li>Productos compatibles: Sony PlayStation 4<\/li>\n<li>Longitud de cable: 1.3 m<\/li>\n<li>Tipo de controles: Caja de control en cable<\/li>\n<li>Tipo de producto: Auriculares<\/li>\n<\/ul>\n<p><strong>Datos log\u00edsticos:<\/strong><\/p>\n<ul>\n<li>Anchura del pal\u00e9: 80 cm<\/li>\n<li>Longitud del pal\u00e9: 120 cm<\/li>\n<li>Altura del pal\u00e9: 180 cm<\/li>\n<li>Peso del pal\u00e9: 103 kg<\/li>\n<li>Cantidad por pal\u00e9: 132<\/li>\n<li>Ancho de la caja principal: 32 cm<\/li>\n<li>Longitud de la caja: 65 cm<\/li>\n<li>Alto de la caja principal: 29.5 cm<\/li>\n<li>Peso del envase completo: 8.92 kg<\/li>\n<li>Cantidad por caja: 12<\/li>\n<li>Anchura de la caja de env\u00edo: 26 cm<\/li>\n<li>Longitud del contenedor de env\u00edo: 31 cm<\/li>\n<li>Altura de la caja de env\u00edo: 26 cm<\/li>\n<li>Peso de la caja de env\u00edo: 1.84 kg<\/li>\n<li>Cantidad por caja de env\u00edo: 3<\/li>\n<\/ul>\n<\/div>\n","protected":false},"excerpt":{"rendered":"<p>Nombre del Producto: NACON PLANTRO-RIG400HS Marca: NACON Modelo: PLANTRO-RIG400HS EAN: 5033588048527 Puertos e Interfaces: Tecnolog\u00eda de conectividad: Al\u00e1mbrico Conector de<\/p>\n","protected":false},"featured_media":222153,"comment_status":"open","ping_status":"closed","template":"","meta":{"_joinchat":[]},"product_cat":[6536,6562,6988],"product_tag":[],"class_list":{"0":"post-222152","1":"product","2":"type-product","3":"status-publish","4":"has-post-thumbnail","6":"product_cat-informatica-y-ocio","7":"product_cat-gaming-informatica-y-gaming","8":"product_cat-auriculares-gaming-informatica-y-gaming","10":"first","11":"instock","12":"taxable","13":"shipping-taxable","14":"purchasable","15":"product-type-simple"},"_links":{"self":[{"href":"https:\/\/desdropi.com\/elparque\/wp-json\/wp\/v2\/product\/222152"}],"collection":[{"href":"https:\/\/desdropi.com\/elparque\/wp-json\/wp\/v2\/product"}],"about":[{"href":"https:\/\/desdropi.com\/elparque\/wp-json\/wp\/v2\/types\/product"}],"replies":[{"embeddable":true,"href":"https:\/\/desdropi.com\/elparque\/wp-json\/wp\/v2\/comments?post=222152"}],"version-history":[{"count":0,"href":"https:\/\/desdropi.com\/elparque\/wp-json\/wp\/v2\/product\/222152\/revisions"}],"wp:featuredmedia":[{"embeddable":true,"href":"https:\/\/desdropi.com\/elparque\/wp-json\/wp\/v2\/media\/222153"}],"wp:attachment":[{"href":"https:\/\/desdropi.com\/elparque\/wp-json\/wp\/v2\/media?parent=222152"}],"wp:term":[{"taxonomy":"product_cat","embeddable":true,"href":"https:\/\/desdropi.com\/elparque\/wp-json\/wp\/v2\/product_cat?post=222152"},{"taxonomy":"product_tag","embeddable":true,"href":"https:\/\/desdropi.com\/elparque\/wp-json\/wp\/v2\/product_tag?post=222152"}],"curies":[{"name":"wp","href":"https:\/\/api.w.org\/{rel}","templated":true}]}}