{"id":222361,"date":"2024-05-18T13:16:40","date_gmt":"2024-05-18T11:16:40","guid":{"rendered":"https:\/\/desdropi.com\/elparque\/?post_type=product&#038;p=222361"},"modified":"2024-05-18T13:16:40","modified_gmt":"2024-05-18T11:16:40","slug":"aire-acondicionado-split-panasonic-kitbz35zke-a-a-r32","status":"publish","type":"product","link":"https:\/\/desdropi.com\/elparque\/aire-acondicionado-split-panasonic-kitbz35zke-a-a-r32\/","title":{"rendered":"AIRE ACONDICIONADO SPLIT PANASONIC KITBZ35ZKE A++\/A+ R32"},"content":{"rendered":"<div class=\"descripcion-tab\">\n<div class=\"flex flex-grow flex-col max-w-full\">\n<div class=\"min-h-[20px] text-message flex flex-col items-start whitespace-pre-wrap break-words [.text-message+&amp;]:mt-5 juice:w-full juice:items-end overflow-x-auto gap-2\" dir=\"auto\" data-message-author-role=\"assistant\" data-message-id=\"87d3f92c-4f2d-4623-adf6-094243d9e584\">\n<div class=\"flex w-full flex-col gap-1 juice:empty:hidden juice:first:pt-[3px]\">\n<div class=\"markdown prose w-full break-words dark:prose-invert light\">\n<ul>\n<li><strong>Marca<\/strong>: PANASONIC<\/li>\n<li><strong>Modelo<\/strong>: ACON.SPLIT PANASONIC KITBZ35ZKE A++\/A+ R32<\/li>\n<\/ul>\n<h4>Control de Energ\u00eda<\/h4>\n<ul>\n<li><strong>Potencia frigor\u00edas<\/strong>: 2925<\/li>\n<li><strong>Potencia calor\u00edas<\/strong>: 3300<\/li>\n<li><strong>Clase energ\u00e9tica (Fr\u00edo\/Calor)<\/strong>: A++\/A+<\/li>\n<\/ul>\n<h4>Detalles T\u00e9cnicos<\/h4>\n<ul>\n<li><strong>Modo de sue\u00f1o confortable<\/strong>: S\u00ed<\/li>\n<li><strong>Motor inverter<\/strong>: S\u00ed<\/li>\n<li><strong>Medio de refrigeraci\u00f3n<\/strong>: R32<\/li>\n<li><strong>Temporizador<\/strong>: S\u00ed<\/li>\n<li><strong>Operado remotamente<\/strong>: S\u00ed<\/li>\n<li><strong>Tipo<\/strong>: Sistema split<\/li>\n<li><strong>Color del producto<\/strong>: Blanco<\/li>\n<li><strong>Longitud de la manguera (m\u00e1x.)<\/strong>: 15 m<\/li>\n<li><strong>Capacidad de calentamiento (max)<\/strong>: 800 W<\/li>\n<li><strong>Capacidad de calentamiento en vatios (min)<\/strong>: 4400 W<\/li>\n<li><strong>Capacidad de enfriamiento en vatios (min)<\/strong>: 850 W<\/li>\n<li><strong>Capacidad de enfriamiento en vatios (max)<\/strong>: 3900 W<\/li>\n<li><strong>Capacidad de deshumidificaci\u00f3n<\/strong>: 2 L\/h<\/li>\n<li><strong>Temperatura de funcionamiento (refrigeraci\u00f3n) (T-T)<\/strong>: -10\u00baC \/ +43\u00baC<\/li>\n<li><strong>Temperatura de funcionamiento (calefacci\u00f3n) (T-T)<\/strong>: -15\u00baC \/ +24\u00baC<\/li>\n<\/ul>\n<h4>Contenido del Embalaje<\/h4>\n<ul>\n<li><strong>Mando a distancia<\/strong>: S\u00ed<\/li>\n<\/ul>\n<h4>Unidad para Exteriores<\/h4>\n<ul>\n<li><strong>N\u00famero de unidades de exterior<\/strong>: 1<\/li>\n<li><strong>Ancho de la unidad exterior<\/strong>: 780 mm<\/li>\n<li><strong>Profundidad de la unidad exterior<\/strong>: 289 mm<\/li>\n<li><strong>Altura de la unidad exterior<\/strong>: 542 mm<\/li>\n<li><strong>Nivel de potencia ac\u00fastica de la unidad exterior<\/strong>: 49 dB<\/li>\n<li><strong>Peso de unidad para exteriores<\/strong>: 24 kg<\/li>\n<\/ul>\n<h4>Unidad para Interiores<\/h4>\n<ul>\n<li><strong>Tipo de unidad interna<\/strong>: Montar en la pared<\/li>\n<li><strong>Nivel de ruido de la unidad interior (a baja velocidad)<\/strong>: 20 dB<\/li>\n<li><strong>Nivel de ruido de la unidad interior (a alta velocidad)<\/strong>: 37 dB<\/li>\n<li><strong>Nivel de potencia ac\u00fastica de la unidad interior<\/strong>: 26 dB<\/li>\n<li><strong>N\u00famero de unidades de interior<\/strong>: 1<\/li>\n<li><strong>Ancho de la unidad interior<\/strong>: 799 mm<\/li>\n<li><strong>Profundidad de la unidad interior<\/strong>: 209 mm<\/li>\n<li><strong>Altura de la unidad interior<\/strong>: 290 mm<\/li>\n<li><strong>Peso de unidad para interiores<\/strong>: 8 kg<\/li>\n<\/ul>\n<\/div>\n<\/div>\n<\/div>\n<\/div>\n<div class=\"mt-1 flex gap-3 empty:hidden juice:-ml-3\">\n<div class=\"items-center justify-start rounded-xl p-1 flex\"><\/div>\n<\/div>\n<\/div>\n","protected":false},"excerpt":{"rendered":"<p>Marca: PANASONIC Modelo: ACON.SPLIT PANASONIC KITBZ35ZKE A++\/A+ R32 Control de Energ\u00eda Potencia frigor\u00edas: 2925 Potencia calor\u00edas: 3300 Clase energ\u00e9tica (Fr\u00edo\/Calor):<\/p>\n","protected":false},"featured_media":222363,"comment_status":"open","ping_status":"closed","template":"","meta":{"_joinchat":[]},"product_cat":[3301,6573,6574,7066],"product_tag":[],"class_list":{"0":"post-222361","1":"product","2":"type-product","3":"status-publish","4":"has-post-thumbnail","6":"product_cat-climatizacion-y-calefaccion","7":"product_cat-aires-acondicionados","8":"product_cat-split-aires-acondicionados","9":"product_cat-2000-3000-4500-frigorias","11":"first","12":"instock","13":"sale","14":"taxable","15":"shipping-taxable","16":"purchasable","17":"product-type-simple"},"_links":{"self":[{"href":"https:\/\/desdropi.com\/elparque\/wp-json\/wp\/v2\/product\/222361"}],"collection":[{"href":"https:\/\/desdropi.com\/elparque\/wp-json\/wp\/v2\/product"}],"about":[{"href":"https:\/\/desdropi.com\/elparque\/wp-json\/wp\/v2\/types\/product"}],"replies":[{"embeddable":true,"href":"https:\/\/desdropi.com\/elparque\/wp-json\/wp\/v2\/comments?post=222361"}],"version-history":[{"count":0,"href":"https:\/\/desdropi.com\/elparque\/wp-json\/wp\/v2\/product\/222361\/revisions"}],"wp:featuredmedia":[{"embeddable":true,"href":"https:\/\/desdropi.com\/elparque\/wp-json\/wp\/v2\/media\/222363"}],"wp:attachment":[{"href":"https:\/\/desdropi.com\/elparque\/wp-json\/wp\/v2\/media?parent=222361"}],"wp:term":[{"taxonomy":"product_cat","embeddable":true,"href":"https:\/\/desdropi.com\/elparque\/wp-json\/wp\/v2\/product_cat?post=222361"},{"taxonomy":"product_tag","embeddable":true,"href":"https:\/\/desdropi.com\/elparque\/wp-json\/wp\/v2\/product_tag?post=222361"}],"curies":[{"name":"wp","href":"https:\/\/api.w.org\/{rel}","templated":true}]}}