{"id":222366,"date":"2024-05-18T13:21:52","date_gmt":"2024-05-18T11:21:52","guid":{"rendered":"https:\/\/desdropi.com\/elparque\/?post_type=product&#038;p=222366"},"modified":"2024-05-18T13:21:53","modified_gmt":"2024-05-18T11:21:53","slug":"aire-acondicionado-split-tcl-s18f2s0-18000btu-a","status":"publish","type":"product","link":"https:\/\/desdropi.com\/elparque\/aire-acondicionado-split-tcl-s18f2s0-18000btu-a\/","title":{"rendered":"AIRE ACONDICIONADO SPLIT TCL S18F2S0 18000BTU A++"},"content":{"rendered":"<div class=\"descripcion-tab\">\n<ul>\n<li><strong>Marca<\/strong>: TCL<\/li>\n<li><strong>Modelo<\/strong>: S18F2S0<\/li>\n<li><strong>EAN<\/strong>: 8720568102795<\/li>\n<\/ul>\n<h4>Control de Energ\u00eda<\/h4>\n<ul>\n<li><strong>Clase de eficiencia energ\u00e9tica (refrigeraci\u00f3n)<\/strong>: A++<\/li>\n<li><strong>Voltaje de entrada AC<\/strong>: 220-240 V<\/li>\n<li><strong>Frecuencia de entrada AC<\/strong>: 50 Hz<\/li>\n<\/ul>\n<h4>Contenido del Embalaje<\/h4>\n<ul>\n<li><strong>Mando a distancia<\/strong>: S\u00ed<\/li>\n<\/ul>\n<h4>Caracter\u00edsticas<\/h4>\n<ul>\n<li><strong>Capacidad de refrigeraci\u00f3n (nominal)<\/strong>: 18000 BTU<\/li>\n<li><strong>Adecuado para habitaciones hasta<\/strong>: 800 m\u00b3 \/ 35 m\u00b2<\/li>\n<li><strong>Capacidad de deshumidificaci\u00f3n<\/strong>: 1,5 L\/h<\/li>\n<li><strong>Color del producto<\/strong>: Blanco<\/li>\n<li><strong>Funciones de aire acondicionado<\/strong>: Enfriamiento, Deshumedecer, Calentar<\/li>\n<li><strong>Tipo<\/strong>: Sistema split<\/li>\n<li><strong>Multi-split<\/strong>: No<\/li>\n<li><strong>Tecnolog\u00eda invertida<\/strong>: S\u00ed<\/li>\n<li><strong>Modo de sue\u00f1o confortable<\/strong>: S\u00ed<\/li>\n<li><strong>\u00cdndice de eficiencia estacional (calefacci\u00f3n) (SCOP)<\/strong>: 4<\/li>\n<li><strong>Temporizador<\/strong>: S\u00ed<\/li>\n<li><strong>Duraci\u00f3n de contador (m\u00e1ximo)<\/strong>: 24 h<\/li>\n<li><strong>Medio de refrigeraci\u00f3n<\/strong>: R32<\/li>\n<li><strong>Operado remotamente<\/strong>: S\u00ed<\/li>\n<li><strong>Filtro de aire<\/strong>: S\u00ed<\/li>\n<li><strong>Soporte remoto inteligente<\/strong>: S\u00ed<\/li>\n<li><strong>Eficiencia energ\u00e9tica de enfriamiento<\/strong>: 3,23<\/li>\n<li><strong>Eficiencia energ\u00e9tica de calefacci\u00f3n<\/strong>: 3,71<\/li>\n<li><strong>Peso del medio refrigerante<\/strong>: 1 kg<\/li>\n<li><strong>N\u00famero de configuraciones de calefacci\u00f3n<\/strong>: 5<\/li>\n<li><strong>Temperatura de funcionamiento (refrigeraci\u00f3n) (T-T)<\/strong>: 16 &#8211; 31 \u00baC<\/li>\n<li><strong>Temperatura de funcionamiento (calefacci\u00f3n) (T-T)<\/strong>: 16 &#8211; 31 \u00baC<\/li>\n<li><strong>Caracter\u00edsticas especiales<\/strong>: Enfriamiento y calentamiento r\u00e1pido, Flujo de aire inteligente, Flujo de aire 3D, Flujo de aire en 4 direcciones, I Feel, Climas extremos, Limpieza profunda, Filtro de salud, Modo ECO<\/li>\n<li><strong>Longitud de la manguera (m\u00e1x.)<\/strong>: 25 m<\/li>\n<li><strong>Tipo de bomba de calor<\/strong>: Reversible<\/li>\n<\/ul>\n<h4>Unidad para Exteriores<\/h4>\n<ul>\n<li><strong>N\u00famero de unidades de exterior<\/strong>: 1<\/li>\n<li><strong>Ancho de la unidad exterior<\/strong>: 85,3 cm<\/li>\n<li><strong>Profundidad de la unidad exterior<\/strong>: 39,4 cm<\/li>\n<li><strong>Altura de la unidad exterior<\/strong>: 60,2 cm<\/li>\n<li><strong>Peso de unidad para exteriores<\/strong>: 35 kg<\/li>\n<li><strong>Anchura del embalaje de la unidad exterior<\/strong>: 89 cm<\/li>\n<li><strong>Profundidad del embalaje de la unidad exterior<\/strong>: 38,5 cm<\/li>\n<li><strong>Altura del embalaje de la unidad exterior<\/strong>: 62,8 cm<\/li>\n<li><strong>Peso del embalaje de la unidad exterior<\/strong>: 38 kg<\/li>\n<li><strong>Tipo de motor del ventilador (unidad exterior)<\/strong>: Corriente alterna<\/li>\n<\/ul>\n<h4>Unidad para Interiores<\/h4>\n<ul>\n<li><strong>Velocidad del ventilador de la unidad interior (refrigeraci\u00f3n, baja velocidad)<\/strong>: 800 RPM<\/li>\n<li><strong>Velocidad del ventilador de la unidad interior (refrigeraci\u00f3n, alta velocidad)<\/strong>: 1400 RPM<\/li>\n<li><strong>Velocidad del ventilador de la unidad interior (calefacci\u00f3n, baja velocidad)<\/strong>: 800 RPM<\/li>\n<li><strong>Velocidad del ventilador de la unidad interior (calefacci\u00f3n, alta velocidad)<\/strong>: 1400 RPM<\/li>\n<li><strong>N\u00famero de unidades de interior<\/strong>: 1<\/li>\n<li><strong>Ancho de la unidad interior<\/strong>: 91 cm<\/li>\n<li><strong>Profundidad de la unidad interior<\/strong>: 20,6 cm<\/li>\n<li><strong>Altura de la unidad interior<\/strong>: 29,4 cm<\/li>\n<li><strong>Peso de unidad para interiores<\/strong>: 10 kg<\/li>\n<li><strong>Anchura del embalaje de la unidad interior<\/strong>: 97,9 cm<\/li>\n<li><strong>Profundidad del embalaje de la unidad interior<\/strong>: 27,7 cm<\/li>\n<li><strong>Altura del embalaje de la unidad interior<\/strong>: 37,2 cm<\/li>\n<li><strong>Peso del embalaje de la unidad interior<\/strong>: 13 kg<\/li>\n<li><strong>Tipo de unidad interna<\/strong>: Montar en la pared<\/li>\n<\/ul>\n<h4>Conexi\u00f3n<\/h4>\n<ul>\n<li><strong>Wifi<\/strong>: S\u00ed<\/li>\n<li><strong>Wi-Fi est\u00e1ndares<\/strong>: 802.11b, 802.11g, Wi-Fi 4 (802.11n)<\/li>\n<li><strong>Bluetooth<\/strong>: No<\/li>\n<li><strong>MIMO<\/strong>: S\u00ed<\/li>\n<\/ul>\n<\/div>\n","protected":false},"excerpt":{"rendered":"<p>Marca: TCL Modelo: S18F2S0 EAN: 8720568102795 Control de Energ\u00eda Clase de eficiencia energ\u00e9tica (refrigeraci\u00f3n): A++ Voltaje de entrada AC: 220-240<\/p>\n","protected":false},"featured_media":222369,"comment_status":"open","ping_status":"closed","template":"","meta":{"_joinchat":[]},"product_cat":[3301,6573,6574,7066],"product_tag":[],"class_list":{"0":"post-222366","1":"product","2":"type-product","3":"status-publish","4":"has-post-thumbnail","6":"product_cat-climatizacion-y-calefaccion","7":"product_cat-aires-acondicionados","8":"product_cat-split-aires-acondicionados","9":"product_cat-2000-3000-4500-frigorias","11":"first","12":"instock","13":"sale","14":"taxable","15":"shipping-taxable","16":"purchasable","17":"product-type-simple"},"_links":{"self":[{"href":"https:\/\/desdropi.com\/elparque\/wp-json\/wp\/v2\/product\/222366"}],"collection":[{"href":"https:\/\/desdropi.com\/elparque\/wp-json\/wp\/v2\/product"}],"about":[{"href":"https:\/\/desdropi.com\/elparque\/wp-json\/wp\/v2\/types\/product"}],"replies":[{"embeddable":true,"href":"https:\/\/desdropi.com\/elparque\/wp-json\/wp\/v2\/comments?post=222366"}],"version-history":[{"count":0,"href":"https:\/\/desdropi.com\/elparque\/wp-json\/wp\/v2\/product\/222366\/revisions"}],"wp:featuredmedia":[{"embeddable":true,"href":"https:\/\/desdropi.com\/elparque\/wp-json\/wp\/v2\/media\/222369"}],"wp:attachment":[{"href":"https:\/\/desdropi.com\/elparque\/wp-json\/wp\/v2\/media?parent=222366"}],"wp:term":[{"taxonomy":"product_cat","embeddable":true,"href":"https:\/\/desdropi.com\/elparque\/wp-json\/wp\/v2\/product_cat?post=222366"},{"taxonomy":"product_tag","embeddable":true,"href":"https:\/\/desdropi.com\/elparque\/wp-json\/wp\/v2\/product_tag?post=222366"}],"curies":[{"name":"wp","href":"https:\/\/api.w.org\/{rel}","templated":true}]}}