{"id":222375,"date":"2024-05-18T13:31:50","date_gmt":"2024-05-18T11:31:50","guid":{"rendered":"https:\/\/desdropi.com\/elparque\/?post_type=product&#038;p=222375"},"modified":"2024-05-18T13:31:50","modified_gmt":"2024-05-18T11:31:50","slug":"aire-acondicionado-split-lg-lgwifi12-set-r32","status":"publish","type":"product","link":"https:\/\/desdropi.com\/elparque\/aire-acondicionado-split-lg-lgwifi12-set-r32\/","title":{"rendered":"AIRE ACONDICIONADO SPLIT LG LGWIFI12.SET R32"},"content":{"rendered":"<div class=\"descripcion-tab\">\n<ul>\n<li><strong>Marca<\/strong>: LG<\/li>\n<li><strong>Modelo<\/strong>: ACON.SPLIT LG LGWIFI12.SET R32<\/li>\n<li><strong>EAN<\/strong>: 8806091868121<\/li>\n<\/ul>\n<h4>Control de Energ\u00eda<\/h4>\n<ul>\n<li><strong>Escala de eficiencia energ\u00e9tica<\/strong>: A++<\/li>\n<li><strong>Potencia frigor\u00edas<\/strong>: De 2.500 Fg a 3.300 Fg<\/li>\n<li><strong>Clase energ\u00e9tica (Fr\u00edo\/Calor)<\/strong>: A+++\/A+++<\/li>\n<\/ul>\n<h4>Detalles T\u00e9cnicos<\/h4>\n<ul>\n<li><strong>Medio de refrigeraci\u00f3n<\/strong>: R-32<\/li>\n<li><strong>Pantalla incorporada<\/strong>: No<\/li>\n<li><strong>Temporizador<\/strong>: S\u00ed<\/li>\n<li><strong>Wi-Fi controlado<\/strong>: S\u00ed<\/li>\n<li><strong>Tipo<\/strong>: Split pared<\/li>\n<li><strong>Multi-split<\/strong>: No<\/li>\n<li><strong>Color del producto<\/strong>: Blanco<\/li>\n<\/ul>\n<h4>Contenido del Embalaje<\/h4>\n<ul>\n<li><strong>Mando a distancia<\/strong>: A trav\u00e9s del smartphone gracias a la app LG ThinQ<\/li>\n<\/ul>\n<\/div>\n","protected":false},"excerpt":{"rendered":"<p>Marca: LG Modelo: ACON.SPLIT LG LGWIFI12.SET R32 EAN: 8806091868121 Control de Energ\u00eda Escala de eficiencia energ\u00e9tica: A++ Potencia frigor\u00edas: De<\/p>\n","protected":false},"featured_media":222376,"comment_status":"open","ping_status":"closed","template":"","meta":{"_joinchat":[]},"product_cat":[3301,6573,6574,7066],"product_tag":[],"class_list":{"0":"post-222375","1":"product","2":"type-product","3":"status-publish","4":"has-post-thumbnail","6":"product_cat-climatizacion-y-calefaccion","7":"product_cat-aires-acondicionados","8":"product_cat-split-aires-acondicionados","9":"product_cat-2000-3000-4500-frigorias","11":"first","12":"instock","13":"sale","14":"taxable","15":"shipping-taxable","16":"purchasable","17":"product-type-simple"},"_links":{"self":[{"href":"https:\/\/desdropi.com\/elparque\/wp-json\/wp\/v2\/product\/222375"}],"collection":[{"href":"https:\/\/desdropi.com\/elparque\/wp-json\/wp\/v2\/product"}],"about":[{"href":"https:\/\/desdropi.com\/elparque\/wp-json\/wp\/v2\/types\/product"}],"replies":[{"embeddable":true,"href":"https:\/\/desdropi.com\/elparque\/wp-json\/wp\/v2\/comments?post=222375"}],"version-history":[{"count":0,"href":"https:\/\/desdropi.com\/elparque\/wp-json\/wp\/v2\/product\/222375\/revisions"}],"wp:featuredmedia":[{"embeddable":true,"href":"https:\/\/desdropi.com\/elparque\/wp-json\/wp\/v2\/media\/222376"}],"wp:attachment":[{"href":"https:\/\/desdropi.com\/elparque\/wp-json\/wp\/v2\/media?parent=222375"}],"wp:term":[{"taxonomy":"product_cat","embeddable":true,"href":"https:\/\/desdropi.com\/elparque\/wp-json\/wp\/v2\/product_cat?post=222375"},{"taxonomy":"product_tag","embeddable":true,"href":"https:\/\/desdropi.com\/elparque\/wp-json\/wp\/v2\/product_tag?post=222375"}],"curies":[{"name":"wp","href":"https:\/\/api.w.org\/{rel}","templated":true}]}}