{"id":222738,"date":"2025-02-13T10:46:05","date_gmt":"2025-02-13T09:46:05","guid":{"rendered":"https:\/\/desdropi.com\/elparque\/energysilence-aero-4200-invisible-white\/"},"modified":"2025-02-13T10:46:06","modified_gmt":"2025-02-13T09:46:06","slug":"energysilence-aero-4200-invisible-white","status":"publish","type":"product","link":"https:\/\/desdropi.com\/elparque\/energysilence-aero-4200-invisible-white\/","title":{"rendered":"Energysilence Aero 4200 invisible white"},"content":{"rendered":"<p>Energysilence Aero 4200 invisible white Ventilador de techo con 3 aspas retr\u00e1ctiles, con motor DC de 35 W,  iluminaci\u00f3n LED, temporizador hasta 8 horas, funci\u00f3n winter-summer, 6 velocidades, mando a distancia.<\/p>\n","protected":false},"excerpt":{"rendered":"<p>Energysilence Aero 4200 invisible white Ventilador de techo con 3 aspas retr\u00e1ctiles, con motor DC de 35 W, iluminaci\u00f3n LED,<\/p>\n","protected":false},"featured_media":222739,"comment_status":"open","ping_status":"open","template":"","meta":{"_joinchat":[]},"product_cat":[7230],"product_tag":[],"class_list":{"0":"post-222738","1":"product","2":"type-product","3":"status-publish","4":"has-post-thumbnail","6":"product_cat-cecotec","8":"first","9":"instock","10":"taxable","11":"shipping-taxable","12":"purchasable","13":"product-type-simple"},"_links":{"self":[{"href":"https:\/\/desdropi.com\/elparque\/wp-json\/wp\/v2\/product\/222738"}],"collection":[{"href":"https:\/\/desdropi.com\/elparque\/wp-json\/wp\/v2\/product"}],"about":[{"href":"https:\/\/desdropi.com\/elparque\/wp-json\/wp\/v2\/types\/product"}],"replies":[{"embeddable":true,"href":"https:\/\/desdropi.com\/elparque\/wp-json\/wp\/v2\/comments?post=222738"}],"version-history":[{"count":0,"href":"https:\/\/desdropi.com\/elparque\/wp-json\/wp\/v2\/product\/222738\/revisions"}],"wp:featuredmedia":[{"embeddable":true,"href":"https:\/\/desdropi.com\/elparque\/wp-json\/wp\/v2\/media\/222739"}],"wp:attachment":[{"href":"https:\/\/desdropi.com\/elparque\/wp-json\/wp\/v2\/media?parent=222738"}],"wp:term":[{"taxonomy":"product_cat","embeddable":true,"href":"https:\/\/desdropi.com\/elparque\/wp-json\/wp\/v2\/product_cat?post=222738"},{"taxonomy":"product_tag","embeddable":true,"href":"https:\/\/desdropi.com\/elparque\/wp-json\/wp\/v2\/product_tag?post=222738"}],"curies":[{"name":"wp","href":"https:\/\/api.w.org\/{rel}","templated":true}]}}