{"id":222742,"date":"2025-02-13T10:46:07","date_gmt":"2025-02-13T09:46:07","guid":{"rendered":"https:\/\/desdropi.com\/elparque\/ritualcare-twerk\/"},"modified":"2025-02-13T10:46:07","modified_gmt":"2025-02-13T09:46:07","slug":"ritualcare-twerk","status":"publish","type":"product","link":"https:\/\/desdropi.com\/elparque\/ritualcare-twerk\/","title":{"rendered":"RitualCare Twerk"},"content":{"rendered":"<p>Plancha de pelo con vibraci\u00f3n para mejorar la distribuci\u00f3n del mech\u00f3n por toda la placa y as\u00ed ser m\u00e1s eficiente en una sola pasada, con cable 360\u00baC, temperatura hasta 230\u00baC y revestimiento de queratina.<\/p>\n","protected":false},"excerpt":{"rendered":"<p>Plancha de pelo con vibraci\u00f3n para mejorar la distribuci\u00f3n del mech\u00f3n por toda la placa y as\u00ed ser m\u00e1s eficiente<\/p>\n","protected":false},"featured_media":222743,"comment_status":"open","ping_status":"open","template":"","meta":{"_joinchat":[]},"product_cat":[7230],"product_tag":[],"class_list":{"0":"post-222742","1":"product","2":"type-product","3":"status-publish","4":"has-post-thumbnail","6":"product_cat-cecotec","8":"first","9":"instock","10":"taxable","11":"shipping-taxable","12":"purchasable","13":"product-type-simple"},"_links":{"self":[{"href":"https:\/\/desdropi.com\/elparque\/wp-json\/wp\/v2\/product\/222742"}],"collection":[{"href":"https:\/\/desdropi.com\/elparque\/wp-json\/wp\/v2\/product"}],"about":[{"href":"https:\/\/desdropi.com\/elparque\/wp-json\/wp\/v2\/types\/product"}],"replies":[{"embeddable":true,"href":"https:\/\/desdropi.com\/elparque\/wp-json\/wp\/v2\/comments?post=222742"}],"version-history":[{"count":1,"href":"https:\/\/desdropi.com\/elparque\/wp-json\/wp\/v2\/product\/222742\/revisions"}],"predecessor-version":[{"id":222744,"href":"https:\/\/desdropi.com\/elparque\/wp-json\/wp\/v2\/product\/222742\/revisions\/222744"}],"wp:featuredmedia":[{"embeddable":true,"href":"https:\/\/desdropi.com\/elparque\/wp-json\/wp\/v2\/media\/222743"}],"wp:attachment":[{"href":"https:\/\/desdropi.com\/elparque\/wp-json\/wp\/v2\/media?parent=222742"}],"wp:term":[{"taxonomy":"product_cat","embeddable":true,"href":"https:\/\/desdropi.com\/elparque\/wp-json\/wp\/v2\/product_cat?post=222742"},{"taxonomy":"product_tag","embeddable":true,"href":"https:\/\/desdropi.com\/elparque\/wp-json\/wp\/v2\/product_tag?post=222742"}],"curies":[{"name":"wp","href":"https:\/\/api.w.org\/{rel}","templated":true}]}}