{"id":222747,"date":"2025-02-13T10:46:07","date_gmt":"2025-02-13T09:46:07","guid":{"rendered":"https:\/\/desdropi.com\/elparque\/conga-rockstar-12500-stellar-aquapet-flex\/"},"modified":"2025-02-13T10:46:08","modified_gmt":"2025-02-13T09:46:08","slug":"conga-rockstar-12500-stellar-aquapet-flex","status":"publish","type":"product","link":"https:\/\/desdropi.com\/elparque\/conga-rockstar-12500-stellar-aquapet-flex\/","title":{"rendered":"Conga Rockstar 12500 Stellar AquaPet Flex"},"content":{"rendered":"<p>Aspirador vertical Conga Rockstar 12500 Stellar AquaPet Flex. M\u00e1xima potencia de succi\u00f3n de 310 AW y ultrapotencia de 700 W. 100 minutos de autonom\u00eda. Cepillo HairLess antienredos. Tubo flexible y kit de accesorios completo.<\/p>\n","protected":false},"excerpt":{"rendered":"<p>Aspirador vertical Conga Rockstar 12500 Stellar AquaPet Flex. M\u00e1xima potencia de succi\u00f3n de 310 AW y ultrapotencia de 700 W.<\/p>\n","protected":false},"featured_media":222748,"comment_status":"open","ping_status":"open","template":"","meta":{"_joinchat":[]},"product_cat":[7230],"product_tag":[],"class_list":{"0":"post-222747","1":"product","2":"type-product","3":"status-publish","4":"has-post-thumbnail","6":"product_cat-cecotec","8":"first","9":"instock","10":"taxable","11":"shipping-taxable","12":"purchasable","13":"product-type-simple"},"_links":{"self":[{"href":"https:\/\/desdropi.com\/elparque\/wp-json\/wp\/v2\/product\/222747"}],"collection":[{"href":"https:\/\/desdropi.com\/elparque\/wp-json\/wp\/v2\/product"}],"about":[{"href":"https:\/\/desdropi.com\/elparque\/wp-json\/wp\/v2\/types\/product"}],"replies":[{"embeddable":true,"href":"https:\/\/desdropi.com\/elparque\/wp-json\/wp\/v2\/comments?post=222747"}],"version-history":[{"count":0,"href":"https:\/\/desdropi.com\/elparque\/wp-json\/wp\/v2\/product\/222747\/revisions"}],"wp:featuredmedia":[{"embeddable":true,"href":"https:\/\/desdropi.com\/elparque\/wp-json\/wp\/v2\/media\/222748"}],"wp:attachment":[{"href":"https:\/\/desdropi.com\/elparque\/wp-json\/wp\/v2\/media?parent=222747"}],"wp:term":[{"taxonomy":"product_cat","embeddable":true,"href":"https:\/\/desdropi.com\/elparque\/wp-json\/wp\/v2\/product_cat?post=222747"},{"taxonomy":"product_tag","embeddable":true,"href":"https:\/\/desdropi.com\/elparque\/wp-json\/wp\/v2\/product_tag?post=222747"}],"curies":[{"name":"wp","href":"https:\/\/api.w.org\/{rel}","templated":true}]}}