{"id":222774,"date":"2025-02-13T10:46:13","date_gmt":"2025-02-13T09:46:13","guid":{"rendered":"https:\/\/desdropi.com\/elparque\/proclean-2110\/"},"modified":"2025-02-13T10:46:13","modified_gmt":"2025-02-13T09:46:13","slug":"proclean-2110","status":"publish","type":"product","link":"https:\/\/desdropi.com\/elparque\/proclean-2110\/","title":{"rendered":"ProClean 2110"},"content":{"rendered":"<p>ProClean 2110. Microondas con Grill de 700W con 6 Niveles de Potencia, Capacidad 20 L, Funci\u00f3n Grill, Tecnolog\u00eda 3DWave, Modo Descongelaci\u00f3n, Temporizador hasta 30mins<\/p>\n","protected":false},"excerpt":{"rendered":"<p>ProClean 2110. Microondas con Grill de 700W con 6 Niveles de Potencia, Capacidad 20 L, Funci\u00f3n Grill, Tecnolog\u00eda 3DWave, Modo<\/p>\n","protected":false},"featured_media":222775,"comment_status":"open","ping_status":"open","template":"","meta":{"_joinchat":[]},"product_cat":[7230],"product_tag":[],"class_list":{"0":"post-222774","1":"product","2":"type-product","3":"status-publish","4":"has-post-thumbnail","6":"product_cat-cecotec","8":"first","9":"instock","10":"taxable","11":"shipping-taxable","12":"purchasable","13":"product-type-simple"},"_links":{"self":[{"href":"https:\/\/desdropi.com\/elparque\/wp-json\/wp\/v2\/product\/222774"}],"collection":[{"href":"https:\/\/desdropi.com\/elparque\/wp-json\/wp\/v2\/product"}],"about":[{"href":"https:\/\/desdropi.com\/elparque\/wp-json\/wp\/v2\/types\/product"}],"replies":[{"embeddable":true,"href":"https:\/\/desdropi.com\/elparque\/wp-json\/wp\/v2\/comments?post=222774"}],"version-history":[{"count":0,"href":"https:\/\/desdropi.com\/elparque\/wp-json\/wp\/v2\/product\/222774\/revisions"}],"wp:featuredmedia":[{"embeddable":true,"href":"https:\/\/desdropi.com\/elparque\/wp-json\/wp\/v2\/media\/222775"}],"wp:attachment":[{"href":"https:\/\/desdropi.com\/elparque\/wp-json\/wp\/v2\/media?parent=222774"}],"wp:term":[{"taxonomy":"product_cat","embeddable":true,"href":"https:\/\/desdropi.com\/elparque\/wp-json\/wp\/v2\/product_cat?post=222774"},{"taxonomy":"product_tag","embeddable":true,"href":"https:\/\/desdropi.com\/elparque\/wp-json\/wp\/v2\/product_tag?post=222774"}],"curies":[{"name":"wp","href":"https:\/\/api.w.org\/{rel}","templated":true}]}}