{"id":222867,"date":"2025-02-13T10:46:32","date_gmt":"2025-02-13T09:46:32","guid":{"rendered":"https:\/\/desdropi.com\/elparque\/cafelizzia-790-steel\/"},"modified":"2025-02-13T10:46:33","modified_gmt":"2025-02-13T09:46:33","slug":"cafelizzia-790-steel","status":"publish","type":"product","link":"https:\/\/desdropi.com\/elparque\/cafelizzia-790-steel\/","title":{"rendered":"Cafelizzia 790 Steel"},"content":{"rendered":"<p>Cafelizzia 790 Steel Cafetera Express para espressos y cappuccinos, Brazo portafiltros con Doble Salida y Dos filtros, 20 Bares de Presi\u00f3n, Dep\u00f3sito extra\u00edble de 1,2L, 1350W, Acero<\/p>\n","protected":false},"excerpt":{"rendered":"<p>Cafelizzia 790 Steel Cafetera Express para espressos y cappuccinos, Brazo portafiltros con Doble Salida y Dos filtros, 20 Bares de<\/p>\n","protected":false},"featured_media":222868,"comment_status":"open","ping_status":"open","template":"","meta":{"_joinchat":[]},"product_cat":[7230],"product_tag":[],"class_list":{"0":"post-222867","1":"product","2":"type-product","3":"status-publish","4":"has-post-thumbnail","6":"product_cat-cecotec","8":"first","9":"instock","10":"taxable","11":"shipping-taxable","12":"purchasable","13":"product-type-simple"},"_links":{"self":[{"href":"https:\/\/desdropi.com\/elparque\/wp-json\/wp\/v2\/product\/222867"}],"collection":[{"href":"https:\/\/desdropi.com\/elparque\/wp-json\/wp\/v2\/product"}],"about":[{"href":"https:\/\/desdropi.com\/elparque\/wp-json\/wp\/v2\/types\/product"}],"replies":[{"embeddable":true,"href":"https:\/\/desdropi.com\/elparque\/wp-json\/wp\/v2\/comments?post=222867"}],"version-history":[{"count":0,"href":"https:\/\/desdropi.com\/elparque\/wp-json\/wp\/v2\/product\/222867\/revisions"}],"wp:featuredmedia":[{"embeddable":true,"href":"https:\/\/desdropi.com\/elparque\/wp-json\/wp\/v2\/media\/222868"}],"wp:attachment":[{"href":"https:\/\/desdropi.com\/elparque\/wp-json\/wp\/v2\/media?parent=222867"}],"wp:term":[{"taxonomy":"product_cat","embeddable":true,"href":"https:\/\/desdropi.com\/elparque\/wp-json\/wp\/v2\/product_cat?post=222867"},{"taxonomy":"product_tag","embeddable":true,"href":"https:\/\/desdropi.com\/elparque\/wp-json\/wp\/v2\/product_tag?post=222867"}],"curies":[{"name":"wp","href":"https:\/\/api.w.org\/{rel}","templated":true}]}}