{"id":222947,"date":"2025-02-13T10:46:49","date_gmt":"2025-02-13T09:46:49","guid":{"rendered":"https:\/\/desdropi.com\/elparque\/bolero-coolmarket-fd-436-black-glass-e\/"},"modified":"2025-02-13T10:46:51","modified_gmt":"2025-02-13T09:46:51","slug":"bolero-coolmarket-fd-436-black-glass-e","status":"publish","type":"product","link":"https:\/\/desdropi.com\/elparque\/bolero-coolmarket-fd-436-black-glass-e\/","title":{"rendered":"Bolero CoolMarket FD 436 Black Glass E"},"content":{"rendered":"<p>Bolero CoolMarket FD 436 Black Glass E Frigor\u00edfico puerta francesa cristal negro, 183 cm de alto y 83,6 cm de ancho, capacidad 463L, compresor Inverter Plus, Total No Frost, clase energ\u00e9tica E. Adem\u00e1s, cuenta con distintos modos como Fast Cooling y Fast Freezing, as\u00ed como sistemas como MultiAirFlow, Metal Cooling y modo vacaciones.<\/p>\n","protected":false},"excerpt":{"rendered":"<p>Bolero CoolMarket FD 436 Black Glass E Frigor\u00edfico puerta francesa cristal negro, 183 cm de alto y 83,6 cm de<\/p>\n","protected":false},"featured_media":222948,"comment_status":"open","ping_status":"open","template":"","meta":{"_joinchat":[]},"product_cat":[7230],"product_tag":[],"class_list":{"0":"post-222947","1":"product","2":"type-product","3":"status-publish","4":"has-post-thumbnail","6":"product_cat-cecotec","8":"first","9":"outofstock","10":"taxable","11":"shipping-taxable","12":"purchasable","13":"product-type-simple"},"_links":{"self":[{"href":"https:\/\/desdropi.com\/elparque\/wp-json\/wp\/v2\/product\/222947"}],"collection":[{"href":"https:\/\/desdropi.com\/elparque\/wp-json\/wp\/v2\/product"}],"about":[{"href":"https:\/\/desdropi.com\/elparque\/wp-json\/wp\/v2\/types\/product"}],"replies":[{"embeddable":true,"href":"https:\/\/desdropi.com\/elparque\/wp-json\/wp\/v2\/comments?post=222947"}],"version-history":[{"count":0,"href":"https:\/\/desdropi.com\/elparque\/wp-json\/wp\/v2\/product\/222947\/revisions"}],"wp:featuredmedia":[{"embeddable":true,"href":"https:\/\/desdropi.com\/elparque\/wp-json\/wp\/v2\/media\/222948"}],"wp:attachment":[{"href":"https:\/\/desdropi.com\/elparque\/wp-json\/wp\/v2\/media?parent=222947"}],"wp:term":[{"taxonomy":"product_cat","embeddable":true,"href":"https:\/\/desdropi.com\/elparque\/wp-json\/wp\/v2\/product_cat?post=222947"},{"taxonomy":"product_tag","embeddable":true,"href":"https:\/\/desdropi.com\/elparque\/wp-json\/wp\/v2\/product_tag?post=222947"}],"curies":[{"name":"wp","href":"https:\/\/api.w.org\/{rel}","templated":true}]}}