{"id":222995,"date":"2025-02-13T10:47:01","date_gmt":"2025-02-13T09:47:01","guid":{"rendered":"https:\/\/desdropi.com\/elparque\/bolero-coolmarket-2d-255-nf-white-e\/"},"modified":"2025-02-13T10:47:02","modified_gmt":"2025-02-13T09:47:02","slug":"bolero-coolmarket-2d-255-nf-white-e","status":"publish","type":"product","link":"https:\/\/desdropi.com\/elparque\/bolero-coolmarket-2d-255-nf-white-e\/","title":{"rendered":"Bolero CoolMarket 2D 255 NF White E"},"content":{"rendered":"<p>Bolero CoolMarket 2D 255 NF White E Frigor\u00edfico de 2 puertas color blanco de 170cm de alto y 54,5cm de ancho con gran capacidad de 255 Litros y Motor Inverter con 10 a\u00f1os de garant\u00eda. Sistema de conservaci\u00f3n No Frost y clase energ\u00e9tica E.<\/p>\n","protected":false},"excerpt":{"rendered":"<p>Bolero CoolMarket 2D 255 NF White E Frigor\u00edfico de 2 puertas color blanco de 170cm de alto y 54,5cm de<\/p>\n","protected":false},"featured_media":222996,"comment_status":"open","ping_status":"open","template":"","meta":{"_joinchat":[]},"product_cat":[7230],"product_tag":[],"class_list":{"0":"post-222995","1":"product","2":"type-product","3":"status-publish","4":"has-post-thumbnail","6":"product_cat-cecotec","8":"first","9":"outofstock","10":"taxable","11":"shipping-taxable","12":"purchasable","13":"product-type-simple"},"_links":{"self":[{"href":"https:\/\/desdropi.com\/elparque\/wp-json\/wp\/v2\/product\/222995"}],"collection":[{"href":"https:\/\/desdropi.com\/elparque\/wp-json\/wp\/v2\/product"}],"about":[{"href":"https:\/\/desdropi.com\/elparque\/wp-json\/wp\/v2\/types\/product"}],"replies":[{"embeddable":true,"href":"https:\/\/desdropi.com\/elparque\/wp-json\/wp\/v2\/comments?post=222995"}],"version-history":[{"count":0,"href":"https:\/\/desdropi.com\/elparque\/wp-json\/wp\/v2\/product\/222995\/revisions"}],"wp:featuredmedia":[{"embeddable":true,"href":"https:\/\/desdropi.com\/elparque\/wp-json\/wp\/v2\/media\/222996"}],"wp:attachment":[{"href":"https:\/\/desdropi.com\/elparque\/wp-json\/wp\/v2\/media?parent=222995"}],"wp:term":[{"taxonomy":"product_cat","embeddable":true,"href":"https:\/\/desdropi.com\/elparque\/wp-json\/wp\/v2\/product_cat?post=222995"},{"taxonomy":"product_tag","embeddable":true,"href":"https:\/\/desdropi.com\/elparque\/wp-json\/wp\/v2\/product_tag?post=222995"}],"curies":[{"name":"wp","href":"https:\/\/api.w.org\/{rel}","templated":true}]}}