{"id":223007,"date":"2025-02-13T10:48:04","date_gmt":"2025-02-13T09:48:04","guid":{"rendered":"https:\/\/desdropi.com\/elparque\/bolero-coolmarket-2d-465-nf-white-e\/"},"modified":"2025-02-13T10:48:04","modified_gmt":"2025-02-13T09:48:04","slug":"bolero-coolmarket-2d-465-nf-white-e","status":"publish","type":"product","link":"https:\/\/desdropi.com\/elparque\/bolero-coolmarket-2d-465-nf-white-e\/","title":{"rendered":"Bolero CoolMarket 2D 465 NF White E"},"content":{"rendered":"<p>Bolero CoolMarket 2D 465 NF White E Frigor\u00edfico de 2 puertas color blanco de 185,5cm de alto y 70,3 cm de ancho con gran capacidad de 465 Litros y Motor Inverter con 10 a\u00f1os de garant\u00eda. Sistema de conservaci\u00f3n No Frost y clase energ\u00e9tica E.<\/p>\n","protected":false},"excerpt":{"rendered":"<p>Bolero CoolMarket 2D 465 NF White E Frigor\u00edfico de 2 puertas color blanco de 185,5cm de alto y 70,3 cm<\/p>\n","protected":false},"featured_media":223008,"comment_status":"open","ping_status":"open","template":"","meta":{"_joinchat":[]},"product_cat":[7230],"product_tag":[],"class_list":{"0":"post-223007","1":"product","2":"type-product","3":"status-publish","4":"has-post-thumbnail","6":"product_cat-cecotec","8":"first","9":"instock","10":"taxable","11":"shipping-taxable","12":"purchasable","13":"product-type-simple"},"_links":{"self":[{"href":"https:\/\/desdropi.com\/elparque\/wp-json\/wp\/v2\/product\/223007"}],"collection":[{"href":"https:\/\/desdropi.com\/elparque\/wp-json\/wp\/v2\/product"}],"about":[{"href":"https:\/\/desdropi.com\/elparque\/wp-json\/wp\/v2\/types\/product"}],"replies":[{"embeddable":true,"href":"https:\/\/desdropi.com\/elparque\/wp-json\/wp\/v2\/comments?post=223007"}],"version-history":[{"count":1,"href":"https:\/\/desdropi.com\/elparque\/wp-json\/wp\/v2\/product\/223007\/revisions"}],"predecessor-version":[{"id":223513,"href":"https:\/\/desdropi.com\/elparque\/wp-json\/wp\/v2\/product\/223007\/revisions\/223513"}],"wp:featuredmedia":[{"embeddable":true,"href":"https:\/\/desdropi.com\/elparque\/wp-json\/wp\/v2\/media\/223008"}],"wp:attachment":[{"href":"https:\/\/desdropi.com\/elparque\/wp-json\/wp\/v2\/media?parent=223007"}],"wp:term":[{"taxonomy":"product_cat","embeddable":true,"href":"https:\/\/desdropi.com\/elparque\/wp-json\/wp\/v2\/product_cat?post=223007"},{"taxonomy":"product_tag","embeddable":true,"href":"https:\/\/desdropi.com\/elparque\/wp-json\/wp\/v2\/product_tag?post=223007"}],"curies":[{"name":"wp","href":"https:\/\/api.w.org\/{rel}","templated":true}]}}