{"id":223023,"date":"2025-02-13T10:48:08","date_gmt":"2025-02-13T09:48:08","guid":{"rendered":"https:\/\/desdropi.com\/elparque\/bolero-dresscode-dry-8200c-b\/"},"modified":"2025-02-13T10:48:08","modified_gmt":"2025-02-13T09:48:08","slug":"bolero-dresscode-dry-8200c-b","status":"publish","type":"product","link":"https:\/\/desdropi.com\/elparque\/bolero-dresscode-dry-8200c-b\/","title":{"rendered":"Bolero DressCode Dry 8200C B"},"content":{"rendered":"<p>Bolero DressCode Dry 8200C B Secadora de Condensaci\u00f3n con 8Kg de carga, Clase B, 15 Programas, Secado Autom\u00e1tico, Planchado f\u00e1cil, Stop&#038;Go, KidLock, Funci\u00f3n antiarrugas, Funci\u00f3n Silence, Giro Bidireccional, Luz interior y Tambor Inox.<\/p>\n","protected":false},"excerpt":{"rendered":"<p>Bolero DressCode Dry 8200C B Secadora de Condensaci\u00f3n con 8Kg de carga, Clase B, 15 Programas, Secado Autom\u00e1tico, Planchado f\u00e1cil,<\/p>\n","protected":false},"featured_media":223024,"comment_status":"open","ping_status":"open","template":"","meta":{"_joinchat":[]},"product_cat":[7230],"product_tag":[],"class_list":{"0":"post-223023","1":"product","2":"type-product","3":"status-publish","4":"has-post-thumbnail","6":"product_cat-cecotec","8":"first","9":"instock","10":"taxable","11":"shipping-taxable","12":"purchasable","13":"product-type-simple"},"_links":{"self":[{"href":"https:\/\/desdropi.com\/elparque\/wp-json\/wp\/v2\/product\/223023"}],"collection":[{"href":"https:\/\/desdropi.com\/elparque\/wp-json\/wp\/v2\/product"}],"about":[{"href":"https:\/\/desdropi.com\/elparque\/wp-json\/wp\/v2\/types\/product"}],"replies":[{"embeddable":true,"href":"https:\/\/desdropi.com\/elparque\/wp-json\/wp\/v2\/comments?post=223023"}],"version-history":[{"count":1,"href":"https:\/\/desdropi.com\/elparque\/wp-json\/wp\/v2\/product\/223023\/revisions"}],"predecessor-version":[{"id":223517,"href":"https:\/\/desdropi.com\/elparque\/wp-json\/wp\/v2\/product\/223023\/revisions\/223517"}],"wp:featuredmedia":[{"embeddable":true,"href":"https:\/\/desdropi.com\/elparque\/wp-json\/wp\/v2\/media\/223024"}],"wp:attachment":[{"href":"https:\/\/desdropi.com\/elparque\/wp-json\/wp\/v2\/media?parent=223023"}],"wp:term":[{"taxonomy":"product_cat","embeddable":true,"href":"https:\/\/desdropi.com\/elparque\/wp-json\/wp\/v2\/product_cat?post=223023"},{"taxonomy":"product_tag","embeddable":true,"href":"https:\/\/desdropi.com\/elparque\/wp-json\/wp\/v2\/product_tag?post=223023"}],"curies":[{"name":"wp","href":"https:\/\/api.w.org\/{rel}","templated":true}]}}