{"id":223142,"date":"2025-02-13T10:48:34","date_gmt":"2025-02-13T09:48:34","guid":{"rendered":"https:\/\/desdropi.com\/elparque\/bolero-coolmarket-4d-564-glass-e\/"},"modified":"2025-02-13T10:48:35","modified_gmt":"2025-02-13T09:48:35","slug":"bolero-coolmarket-4d-564-glass-e","status":"publish","type":"product","link":"https:\/\/desdropi.com\/elparque\/bolero-coolmarket-4d-564-glass-e\/","title":{"rendered":"Bolero CoolMarket 4D 564 Glass E"},"content":{"rendered":"<p>Bolero CoolMarket 4D 564 Glass E Frigor\u00edfico 4 puertas Glass con una gran capacidad de 564 L, 183 cm de alto, 91 cm de ancho, con dispensador de agua, clase energ\u00e9tica E y motor inverter plus. Adem\u00e1s, cuenta con distintos modos como Fast Cooling y Fast Freezing, as\u00ed como sistemas como MultiAirFlow, Total NoFrost o Metal Cooling.<\/p>\n","protected":false},"excerpt":{"rendered":"<p>Bolero CoolMarket 4D 564 Glass E Frigor\u00edfico 4 puertas Glass con una gran capacidad de 564 L, 183 cm de<\/p>\n","protected":false},"featured_media":223143,"comment_status":"open","ping_status":"open","template":"","meta":{"_joinchat":[]},"product_cat":[7230],"product_tag":[],"class_list":{"0":"post-223142","1":"product","2":"type-product","3":"status-publish","4":"has-post-thumbnail","6":"product_cat-cecotec","8":"first","9":"outofstock","10":"taxable","11":"shipping-taxable","12":"purchasable","13":"product-type-simple"},"_links":{"self":[{"href":"https:\/\/desdropi.com\/elparque\/wp-json\/wp\/v2\/product\/223142"}],"collection":[{"href":"https:\/\/desdropi.com\/elparque\/wp-json\/wp\/v2\/product"}],"about":[{"href":"https:\/\/desdropi.com\/elparque\/wp-json\/wp\/v2\/types\/product"}],"replies":[{"embeddable":true,"href":"https:\/\/desdropi.com\/elparque\/wp-json\/wp\/v2\/comments?post=223142"}],"version-history":[{"count":1,"href":"https:\/\/desdropi.com\/elparque\/wp-json\/wp\/v2\/product\/223142\/revisions"}],"predecessor-version":[{"id":223547,"href":"https:\/\/desdropi.com\/elparque\/wp-json\/wp\/v2\/product\/223142\/revisions\/223547"}],"wp:featuredmedia":[{"embeddable":true,"href":"https:\/\/desdropi.com\/elparque\/wp-json\/wp\/v2\/media\/223143"}],"wp:attachment":[{"href":"https:\/\/desdropi.com\/elparque\/wp-json\/wp\/v2\/media?parent=223142"}],"wp:term":[{"taxonomy":"product_cat","embeddable":true,"href":"https:\/\/desdropi.com\/elparque\/wp-json\/wp\/v2\/product_cat?post=223142"},{"taxonomy":"product_tag","embeddable":true,"href":"https:\/\/desdropi.com\/elparque\/wp-json\/wp\/v2\/product_tag?post=223142"}],"curies":[{"name":"wp","href":"https:\/\/api.w.org\/{rel}","templated":true}]}}