{"id":223146,"date":"2025-02-13T10:48:35","date_gmt":"2025-02-13T09:48:35","guid":{"rendered":"https:\/\/desdropi.com\/elparque\/bolero-coolmarket-fd-510-inox-e\/"},"modified":"2025-02-13T10:48:36","modified_gmt":"2025-02-13T09:48:36","slug":"bolero-coolmarket-fd-510-inox-e","status":"publish","type":"product","link":"https:\/\/desdropi.com\/elparque\/bolero-coolmarket-fd-510-inox-e\/","title":{"rendered":"Bolero CoolMarket FD 510 Inox E"},"content":{"rendered":"<p>Bolero CoolMarket FD 510 Inox E Frigor\u00edfico 4 puertas inox estilo franc\u00e9s, con una gran capacidad de 510 L, 183 cm de alto, 85 cm de ancho, clase energ\u00e9tica E y motor Inverter plus. Adem\u00e1s, cuenta con distintos modos como Fast Cooling y Fast Freezing, as\u00ed como sistemas como MultiAirFlow, Total NoFrost, Metal Cooling.<\/p>\n","protected":false},"excerpt":{"rendered":"<p>Bolero CoolMarket FD 510 Inox E Frigor\u00edfico 4 puertas inox estilo franc\u00e9s, con una gran capacidad de 510 L, 183<\/p>\n","protected":false},"featured_media":223147,"comment_status":"open","ping_status":"open","template":"","meta":{"_joinchat":[]},"product_cat":[7230],"product_tag":[],"class_list":{"0":"post-223146","1":"product","2":"type-product","3":"status-publish","4":"has-post-thumbnail","6":"product_cat-cecotec","8":"first","9":"outofstock","10":"taxable","11":"shipping-taxable","12":"purchasable","13":"product-type-simple"},"_links":{"self":[{"href":"https:\/\/desdropi.com\/elparque\/wp-json\/wp\/v2\/product\/223146"}],"collection":[{"href":"https:\/\/desdropi.com\/elparque\/wp-json\/wp\/v2\/product"}],"about":[{"href":"https:\/\/desdropi.com\/elparque\/wp-json\/wp\/v2\/types\/product"}],"replies":[{"embeddable":true,"href":"https:\/\/desdropi.com\/elparque\/wp-json\/wp\/v2\/comments?post=223146"}],"version-history":[{"count":1,"href":"https:\/\/desdropi.com\/elparque\/wp-json\/wp\/v2\/product\/223146\/revisions"}],"predecessor-version":[{"id":223548,"href":"https:\/\/desdropi.com\/elparque\/wp-json\/wp\/v2\/product\/223146\/revisions\/223548"}],"wp:featuredmedia":[{"embeddable":true,"href":"https:\/\/desdropi.com\/elparque\/wp-json\/wp\/v2\/media\/223147"}],"wp:attachment":[{"href":"https:\/\/desdropi.com\/elparque\/wp-json\/wp\/v2\/media?parent=223146"}],"wp:term":[{"taxonomy":"product_cat","embeddable":true,"href":"https:\/\/desdropi.com\/elparque\/wp-json\/wp\/v2\/product_cat?post=223146"},{"taxonomy":"product_tag","embeddable":true,"href":"https:\/\/desdropi.com\/elparque\/wp-json\/wp\/v2\/product_tag?post=223146"}],"curies":[{"name":"wp","href":"https:\/\/api.w.org\/{rel}","templated":true}]}}