{"id":223344,"date":"2025-02-13T10:50:21","date_gmt":"2025-02-13T09:50:21","guid":{"rendered":"https:\/\/desdropi.com\/elparque\/full-crystal-onyx\/"},"modified":"2025-02-13T10:50:21","modified_gmt":"2025-02-13T09:50:21","slug":"full-crystal-onyx","status":"publish","type":"product","link":"https:\/\/desdropi.com\/elparque\/full-crystal-onyx\/","title":{"rendered":"Full Crystal Onyx"},"content":{"rendered":"<p>Port\u00e1til Full Crystal Onyx. Placa de Inducci\u00f3n de 2000 W, Cristal Esmaltado, Control T\u00e1ctil, Potencia y Temperatura Regulable, 4 Programas Preconfigurados, Temporizador, Di\u00e1metro 28 cm<\/p>\n","protected":false},"excerpt":{"rendered":"<p>Port\u00e1til Full Crystal Onyx. Placa de Inducci\u00f3n de 2000 W, Cristal Esmaltado, Control T\u00e1ctil, Potencia y Temperatura Regulable, 4 Programas<\/p>\n","protected":false},"featured_media":223345,"comment_status":"open","ping_status":"open","template":"","meta":{"_joinchat":[]},"product_cat":[7230],"product_tag":[],"class_list":{"0":"post-223344","1":"product","2":"type-product","3":"status-publish","4":"has-post-thumbnail","6":"product_cat-cecotec","8":"first","9":"instock","10":"taxable","11":"shipping-taxable","12":"purchasable","13":"product-type-simple"},"_links":{"self":[{"href":"https:\/\/desdropi.com\/elparque\/wp-json\/wp\/v2\/product\/223344"}],"collection":[{"href":"https:\/\/desdropi.com\/elparque\/wp-json\/wp\/v2\/product"}],"about":[{"href":"https:\/\/desdropi.com\/elparque\/wp-json\/wp\/v2\/types\/product"}],"replies":[{"embeddable":true,"href":"https:\/\/desdropi.com\/elparque\/wp-json\/wp\/v2\/comments?post=223344"}],"version-history":[{"count":1,"href":"https:\/\/desdropi.com\/elparque\/wp-json\/wp\/v2\/product\/223344\/revisions"}],"predecessor-version":[{"id":223598,"href":"https:\/\/desdropi.com\/elparque\/wp-json\/wp\/v2\/product\/223344\/revisions\/223598"}],"wp:featuredmedia":[{"embeddable":true,"href":"https:\/\/desdropi.com\/elparque\/wp-json\/wp\/v2\/media\/223345"}],"wp:attachment":[{"href":"https:\/\/desdropi.com\/elparque\/wp-json\/wp\/v2\/media?parent=223344"}],"wp:term":[{"taxonomy":"product_cat","embeddable":true,"href":"https:\/\/desdropi.com\/elparque\/wp-json\/wp\/v2\/product_cat?post=223344"},{"taxonomy":"product_tag","embeddable":true,"href":"https:\/\/desdropi.com\/elparque\/wp-json\/wp\/v2\/product_tag?post=223344"}],"curies":[{"name":"wp","href":"https:\/\/api.w.org\/{rel}","templated":true}]}}