{"id":223396,"date":"2025-02-13T10:50:32","date_gmt":"2025-02-13T09:50:32","guid":{"rendered":"https:\/\/desdropi.com\/elparque\/zitra-steel\/"},"modified":"2025-02-13T10:50:32","modified_gmt":"2025-02-13T09:50:32","slug":"zitra-steel","status":"publish","type":"product","link":"https:\/\/desdropi.com\/elparque\/zitra-steel\/","title":{"rendered":"Zitra Steel"},"content":{"rendered":"<p>Zitra Steel Exprimidores el\u00e9ctrico para naranjas y c\u00edtricos con 40 W de potencia y filtro de pl\u00e1stico.<\/p>\n","protected":false},"excerpt":{"rendered":"<p>Zitra Steel Exprimidores el\u00e9ctrico para naranjas y c\u00edtricos con 40 W de potencia y filtro de pl\u00e1stico.<\/p>\n","protected":false},"featured_media":223397,"comment_status":"open","ping_status":"open","template":"","meta":{"_joinchat":[]},"product_cat":[7230],"product_tag":[],"class_list":{"0":"post-223396","1":"product","2":"type-product","3":"status-publish","4":"has-post-thumbnail","6":"product_cat-cecotec","8":"first","9":"instock","10":"taxable","11":"shipping-taxable","12":"purchasable","13":"product-type-simple"},"_links":{"self":[{"href":"https:\/\/desdropi.com\/elparque\/wp-json\/wp\/v2\/product\/223396"}],"collection":[{"href":"https:\/\/desdropi.com\/elparque\/wp-json\/wp\/v2\/product"}],"about":[{"href":"https:\/\/desdropi.com\/elparque\/wp-json\/wp\/v2\/types\/product"}],"replies":[{"embeddable":true,"href":"https:\/\/desdropi.com\/elparque\/wp-json\/wp\/v2\/comments?post=223396"}],"version-history":[{"count":1,"href":"https:\/\/desdropi.com\/elparque\/wp-json\/wp\/v2\/product\/223396\/revisions"}],"predecessor-version":[{"id":223612,"href":"https:\/\/desdropi.com\/elparque\/wp-json\/wp\/v2\/product\/223396\/revisions\/223612"}],"wp:featuredmedia":[{"embeddable":true,"href":"https:\/\/desdropi.com\/elparque\/wp-json\/wp\/v2\/media\/223397"}],"wp:attachment":[{"href":"https:\/\/desdropi.com\/elparque\/wp-json\/wp\/v2\/media?parent=223396"}],"wp:term":[{"taxonomy":"product_cat","embeddable":true,"href":"https:\/\/desdropi.com\/elparque\/wp-json\/wp\/v2\/product_cat?post=223396"},{"taxonomy":"product_tag","embeddable":true,"href":"https:\/\/desdropi.com\/elparque\/wp-json\/wp\/v2\/product_tag?post=223396"}],"curies":[{"name":"wp","href":"https:\/\/api.w.org\/{rel}","templated":true}]}}