{"id":223404,"date":"2025-02-13T10:50:34","date_gmt":"2025-02-13T09:50:34","guid":{"rendered":"https:\/\/desdropi.com\/elparque\/essentialvita-hyden-600-steel\/"},"modified":"2025-02-13T10:50:34","modified_gmt":"2025-02-13T09:50:34","slug":"essentialvita-hyden-600-steel","status":"publish","type":"product","link":"https:\/\/desdropi.com\/elparque\/essentialvita-hyden-600-steel\/","title":{"rendered":"EssentialVita Hyden 600 Steel"},"content":{"rendered":"<p>EssentialVita Hyden 600 Steel Exprimidor el\u00e9ctrico de brazo de inox para naranjas y c\u00edtricos con 600 W de potencia, filtro de acero inoxidable y dos conos desmontables de pl\u00e1stico de diferente tama\u00f1o.<\/p>\n","protected":false},"excerpt":{"rendered":"<p>EssentialVita Hyden 600 Steel Exprimidor el\u00e9ctrico de brazo de inox para naranjas y c\u00edtricos con 600 W de potencia, filtro<\/p>\n","protected":false},"featured_media":223405,"comment_status":"open","ping_status":"open","template":"","meta":{"_joinchat":[]},"product_cat":[7230],"product_tag":[],"class_list":{"0":"post-223404","1":"product","2":"type-product","3":"status-publish","4":"has-post-thumbnail","6":"product_cat-cecotec","8":"first","9":"instock","10":"taxable","11":"shipping-taxable","12":"purchasable","13":"product-type-simple"},"_links":{"self":[{"href":"https:\/\/desdropi.com\/elparque\/wp-json\/wp\/v2\/product\/223404"}],"collection":[{"href":"https:\/\/desdropi.com\/elparque\/wp-json\/wp\/v2\/product"}],"about":[{"href":"https:\/\/desdropi.com\/elparque\/wp-json\/wp\/v2\/types\/product"}],"replies":[{"embeddable":true,"href":"https:\/\/desdropi.com\/elparque\/wp-json\/wp\/v2\/comments?post=223404"}],"version-history":[{"count":1,"href":"https:\/\/desdropi.com\/elparque\/wp-json\/wp\/v2\/product\/223404\/revisions"}],"predecessor-version":[{"id":223614,"href":"https:\/\/desdropi.com\/elparque\/wp-json\/wp\/v2\/product\/223404\/revisions\/223614"}],"wp:featuredmedia":[{"embeddable":true,"href":"https:\/\/desdropi.com\/elparque\/wp-json\/wp\/v2\/media\/223405"}],"wp:attachment":[{"href":"https:\/\/desdropi.com\/elparque\/wp-json\/wp\/v2\/media?parent=223404"}],"wp:term":[{"taxonomy":"product_cat","embeddable":true,"href":"https:\/\/desdropi.com\/elparque\/wp-json\/wp\/v2\/product_cat?post=223404"},{"taxonomy":"product_tag","embeddable":true,"href":"https:\/\/desdropi.com\/elparque\/wp-json\/wp\/v2\/product_tag?post=223404"}],"curies":[{"name":"wp","href":"https:\/\/api.w.org\/{rel}","templated":true}]}}