{"id":223412,"date":"2025-02-13T10:50:36","date_gmt":"2025-02-13T09:50:36","guid":{"rendered":"https:\/\/desdropi.com\/elparque\/bamba-surfcare-curly-sphere\/"},"modified":"2025-02-13T10:50:36","modified_gmt":"2025-02-13T09:50:36","slug":"bamba-surfcare-curly-sphere","status":"publish","type":"product","link":"https:\/\/desdropi.com\/elparque\/bamba-surfcare-curly-sphere\/","title":{"rendered":"Bamba SurfCare Curly Sphere"},"content":{"rendered":"<p>Bamba SurfCare Curly Sphere Rizador de pelo manual de 28 mm de cer\u00e1mica y turmalina con ajuste de temperatura y pantalla LED. Adem\u00e1s posee una tecnolog\u00eda de iones.<\/p>\n","protected":false},"excerpt":{"rendered":"<p>Bamba SurfCare Curly Sphere Rizador de pelo manual de 28 mm de cer\u00e1mica y turmalina con ajuste de temperatura y<\/p>\n","protected":false},"featured_media":223413,"comment_status":"open","ping_status":"open","template":"","meta":{"_joinchat":[]},"product_cat":[7230],"product_tag":[],"class_list":{"0":"post-223412","1":"product","2":"type-product","3":"status-publish","4":"has-post-thumbnail","6":"product_cat-cecotec","8":"first","9":"instock","10":"taxable","11":"shipping-taxable","12":"purchasable","13":"product-type-simple"},"_links":{"self":[{"href":"https:\/\/desdropi.com\/elparque\/wp-json\/wp\/v2\/product\/223412"}],"collection":[{"href":"https:\/\/desdropi.com\/elparque\/wp-json\/wp\/v2\/product"}],"about":[{"href":"https:\/\/desdropi.com\/elparque\/wp-json\/wp\/v2\/types\/product"}],"replies":[{"embeddable":true,"href":"https:\/\/desdropi.com\/elparque\/wp-json\/wp\/v2\/comments?post=223412"}],"version-history":[{"count":1,"href":"https:\/\/desdropi.com\/elparque\/wp-json\/wp\/v2\/product\/223412\/revisions"}],"predecessor-version":[{"id":223616,"href":"https:\/\/desdropi.com\/elparque\/wp-json\/wp\/v2\/product\/223412\/revisions\/223616"}],"wp:featuredmedia":[{"embeddable":true,"href":"https:\/\/desdropi.com\/elparque\/wp-json\/wp\/v2\/media\/223413"}],"wp:attachment":[{"href":"https:\/\/desdropi.com\/elparque\/wp-json\/wp\/v2\/media?parent=223412"}],"wp:term":[{"taxonomy":"product_cat","embeddable":true,"href":"https:\/\/desdropi.com\/elparque\/wp-json\/wp\/v2\/product_cat?post=223412"},{"taxonomy":"product_tag","embeddable":true,"href":"https:\/\/desdropi.com\/elparque\/wp-json\/wp\/v2\/product_tag?post=223412"}],"curies":[{"name":"wp","href":"https:\/\/api.w.org\/{rel}","templated":true}]}}