{"id":223436,"date":"2025-02-13T10:50:41","date_gmt":"2025-02-13T09:50:41","guid":{"rendered":"https:\/\/desdropi.com\/elparque\/baketoast-1090-black\/"},"modified":"2025-02-13T10:50:41","modified_gmt":"2025-02-13T09:50:41","slug":"baketoast-1090-black","status":"publish","type":"product","link":"https:\/\/desdropi.com\/elparque\/baketoast-1090-black\/","title":{"rendered":"Bake&#038;Toast 1090 Black"},"content":{"rendered":"<p>Bake&#038;Toast 1090 Black Hornos el\u00e9ctricos de sobremesa el\u00e9ctrico multifunci\u00f3n, 10 litros de capacidad y puerta con doble cristal.<\/p>\n","protected":false},"excerpt":{"rendered":"<p>Bake&#038;Toast 1090 Black Hornos el\u00e9ctricos de sobremesa el\u00e9ctrico multifunci\u00f3n, 10 litros de capacidad y puerta con doble cristal.<\/p>\n","protected":false},"featured_media":223437,"comment_status":"open","ping_status":"open","template":"","meta":{"_joinchat":[]},"product_cat":[7230],"product_tag":[],"class_list":{"0":"post-223436","1":"product","2":"type-product","3":"status-publish","4":"has-post-thumbnail","6":"product_cat-cecotec","8":"first","9":"outofstock","10":"taxable","11":"shipping-taxable","12":"purchasable","13":"product-type-simple"},"_links":{"self":[{"href":"https:\/\/desdropi.com\/elparque\/wp-json\/wp\/v2\/product\/223436"}],"collection":[{"href":"https:\/\/desdropi.com\/elparque\/wp-json\/wp\/v2\/product"}],"about":[{"href":"https:\/\/desdropi.com\/elparque\/wp-json\/wp\/v2\/types\/product"}],"replies":[{"embeddable":true,"href":"https:\/\/desdropi.com\/elparque\/wp-json\/wp\/v2\/comments?post=223436"}],"version-history":[{"count":1,"href":"https:\/\/desdropi.com\/elparque\/wp-json\/wp\/v2\/product\/223436\/revisions"}],"predecessor-version":[{"id":223622,"href":"https:\/\/desdropi.com\/elparque\/wp-json\/wp\/v2\/product\/223436\/revisions\/223622"}],"wp:featuredmedia":[{"embeddable":true,"href":"https:\/\/desdropi.com\/elparque\/wp-json\/wp\/v2\/media\/223437"}],"wp:attachment":[{"href":"https:\/\/desdropi.com\/elparque\/wp-json\/wp\/v2\/media?parent=223436"}],"wp:term":[{"taxonomy":"product_cat","embeddable":true,"href":"https:\/\/desdropi.com\/elparque\/wp-json\/wp\/v2\/product_cat?post=223436"},{"taxonomy":"product_tag","embeddable":true,"href":"https:\/\/desdropi.com\/elparque\/wp-json\/wp\/v2\/product_tag?post=223436"}],"curies":[{"name":"wp","href":"https:\/\/api.w.org\/{rel}","templated":true}]}}