{"id":223460,"date":"2025-02-13T10:50:47","date_gmt":"2025-02-13T09:50:47","guid":{"rendered":"https:\/\/desdropi.com\/elparque\/xqueeze-retrojuice-600-beige\/"},"modified":"2025-02-13T10:50:47","modified_gmt":"2025-02-13T09:50:47","slug":"xqueeze-retrojuice-600-beige","status":"publish","type":"product","link":"https:\/\/desdropi.com\/elparque\/xqueeze-retrojuice-600-beige\/","title":{"rendered":"Xqueeze RetroJuice 600 Beige"},"content":{"rendered":"<p>Xqueeze RetroJuice 600 Beige Exprimidor el\u00e9ctrico de brazo retro para naranjas y c\u00edtricos con 600 W de potencia, filtro de acero inoxidable, un cono de pl\u00e1stico, palanca para extraer la pulpa y sistema antigoteo.<\/p>\n","protected":false},"excerpt":{"rendered":"<p>Xqueeze RetroJuice 600 Beige Exprimidor el\u00e9ctrico de brazo retro para naranjas y c\u00edtricos con 600 W de potencia, filtro de<\/p>\n","protected":false},"featured_media":223461,"comment_status":"open","ping_status":"open","template":"","meta":{"_joinchat":[]},"product_cat":[7230],"product_tag":[],"class_list":{"0":"post-223460","1":"product","2":"type-product","3":"status-publish","4":"has-post-thumbnail","6":"product_cat-cecotec","8":"first","9":"instock","10":"taxable","11":"shipping-taxable","12":"purchasable","13":"product-type-simple"},"_links":{"self":[{"href":"https:\/\/desdropi.com\/elparque\/wp-json\/wp\/v2\/product\/223460"}],"collection":[{"href":"https:\/\/desdropi.com\/elparque\/wp-json\/wp\/v2\/product"}],"about":[{"href":"https:\/\/desdropi.com\/elparque\/wp-json\/wp\/v2\/types\/product"}],"replies":[{"embeddable":true,"href":"https:\/\/desdropi.com\/elparque\/wp-json\/wp\/v2\/comments?post=223460"}],"version-history":[{"count":1,"href":"https:\/\/desdropi.com\/elparque\/wp-json\/wp\/v2\/product\/223460\/revisions"}],"predecessor-version":[{"id":223628,"href":"https:\/\/desdropi.com\/elparque\/wp-json\/wp\/v2\/product\/223460\/revisions\/223628"}],"wp:featuredmedia":[{"embeddable":true,"href":"https:\/\/desdropi.com\/elparque\/wp-json\/wp\/v2\/media\/223461"}],"wp:attachment":[{"href":"https:\/\/desdropi.com\/elparque\/wp-json\/wp\/v2\/media?parent=223460"}],"wp:term":[{"taxonomy":"product_cat","embeddable":true,"href":"https:\/\/desdropi.com\/elparque\/wp-json\/wp\/v2\/product_cat?post=223460"},{"taxonomy":"product_tag","embeddable":true,"href":"https:\/\/desdropi.com\/elparque\/wp-json\/wp\/v2\/product_tag?post=223460"}],"curies":[{"name":"wp","href":"https:\/\/api.w.org\/{rel}","templated":true}]}}