{"id":223500,"date":"2025-02-13T10:50:55","date_gmt":"2025-02-13T09:50:55","guid":{"rendered":"https:\/\/desdropi.com\/elparque\/powertwist-500\/"},"modified":"2025-02-13T10:50:56","modified_gmt":"2025-02-13T09:50:56","slug":"powertwist-500","status":"publish","type":"product","link":"https:\/\/desdropi.com\/elparque\/powertwist-500\/","title":{"rendered":"PowerTwist 500"},"content":{"rendered":"<p>PowerTwist 500. Batidora de Varillas con 500 W de Potencia, 5 Niveles de Velocidad, Funci\u00f3n Turbo, Dise\u00f1o Ergon\u00f3mico, Accesorios: Varillas batidoras, Garfios amasadores y Varilla de Globo<\/p>\n","protected":false},"excerpt":{"rendered":"<p>PowerTwist 500. Batidora de Varillas con 500 W de Potencia, 5 Niveles de Velocidad, Funci\u00f3n Turbo, Dise\u00f1o Ergon\u00f3mico, Accesorios: Varillas<\/p>\n","protected":false},"featured_media":223501,"comment_status":"open","ping_status":"open","template":"","meta":{"_joinchat":[]},"product_cat":[7230],"product_tag":[],"class_list":{"0":"post-223500","1":"product","2":"type-product","3":"status-publish","4":"has-post-thumbnail","6":"product_cat-cecotec","8":"first","9":"outofstock","10":"taxable","11":"shipping-taxable","12":"purchasable","13":"product-type-simple"},"_links":{"self":[{"href":"https:\/\/desdropi.com\/elparque\/wp-json\/wp\/v2\/product\/223500"}],"collection":[{"href":"https:\/\/desdropi.com\/elparque\/wp-json\/wp\/v2\/product"}],"about":[{"href":"https:\/\/desdropi.com\/elparque\/wp-json\/wp\/v2\/types\/product"}],"replies":[{"embeddable":true,"href":"https:\/\/desdropi.com\/elparque\/wp-json\/wp\/v2\/comments?post=223500"}],"version-history":[{"count":1,"href":"https:\/\/desdropi.com\/elparque\/wp-json\/wp\/v2\/product\/223500\/revisions"}],"predecessor-version":[{"id":223639,"href":"https:\/\/desdropi.com\/elparque\/wp-json\/wp\/v2\/product\/223500\/revisions\/223639"}],"wp:featuredmedia":[{"embeddable":true,"href":"https:\/\/desdropi.com\/elparque\/wp-json\/wp\/v2\/media\/223501"}],"wp:attachment":[{"href":"https:\/\/desdropi.com\/elparque\/wp-json\/wp\/v2\/media?parent=223500"}],"wp:term":[{"taxonomy":"product_cat","embeddable":true,"href":"https:\/\/desdropi.com\/elparque\/wp-json\/wp\/v2\/product_cat?post=223500"},{"taxonomy":"product_tag","embeddable":true,"href":"https:\/\/desdropi.com\/elparque\/wp-json\/wp\/v2\/product_tag?post=223500"}],"curies":[{"name":"wp","href":"https:\/\/api.w.org\/{rel}","templated":true}]}}