{"id":223657,"date":"2025-02-13T10:52:26","date_gmt":"2025-02-13T09:52:26","guid":{"rendered":"https:\/\/desdropi.com\/elparque\/bamba-ionicare-5250-easycollect-pro\/"},"modified":"2025-02-13T10:52:26","modified_gmt":"2025-02-13T09:52:26","slug":"bamba-ionicare-5250-easycollect-pro","status":"publish","type":"product","link":"https:\/\/desdropi.com\/elparque\/bamba-ionicare-5250-easycollect-pro\/","title":{"rendered":"Bamba IoniCare 5250 EasyCollect Pro"},"content":{"rendered":"<p>Bamba IoniCare 5250 EasyCollect Pro. Secador de Pelo I\u00f3nico de 2100 W, Funci\u00f3n recogecables autom\u00e1tico, Plegable, Ion Real, Boquilla concentradora y Difusor, 2 Velocidades, Negro<\/p>\n","protected":false},"excerpt":{"rendered":"<p>Bamba IoniCare 5250 EasyCollect Pro. Secador de Pelo I\u00f3nico de 2100 W, Funci\u00f3n recogecables autom\u00e1tico, Plegable, Ion Real, Boquilla concentradora<\/p>\n","protected":false},"featured_media":223658,"comment_status":"open","ping_status":"open","template":"","meta":{"_joinchat":[]},"product_cat":[7230],"product_tag":[],"class_list":{"0":"post-223657","1":"product","2":"type-product","3":"status-publish","4":"has-post-thumbnail","6":"product_cat-cecotec","8":"first","9":"outofstock","10":"taxable","11":"shipping-taxable","12":"purchasable","13":"product-type-simple"},"_links":{"self":[{"href":"https:\/\/desdropi.com\/elparque\/wp-json\/wp\/v2\/product\/223657"}],"collection":[{"href":"https:\/\/desdropi.com\/elparque\/wp-json\/wp\/v2\/product"}],"about":[{"href":"https:\/\/desdropi.com\/elparque\/wp-json\/wp\/v2\/types\/product"}],"replies":[{"embeddable":true,"href":"https:\/\/desdropi.com\/elparque\/wp-json\/wp\/v2\/comments?post=223657"}],"version-history":[{"count":0,"href":"https:\/\/desdropi.com\/elparque\/wp-json\/wp\/v2\/product\/223657\/revisions"}],"wp:featuredmedia":[{"embeddable":true,"href":"https:\/\/desdropi.com\/elparque\/wp-json\/wp\/v2\/media\/223658"}],"wp:attachment":[{"href":"https:\/\/desdropi.com\/elparque\/wp-json\/wp\/v2\/media?parent=223657"}],"wp:term":[{"taxonomy":"product_cat","embeddable":true,"href":"https:\/\/desdropi.com\/elparque\/wp-json\/wp\/v2\/product_cat?post=223657"},{"taxonomy":"product_tag","embeddable":true,"href":"https:\/\/desdropi.com\/elparque\/wp-json\/wp\/v2\/product_tag?post=223657"}],"curies":[{"name":"wp","href":"https:\/\/api.w.org\/{rel}","templated":true}]}}