{"id":223661,"date":"2025-02-13T10:52:26","date_gmt":"2025-02-13T09:52:26","guid":{"rendered":"https:\/\/desdropi.com\/elparque\/surface-precision-ecopower-10200-smart-healthy-white\/"},"modified":"2025-02-13T10:52:36","modified_gmt":"2025-02-13T09:52:36","slug":"surface-precision-ecopower-10200-smart-healthy-white","status":"publish","type":"product","link":"https:\/\/desdropi.com\/elparque\/surface-precision-ecopower-10200-smart-healthy-white\/","title":{"rendered":"Surface Precision EcoPower 10200 Smart Healthy White"},"content":{"rendered":"<p>Surface Precision EcoPower 10200 Smart Healthy. B\u00e1scula de ba\u00f1o Con pulsador, Superficie de vidrio templado de alta seguridad, Sensores de precisi\u00f3n, App<\/p>\n","protected":false},"excerpt":{"rendered":"<p>Surface Precision EcoPower 10200 Smart Healthy. B\u00e1scula de ba\u00f1o Con pulsador, Superficie de vidrio templado de alta seguridad, Sensores de<\/p>\n","protected":false},"featured_media":223662,"comment_status":"open","ping_status":"open","template":"","meta":{"_joinchat":[]},"product_cat":[7230],"product_tag":[],"class_list":{"0":"post-223661","1":"product","2":"type-product","3":"status-publish","4":"has-post-thumbnail","6":"product_cat-cecotec","8":"first","9":"instock","10":"taxable","11":"shipping-taxable","12":"purchasable","13":"product-type-simple"},"_links":{"self":[{"href":"https:\/\/desdropi.com\/elparque\/wp-json\/wp\/v2\/product\/223661"}],"collection":[{"href":"https:\/\/desdropi.com\/elparque\/wp-json\/wp\/v2\/product"}],"about":[{"href":"https:\/\/desdropi.com\/elparque\/wp-json\/wp\/v2\/types\/product"}],"replies":[{"embeddable":true,"href":"https:\/\/desdropi.com\/elparque\/wp-json\/wp\/v2\/comments?post=223661"}],"version-history":[{"count":0,"href":"https:\/\/desdropi.com\/elparque\/wp-json\/wp\/v2\/product\/223661\/revisions"}],"wp:featuredmedia":[{"embeddable":true,"href":"https:\/\/desdropi.com\/elparque\/wp-json\/wp\/v2\/media\/223662"}],"wp:attachment":[{"href":"https:\/\/desdropi.com\/elparque\/wp-json\/wp\/v2\/media?parent=223661"}],"wp:term":[{"taxonomy":"product_cat","embeddable":true,"href":"https:\/\/desdropi.com\/elparque\/wp-json\/wp\/v2\/product_cat?post=223661"},{"taxonomy":"product_tag","embeddable":true,"href":"https:\/\/desdropi.com\/elparque\/wp-json\/wp\/v2\/product_tag?post=223661"}],"curies":[{"name":"wp","href":"https:\/\/api.w.org\/{rel}","templated":true}]}}