{"id":223681,"date":"2025-02-13T10:54:25","date_gmt":"2025-02-13T09:54:25","guid":{"rendered":"https:\/\/desdropi.com\/elparque\/bamba-instantcare-1100-smooth-brush\/"},"modified":"2025-02-13T10:54:25","modified_gmt":"2025-02-13T09:54:25","slug":"bamba-instantcare-1100-smooth-brush","status":"publish","type":"product","link":"https:\/\/desdropi.com\/elparque\/bamba-instantcare-1100-smooth-brush\/","title":{"rendered":"Bamba InstantCare 1100 Smooth Brush"},"content":{"rendered":"<p>Bamba InstantCare 1100 Smooth Brush. Cepillo Alisador El\u00e9ctrico I\u00f3nico con Revestimiento de Cer\u00e1mica y extracto de Aguacate, Temperatura hasta 220\u00baC, 9 Ajustes, Pantalla Digital<\/p>\n","protected":false},"excerpt":{"rendered":"<p>Bamba InstantCare 1100 Smooth Brush. Cepillo Alisador El\u00e9ctrico I\u00f3nico con Revestimiento de Cer\u00e1mica y extracto de Aguacate, Temperatura hasta 220\u00baC,<\/p>\n","protected":false},"featured_media":223682,"comment_status":"open","ping_status":"open","template":"","meta":{"_joinchat":[]},"product_cat":[7230],"product_tag":[],"class_list":{"0":"post-223681","1":"product","2":"type-product","3":"status-publish","4":"has-post-thumbnail","6":"product_cat-cecotec","8":"first","9":"outofstock","10":"taxable","11":"shipping-taxable","12":"purchasable","13":"product-type-simple"},"_links":{"self":[{"href":"https:\/\/desdropi.com\/elparque\/wp-json\/wp\/v2\/product\/223681"}],"collection":[{"href":"https:\/\/desdropi.com\/elparque\/wp-json\/wp\/v2\/product"}],"about":[{"href":"https:\/\/desdropi.com\/elparque\/wp-json\/wp\/v2\/types\/product"}],"replies":[{"embeddable":true,"href":"https:\/\/desdropi.com\/elparque\/wp-json\/wp\/v2\/comments?post=223681"}],"version-history":[{"count":0,"href":"https:\/\/desdropi.com\/elparque\/wp-json\/wp\/v2\/product\/223681\/revisions"}],"wp:featuredmedia":[{"embeddable":true,"href":"https:\/\/desdropi.com\/elparque\/wp-json\/wp\/v2\/media\/223682"}],"wp:attachment":[{"href":"https:\/\/desdropi.com\/elparque\/wp-json\/wp\/v2\/media?parent=223681"}],"wp:term":[{"taxonomy":"product_cat","embeddable":true,"href":"https:\/\/desdropi.com\/elparque\/wp-json\/wp\/v2\/product_cat?post=223681"},{"taxonomy":"product_tag","embeddable":true,"href":"https:\/\/desdropi.com\/elparque\/wp-json\/wp\/v2\/product_tag?post=223681"}],"curies":[{"name":"wp","href":"https:\/\/api.w.org\/{rel}","templated":true}]}}